{"id":40536,"date":"2023-10-16T09:58:43","date_gmt":"2023-10-16T06:58:43","guid":{"rendered":"https:\/\/editura-unibuc.ro\/?post_type=product&#038;p=40536"},"modified":"2025-05-13T11:05:21","modified_gmt":"2025-05-13T08:05:21","slug":"tratat-de-bionica-perspectiva-generala-cu-explicatii-biofizice","status":"publish","type":"product","link":"https:\/\/editura-unibuc.ro\/en\/tratat-de-bionica-perspectiva-generala-cu-explicatii-biofizice\/","title":{"rendered":"TRATAT DE BIONIC\u0102<BR\/> PERSPECTIV\u0102 GENERAL\u0102 CU EXPLICA\u021aII BIOFIZICE"},"content":{"rendered":"","protected":false},"excerpt":{"rendered":"<hr \/>\n<p><strong><a href=\"https:\/\/books.google.ro\/books\/about?id=6dyfEAAAQBAJ&#038;redir_esc=y\" target=\"_blank\" rel=\"noopener\"><img decoding=\"async\" src=\"https:\/\/editura-unibuc.ro\/wp-content\/uploads\/2025\/04\/goo.png\" \/>Google Books<\/a><\/strong><br \/>&nbsp;<br \/>\n<strong>Digital version available on <a href=\"https:\/\/play.google.com\/store\/books\/details?id=_Lb7EAAAQBAJ\" rel=\"noopener\" target=\"_blank\"><img decoding=\"async\" src=\"https:\/\/editura-unibuc.ro\/wp-content\/uploads\/2024\/03\/gp.jpg\">Google Play<\/a><\/p>\n<p><\/strong><\/p>\n<hr \/>\n<p>Bionica este \u0219tiin\u021ba multidisciplinar\u0103 care \u00ee\u0219i propune s\u0103 copieze sau s\u0103 preia, \u00een mod critic, organizarea structural\u0103 \u0219i procesele fiziologice din cadrul sistemelor vii, pentru a le transfera \u00een tehnic\u0103, \u00een vederea realiz\u0103rii de dispozitive \u00eenalt performante, fiabile, economice \u0219i ecologice. Deja acest transfer se realizeaz\u0103 \u0219i spre alte domenii: medicin\u0103, agricultur\u0103, naviga\u021bie, sport, agrement etc. Transferul de la materia vie spre sistemele artificiale este justificat de gradul \u00eenalt de performan\u021b\u0103 atins de fiin\u021bele vii \u00een decursul evolu\u021biei de milioane de ani \u0219i a selec\u021biei naturale a celor mai adecvate structuri \u0219i func\u021bii probate \u00een lupta permanent\u0103 pentru existen\u021b\u0103.<br \/>\nTratatul de fa\u021b\u0103 este o sintez\u0103 bazat\u0103 pe un num\u0103r de peste 500 de lucr\u0103ri \u0219tiin\u021bifice, constituind un e\u0219antion reprezentativ al literaturii mult mai vaste a bionicii \u0219i, prin urmare, imposibil de abordat exhaustiv. Acest tratat este foarte util \u0219i, \u00een acela\u0219i timp, accesibil studen\u021bilor Facult\u0103\u021bilor de Fizic\u0103, \u0219i ai Facult\u0103\u021bilor de Biologie, Chimie, Biotehnologie, Agronomie, Medicin\u0103 Uman\u0103 \u0219i Veterinar\u0103, dar \u0219i unor studen\u021bi de la Universit\u0103\u021bile Politehnice, de Construc\u021bii \u0219i Arhitectur\u0103. El poate fi, \u00eens\u0103, atractiv \u0219i pentru orice cititor curios s\u0103 afle c\u0103 natura vie constituie un tezaur practic inepuizabil de solu\u021bii optimale la problemele ridicate de structura \u0219i func\u021bionarea biosistemelor pentru integrarea lor perfect\u0103 \u00een mediul ambiant mereu schimb\u0103tor. Aceste solu\u021bii naturale constituie modele pentru numeroase sisteme artificiale cu performan\u021be ie\u0219ite din comun, alternative indiscutabil preferate celor realizate cu tehnologiile tradi\u021bionale energofage \u0219i poluante.<\/p>\n","protected":false},"featured_media":40537,"comment_status":"open","ping_status":"closed","template":"","meta":[],"product_brand":[],"product_cat":[1466,988,982,984],"product_tag":[3920,2665],"class_list":{"0":"post-40536","1":"product","2":"type-product","3":"status-publish","4":"has-post-thumbnail","6":"product_cat-stiinte-ale-naturii","7":"product_cat-biologie","8":"product_cat-stiinte-exacte","9":"product_cat-fizica","10":"product_tag-bionica","11":"product_tag-biotehnologie","13":"first","14":"instock","15":"shipping-taxable","16":"product-type-simple"},"_links":{"self":[{"href":"https:\/\/editura-unibuc.ro\/en\/wp-json\/wp\/v2\/product\/40536","targetHints":{"allow":["GET"]}}],"collection":[{"href":"https:\/\/editura-unibuc.ro\/en\/wp-json\/wp\/v2\/product"}],"about":[{"href":"https:\/\/editura-unibuc.ro\/en\/wp-json\/wp\/v2\/types\/product"}],"replies":[{"embeddable":true,"href":"https:\/\/editura-unibuc.ro\/en\/wp-json\/wp\/v2\/comments?post=40536"}],"wp:featuredmedia":[{"embeddable":true,"href":"https:\/\/editura-unibuc.ro\/en\/wp-json\/wp\/v2\/media\/40537"}],"wp:attachment":[{"href":"https:\/\/editura-unibuc.ro\/en\/wp-json\/wp\/v2\/media?parent=40536"}],"wp:term":[{"taxonomy":"product_brand","embeddable":true,"href":"https:\/\/editura-unibuc.ro\/en\/wp-json\/wp\/v2\/product_brand?post=40536"},{"taxonomy":"product_cat","embeddable":true,"href":"https:\/\/editura-unibuc.ro\/en\/wp-json\/wp\/v2\/product_cat?post=40536"},{"taxonomy":"product_tag","embeddable":true,"href":"https:\/\/editura-unibuc.ro\/en\/wp-json\/wp\/v2\/product_tag?post=40536"}],"curies":[{"name":"wp","href":"https:\/\/api.w.org\/{rel}","templated":true}]}}