{"id":4059,"date":"2012-11-19T15:04:36","date_gmt":"2012-11-19T12:04:36","guid":{"rendered":"https:\/\/editura-unibuc.ro\/?p=4059"},"modified":"2015-03-18T20:30:02","modified_gmt":"2015-03-18T18:30:02","slug":"culturism-fitness-ii-indrumar-teoretic-si-practico-metodic-pentru-invatamantul-superior-de-neprofil","status":"publish","type":"product","link":"https:\/\/editura-unibuc.ro\/en\/culturism-fitness-ii-indrumar-teoretic-si-practico-metodic-pentru-invatamantul-superior-de-neprofil\/","title":{"rendered":"BODYBUILDING &#8211; FITNESS II. THEORETICAL AND PRACTICAL-METHODICAL GUIDE (FOR NON-SPORTIVE HIGH EDUCATION)"},"content":{"rendered":"<p>Exerci\u021biile fizice \u0219i mai ales cele cu greut\u0103\u021bi, folosite ca mijloc de dezvoltare fizic\u0103, sunt cunoscute \u00eenc\u0103 \u00eenaintea erei noastre de egipteni, greci, romani \u0219i chinezi.<\/p>\n","protected":false},"excerpt":{"rendered":"<p>Exerci\u021biile fizice \u0219i mai ales cele cu greut\u0103\u021bi, folosite ca mijloc de dezvoltare fizic\u0103, sunt cunoscute \u00eenc\u0103 \u00eenaintea erei noastre de egipteni, greci, romani \u0219i chinezi.<\/p>\n","protected":false},"featured_media":9102,"comment_status":"open","ping_status":"closed","template":"","meta":[],"product_brand":[],"product_cat":[993,991],"product_tag":[1305,1306,1269],"class_list":{"0":"post-4059","1":"product","2":"type-product","3":"status-publish","4":"has-post-thumbnail","6":"product_cat-educatie-fizica-si-sport","7":"product_cat-stiinte-sociale","8":"product_tag-culturism","9":"product_tag-fitness","10":"product_tag-sport","12":"first","13":"instock","14":"shipping-taxable","15":"purchasable","16":"product-type-simple"},"_links":{"self":[{"href":"https:\/\/editura-unibuc.ro\/en\/wp-json\/wp\/v2\/product\/4059","targetHints":{"allow":["GET"]}}],"collection":[{"href":"https:\/\/editura-unibuc.ro\/en\/wp-json\/wp\/v2\/product"}],"about":[{"href":"https:\/\/editura-unibuc.ro\/en\/wp-json\/wp\/v2\/types\/product"}],"replies":[{"embeddable":true,"href":"https:\/\/editura-unibuc.ro\/en\/wp-json\/wp\/v2\/comments?post=4059"}],"wp:featuredmedia":[{"embeddable":true,"href":"https:\/\/editura-unibuc.ro\/en\/wp-json\/wp\/v2\/media\/9102"}],"wp:attachment":[{"href":"https:\/\/editura-unibuc.ro\/en\/wp-json\/wp\/v2\/media?parent=4059"}],"wp:term":[{"taxonomy":"product_brand","embeddable":true,"href":"https:\/\/editura-unibuc.ro\/en\/wp-json\/wp\/v2\/product_brand?post=4059"},{"taxonomy":"product_cat","embeddable":true,"href":"https:\/\/editura-unibuc.ro\/en\/wp-json\/wp\/v2\/product_cat?post=4059"},{"taxonomy":"product_tag","embeddable":true,"href":"https:\/\/editura-unibuc.ro\/en\/wp-json\/wp\/v2\/product_tag?post=4059"}],"curies":[{"name":"wp","href":"https:\/\/api.w.org\/{rel}","templated":true}]}}