{"id":40614,"date":"2023-10-18T13:46:05","date_gmt":"2023-10-18T10:46:05","guid":{"rendered":"https:\/\/editura-unibuc.ro\/?post_type=product&#038;p=40614"},"modified":"2025-05-12T09:55:32","modified_gmt":"2025-05-12T06:55:32","slug":"paradigms-of-pilgrimage-from-devotional-journey-to-religious-tourismparadigmes-du-pelerinage-du-voyage-devotionnel-au-tourisme-religieux","status":"publish","type":"product","link":"https:\/\/editura-unibuc.ro\/en\/paradigms-of-pilgrimage-from-devotional-journey-to-religious-tourismparadigmes-du-pelerinage-du-voyage-devotionnel-au-tourisme-religieux\/","title":{"rendered":"PARADIGMS OF PILGRIMAGE: FROM DEVOTIONAL JOURNEY TO (RELIGIOUS) TOURISM<BR\/>PARADIGMES DU P\u00c8LERINAGE DU VOYAGE D\u00c9VOTIONNEL AU TOURISME (RELIGIEUX)"},"content":{"rendered":"","protected":false},"excerpt":{"rendered":"<hr \/>\n<p><strong><a href=\"https:\/\/books.google.ro\/books\/about?id=4HzjEAAAQBAJ&#038;redir_esc=y\" target=\"_blank\" rel=\"noopener\"><img decoding=\"async\" src=\"https:\/\/editura-unibuc.ro\/wp-content\/uploads\/2025\/04\/goo.png\" \/>Google Books<\/a><\/strong><br \/>&nbsp;<\/p>\n<hr \/>\n<p>The volume Paradigms of Pilgrimage: From Devotional Journey to (Religious) Tourism endeavours to present some insights into the multi-layered significance of pilgrimage, starting from a theoretical approach and then addressing specific situations. The first two parts deal chronologically with instances of traditional images of pilgrimage and the last two parts move towards analysing modern and post-modern examples of journeys with a spiritual purpose. Each chapter is independent and provides an original rendering of the concept of pilgrimage. The authors use various approaches to discuss the notion of pilgrimage and the images interconnect creating an irregular, but harmonious mosaic.<\/p>\n<p>Le volume Paradigmes du p\u00e8lerinage : du voyage d\u00e9votionnel au tourisme (religieux) vise \u00e0 pr\u00e9senter les diff\u00e9rentes facettes du p\u00e8lerinage, en partant d&#8217;une approche th\u00e9orique et en proposant ensuite des situations sp\u00e9cifiques. Les deux premi\u00e8res parties examinent, chronologiquement, les exemples d&#8217;images traditionnelles de p\u00e8lerinage tandis que les deux derni\u00e8res parties s&#8217;orientent vers l&#8217;analyse d&#8217;exemples modernes et post-modernes des voyages \u00e0 travers la spiritualit\u00e9. Chaque chapitre est ind\u00e9pendant et montre une interpr\u00e9tation originale de la notion de p\u00e8lerinage. Les auteurs utilisent diverses approches pour discuter de la notion de p\u00e8lerinage et les images s&#8217;interconnectent en cr\u00e9ant une mosa\u00efque irr\u00e9guli\u00e8re, mais harmonieuse.<\/p>\n","protected":false},"featured_media":41329,"comment_status":"open","ping_status":"closed","template":"","meta":[],"product_brand":[],"product_cat":[976,977],"product_tag":[926,877,1283,1021],"class_list":{"0":"post-40614","1":"product","2":"type-product","3":"status-publish","4":"has-post-thumbnail","6":"product_cat-limba-engleza","7":"product_cat-limba-franceza","8":"product_tag-engleza","9":"product_tag-franceza","10":"product_tag-studii-culturale","11":"product_tag-teologie","13":"first","14":"instock","15":"shipping-taxable","16":"purchasable","17":"product-type-simple"},"_links":{"self":[{"href":"https:\/\/editura-unibuc.ro\/en\/wp-json\/wp\/v2\/product\/40614","targetHints":{"allow":["GET"]}}],"collection":[{"href":"https:\/\/editura-unibuc.ro\/en\/wp-json\/wp\/v2\/product"}],"about":[{"href":"https:\/\/editura-unibuc.ro\/en\/wp-json\/wp\/v2\/types\/product"}],"replies":[{"embeddable":true,"href":"https:\/\/editura-unibuc.ro\/en\/wp-json\/wp\/v2\/comments?post=40614"}],"wp:featuredmedia":[{"embeddable":true,"href":"https:\/\/editura-unibuc.ro\/en\/wp-json\/wp\/v2\/media\/41329"}],"wp:attachment":[{"href":"https:\/\/editura-unibuc.ro\/en\/wp-json\/wp\/v2\/media?parent=40614"}],"wp:term":[{"taxonomy":"product_brand","embeddable":true,"href":"https:\/\/editura-unibuc.ro\/en\/wp-json\/wp\/v2\/product_brand?post=40614"},{"taxonomy":"product_cat","embeddable":true,"href":"https:\/\/editura-unibuc.ro\/en\/wp-json\/wp\/v2\/product_cat?post=40614"},{"taxonomy":"product_tag","embeddable":true,"href":"https:\/\/editura-unibuc.ro\/en\/wp-json\/wp\/v2\/product_tag?post=40614"}],"curies":[{"name":"wp","href":"https:\/\/api.w.org\/{rel}","templated":true}]}}