{"id":4068,"date":"2012-11-19T15:23:50","date_gmt":"2012-11-19T13:23:50","guid":{"rendered":"https:\/\/editura-unibuc.ro\/?p=4068"},"modified":"2024-04-12T10:46:39","modified_gmt":"2024-04-12T07:46:39","slug":"metodica-educatiei-fizice-ii-educatie-psihomotrica","status":"publish","type":"product","link":"https:\/\/editura-unibuc.ro\/en\/metodica-educatiei-fizice-ii-educatie-psihomotrica\/","title":{"rendered":"PHYSICAL TRAINING METHODOLOGY II. PSYCHOMOTOR TRAINING"},"content":{"rendered":"<p>\u201eLucrarea [&#8230;] contureaz\u0103 o binevenit\u0103 \u0219i semnificativ\u0103 contribu\u021bie personal\u0103 a domnului lector univ. dr. <strong>Remus Dumitrescu <\/strong>la perfec\u021bionarea sistemului de preg\u0103tire a profesorilor, \u00eenv\u0103\u021b\u0103torilor, educatoarelor, institutorilor din \u00eenv\u0103\u021b\u0103m\u00e2ntul preuniversitar, care vor g\u0103si unele r\u0103spunsuri cu privire la originile, evolu\u021bia \u0219i locul educa\u021biei fizice \u00een ansamblul s\u0103u, c\u00e2t \u0219i implica\u021biile sociale \u0219i educa\u021bionale pe care le are (&#8230;).<\/p>\n<p>Se face o trecere \u00een revist\u0103 a formelor design-ului instruirii \u0219i gestiunii resurselor materiale de care depinde reu\u0219ita \u00eenv\u0103\u021b\u0103rii motrice \u0219i problematica activit\u0103\u021bii ludice a copiilor, a valorific\u0103rii poten\u021bialit\u0103\u021bilor educative pe care le ofer\u0103 jocurile de mi\u0219care.\u201d (Prof. univ. dr. Ioan Cerghit)<\/p>\n","protected":false},"excerpt":{"rendered":"<p>\u201eLucrarea [&#8230;] contureaz\u0103 o binevenit\u0103 \u0219i semnificativ\u0103 contribu\u021bie personal\u0103 a domnului lector univ. dr. Remus Dumitrescu la perfec\u021bionarea sistemului de preg\u0103tire a profesorilor, \u00eenv\u0103\u021b\u0103torilor, educatoarelor, institutorilor din \u00eenv\u0103\u021b\u0103m\u00e2ntul preuniversitar, care vor g\u0103si unele r\u0103spunsuri cu privire la originile, evolu\u021bia \u0219i locul educa\u021biei fizice \u00een ansamblul s\u0103u, c\u00e2t \u0219i implica\u021biile sociale \u0219i educa\u021bionale pe care le [&hellip;]<\/p>\n","protected":false},"featured_media":9099,"comment_status":"open","ping_status":"closed","template":"","meta":[],"product_brand":[],"product_cat":[993,991],"product_tag":[1166,1269],"class_list":{"0":"post-4068","1":"product","2":"type-product","3":"status-publish","4":"has-post-thumbnail","6":"product_cat-educatie-fizica-si-sport","7":"product_cat-stiinte-sociale","8":"product_tag-educatie-fizica","9":"product_tag-sport","11":"first","12":"instock","13":"shipping-taxable","14":"purchasable","15":"product-type-simple"},"_links":{"self":[{"href":"https:\/\/editura-unibuc.ro\/en\/wp-json\/wp\/v2\/product\/4068","targetHints":{"allow":["GET"]}}],"collection":[{"href":"https:\/\/editura-unibuc.ro\/en\/wp-json\/wp\/v2\/product"}],"about":[{"href":"https:\/\/editura-unibuc.ro\/en\/wp-json\/wp\/v2\/types\/product"}],"replies":[{"embeddable":true,"href":"https:\/\/editura-unibuc.ro\/en\/wp-json\/wp\/v2\/comments?post=4068"}],"wp:featuredmedia":[{"embeddable":true,"href":"https:\/\/editura-unibuc.ro\/en\/wp-json\/wp\/v2\/media\/9099"}],"wp:attachment":[{"href":"https:\/\/editura-unibuc.ro\/en\/wp-json\/wp\/v2\/media?parent=4068"}],"wp:term":[{"taxonomy":"product_brand","embeddable":true,"href":"https:\/\/editura-unibuc.ro\/en\/wp-json\/wp\/v2\/product_brand?post=4068"},{"taxonomy":"product_cat","embeddable":true,"href":"https:\/\/editura-unibuc.ro\/en\/wp-json\/wp\/v2\/product_cat?post=4068"},{"taxonomy":"product_tag","embeddable":true,"href":"https:\/\/editura-unibuc.ro\/en\/wp-json\/wp\/v2\/product_tag?post=4068"}],"curies":[{"name":"wp","href":"https:\/\/api.w.org\/{rel}","templated":true}]}}