{"id":4072,"date":"2012-11-20T09:42:10","date_gmt":"2012-11-20T06:42:10","guid":{"rendered":"https:\/\/editura-unibuc.ro\/?p=4072"},"modified":"2025-08-06T12:03:24","modified_gmt":"2025-08-06T09:03:24","slug":"educatia-azi-anul-i-nr-12008","status":"publish","type":"product","link":"https:\/\/editura-unibuc.ro\/en\/educatia-azi-anul-i-nr-12008\/","title":{"rendered":"EDUCATION TODAY. YEAR I, NR. 1\/2008"},"content":{"rendered":"<p>Revist\u0103 editat\u0103 de Departamentul pentru Preg\u0103tirea Personalului Didactic, Facultatea de Psihologie \u0219i \u0218tiin\u021bele Educa\u021biei, Universitatea din Bucure\u0219ti \u0219i Centrul de Cercetare pentru Comunicarea Pedagogic\u0103 (CCCP), Universitatea din Bucure\u0219ti. Num\u0103r special cu lucr\u0103rile Conferin\u021bei Na\u021bionale \u201eEduca\u021bia Azi\u201d, 30 mai 2008, Bucure\u0219ti.<\/p>\n","protected":false},"excerpt":{"rendered":"<p>Revist\u0103 editat\u0103 de Departamentul pentru Preg\u0103tirea Personalului Didactic, Facultatea de Psihologie \u0219i \u0218tiin\u021bele Educa\u021biei, Universitatea din Bucure\u0219ti \u0219i Centrul de Cercetare pentru Comunicarea Pedagogic\u0103 (CCCP), Universitatea din Bucure\u0219ti. Num\u0103r special cu lucr\u0103rile Conferin\u021bei Na\u021bionale \u201eEduca\u021bia Azi\u201d, 30 mai 2008, Bucure\u0219ti.<\/p>\n","protected":false},"featured_media":9094,"comment_status":"open","ping_status":"closed","template":"","meta":[],"product_brand":[],"product_cat":[1469,1893,991,997],"product_tag":[1170,1111],"class_list":{"0":"post-4072","1":"product","2":"type-product","3":"status-publish","4":"has-post-thumbnail","6":"product_cat-periodice","7":"product_cat-reviste-academice","8":"product_cat-stiinte-sociale","9":"product_cat-psihologie-stiintele-educatiei-si-pedagogie","10":"product_tag-educatie","11":"product_tag-psihologie","13":"first","14":"outofstock","15":"shipping-taxable","16":"purchasable","17":"product-type-simple"},"_links":{"self":[{"href":"https:\/\/editura-unibuc.ro\/en\/wp-json\/wp\/v2\/product\/4072","targetHints":{"allow":["GET"]}}],"collection":[{"href":"https:\/\/editura-unibuc.ro\/en\/wp-json\/wp\/v2\/product"}],"about":[{"href":"https:\/\/editura-unibuc.ro\/en\/wp-json\/wp\/v2\/types\/product"}],"replies":[{"embeddable":true,"href":"https:\/\/editura-unibuc.ro\/en\/wp-json\/wp\/v2\/comments?post=4072"}],"wp:featuredmedia":[{"embeddable":true,"href":"https:\/\/editura-unibuc.ro\/en\/wp-json\/wp\/v2\/media\/9094"}],"wp:attachment":[{"href":"https:\/\/editura-unibuc.ro\/en\/wp-json\/wp\/v2\/media?parent=4072"}],"wp:term":[{"taxonomy":"product_brand","embeddable":true,"href":"https:\/\/editura-unibuc.ro\/en\/wp-json\/wp\/v2\/product_brand?post=4072"},{"taxonomy":"product_cat","embeddable":true,"href":"https:\/\/editura-unibuc.ro\/en\/wp-json\/wp\/v2\/product_cat?post=4072"},{"taxonomy":"product_tag","embeddable":true,"href":"https:\/\/editura-unibuc.ro\/en\/wp-json\/wp\/v2\/product_tag?post=4072"}],"curies":[{"name":"wp","href":"https:\/\/api.w.org\/{rel}","templated":true}]}}