{"id":4076,"date":"2012-11-20T09:52:06","date_gmt":"2012-11-20T06:52:06","guid":{"rendered":"https:\/\/editura-unibuc.ro\/?p=4076"},"modified":"2022-11-14T12:09:34","modified_gmt":"2022-11-14T10:09:34","slug":"dependenta-si-drog-aspecte-teoretice-si-clinic-ameliorative","status":"publish","type":"product","link":"https:\/\/editura-unibuc.ro\/en\/dependenta-si-drog-aspecte-teoretice-si-clinic-ameliorative\/","title":{"rendered":"ADDICTION AND DRUG. THEORETICAL AND CLINICAL IMPROVEMENT ASPECTS"},"content":{"rendered":"<p>Ruxandra R\u0103\u0219canu a absolvit Facultatea de Psihologie \u00een anul 1970, din 1971 este cadru didactic, iar \u00een 1980 a ob\u021binut doctoratul \u00een psihologie. Din anul 2000 este profesor universitar la Facultatea de Psihologie \u0219i \u0218tiin\u021bele Educa\u021biei, Departamentul Psihologie.<\/p>\n<p>Din c\u0103r\u021bile autoarei: Psihologia comportamentului deviant (1994); Psihologie medical\u0103 \u0219i asisten\u021b\u0103 social\u0103 (1996); Neuropsihologia devian\u021bei la adolescen\u021bi \u0219i tineri (1999); Metode \u0219i tehnici de asisten\u021b\u0103 social\u0103 (2001); Introducere \u00een psihodiagnoz\u0103 clinic\u0103, partea I \u0219i II (2003, 2006); Psihologie aplicat\u0103 (2007); Coautor la Psihologia vie\u021bii cotidiene (1997) \u0219i Psihologia la r\u0103sp\u00e2ntia mileniilor (2001), sub redac\u021bia M. Zlate.<\/p>\n<p>Recunoa\u0219teri interna\u021bionale: \u00cen 1999, National Biographical Institute (NBI) \u00eei confer\u0103 titlul de \u201cThe Woman of the Year\u201d, iar \u00een 2003 este inclus\u0103 de American Biographical Institute \u00eentre personalit\u0103\u021bile recunoscute \u00een societatea contemporan\u0103 prin nominalizarea la The Contemporary Who\u2019s Who (ABI).<\/p>\n<p>Dup\u0103 un deceniu de eforturi de documentare \u0219i de interven\u021bii al\u0103turi de numero\u0219i speciali\u0219ti, autoarea a acumulat experien\u021b\u0103 \u0219i modele de conduit\u0103 specific\u0103 pentru domeniul delicat al drogurilor. Aceast\u0103 zon\u0103 sensibil\u0103 a existen\u021bei umane solicit\u0103 informare \u201ela zi\u201d, deschideri la complicatele meandre ale sufletului uman, empatie fa\u021b\u0103 de subiec\u021bi \u0219i familiile lor, dar mai ales colaborarea \u00een ECHIP\u0102.<\/p>\n","protected":false},"excerpt":{"rendered":"<p>Ruxandra R\u0103\u0219canu a absolvit Facultatea de Psihologie \u00een anul 1970, din 1971 este cadru didactic, iar \u00een 1980 a ob\u021binut doctoratul \u00een psihologie. Din anul 2000 este profesor universitar la Facultatea de Psihologie \u0219i \u0218tiin\u021bele Educa\u021biei, Departamentul Psihologie. Din c\u0103r\u021bile autoarei: Psihologia comportamentului deviant (1994); Psihologie medical\u0103 \u0219i asisten\u021b\u0103 social\u0103 (1996); Neuropsihologia devian\u021bei la adolescen\u021bi [&hellip;]<\/p>\n","protected":false},"featured_media":9091,"comment_status":"open","ping_status":"closed","template":"","meta":[],"product_brand":[],"product_cat":[991,997],"product_tag":[1111],"class_list":{"0":"post-4076","1":"product","2":"type-product","3":"status-publish","4":"has-post-thumbnail","6":"product_cat-stiinte-sociale","7":"product_cat-psihologie-stiintele-educatiei-si-pedagogie","8":"product_tag-psihologie","10":"first","11":"outofstock","12":"shipping-taxable","13":"purchasable","14":"product-type-simple"},"_links":{"self":[{"href":"https:\/\/editura-unibuc.ro\/en\/wp-json\/wp\/v2\/product\/4076","targetHints":{"allow":["GET"]}}],"collection":[{"href":"https:\/\/editura-unibuc.ro\/en\/wp-json\/wp\/v2\/product"}],"about":[{"href":"https:\/\/editura-unibuc.ro\/en\/wp-json\/wp\/v2\/types\/product"}],"replies":[{"embeddable":true,"href":"https:\/\/editura-unibuc.ro\/en\/wp-json\/wp\/v2\/comments?post=4076"}],"wp:featuredmedia":[{"embeddable":true,"href":"https:\/\/editura-unibuc.ro\/en\/wp-json\/wp\/v2\/media\/9091"}],"wp:attachment":[{"href":"https:\/\/editura-unibuc.ro\/en\/wp-json\/wp\/v2\/media?parent=4076"}],"wp:term":[{"taxonomy":"product_brand","embeddable":true,"href":"https:\/\/editura-unibuc.ro\/en\/wp-json\/wp\/v2\/product_brand?post=4076"},{"taxonomy":"product_cat","embeddable":true,"href":"https:\/\/editura-unibuc.ro\/en\/wp-json\/wp\/v2\/product_cat?post=4076"},{"taxonomy":"product_tag","embeddable":true,"href":"https:\/\/editura-unibuc.ro\/en\/wp-json\/wp\/v2\/product_tag?post=4076"}],"curies":[{"name":"wp","href":"https:\/\/api.w.org\/{rel}","templated":true}]}}