{"id":4085,"date":"2012-11-20T10:14:27","date_gmt":"2012-11-20T07:14:27","guid":{"rendered":"https:\/\/editura-unibuc.ro\/?p=4085"},"modified":"2017-07-13T12:27:59","modified_gmt":"2017-07-13T09:27:59","slug":"motivarea-pentru-cariera-didactica","status":"publish","type":"product","link":"https:\/\/editura-unibuc.ro\/en\/motivarea-pentru-cariera-didactica\/","title":{"rendered":"MOTIVATION FOR TEACHING CAREER"},"content":{"rendered":"<p>Autorii, am\u00e2ndoi doctori \u00een psihologie \u0219i profesori de specialitate la Universitatea Bucure\u0219ti, anun\u021b\u0103 c\u0103 prezentul studiu face parte din proiectul \u201eMotivarea pentru carier\u0103 didactic\u0103 \u2013 Centru universitar de Orientare Profesional\u0103 pentru Cariera Didcatic\u0103 \u0219i de Management al Carierei Didactice\u201d. Volumul, redactat \u00een limbile rom\u00e2n\u0103 \u0219i englez\u0103, ofer\u0103 celor interesa\u021bi, pe l\u00e2ng\u0103 no\u021biunile teoretice privind motiva\u021bia pentru carier\u0103 \u0219i tipurile de motiva\u021bii, un ghid practic cu justific\u0103ri \u0219i argumenta\u021bii pentru cariera didactic\u0103.<\/p>\n","protected":false},"excerpt":{"rendered":"<p>Autorii, am\u00e2ndoi doctori \u00een psihologie \u0219i profesori de specialitate la Universitatea Bucure\u0219ti, anun\u021b\u0103 c\u0103 prezentul studiu face parte din proiectul \u201eMotivarea pentru carier\u0103 didactic\u0103 \u2013 Centru universitar de Orientare Profesional\u0103 pentru Cariera Didcatic\u0103 \u0219i de Management al Carierei Didactice\u201d. Volumul, redactat \u00een limbile rom\u00e2n\u0103 \u0219i englez\u0103, ofer\u0103 celor interesa\u021bi, pe l\u00e2ng\u0103 no\u021biunile teoretice privind motiva\u021bia [&hellip;]<\/p>\n","protected":false},"featured_media":9085,"comment_status":"open","ping_status":"closed","template":"","meta":[],"product_brand":[],"product_cat":[991,997],"product_tag":[1170,1304,1111],"class_list":{"0":"post-4085","1":"product","2":"type-product","3":"status-publish","4":"has-post-thumbnail","6":"product_cat-stiinte-sociale","7":"product_cat-psihologie-stiintele-educatiei-si-pedagogie","8":"product_tag-educatie","9":"product_tag-invatamant","10":"product_tag-psihologie","12":"first","13":"outofstock","14":"shipping-taxable","15":"purchasable","16":"product-type-simple"},"_links":{"self":[{"href":"https:\/\/editura-unibuc.ro\/en\/wp-json\/wp\/v2\/product\/4085","targetHints":{"allow":["GET"]}}],"collection":[{"href":"https:\/\/editura-unibuc.ro\/en\/wp-json\/wp\/v2\/product"}],"about":[{"href":"https:\/\/editura-unibuc.ro\/en\/wp-json\/wp\/v2\/types\/product"}],"replies":[{"embeddable":true,"href":"https:\/\/editura-unibuc.ro\/en\/wp-json\/wp\/v2\/comments?post=4085"}],"wp:featuredmedia":[{"embeddable":true,"href":"https:\/\/editura-unibuc.ro\/en\/wp-json\/wp\/v2\/media\/9085"}],"wp:attachment":[{"href":"https:\/\/editura-unibuc.ro\/en\/wp-json\/wp\/v2\/media?parent=4085"}],"wp:term":[{"taxonomy":"product_brand","embeddable":true,"href":"https:\/\/editura-unibuc.ro\/en\/wp-json\/wp\/v2\/product_brand?post=4085"},{"taxonomy":"product_cat","embeddable":true,"href":"https:\/\/editura-unibuc.ro\/en\/wp-json\/wp\/v2\/product_cat?post=4085"},{"taxonomy":"product_tag","embeddable":true,"href":"https:\/\/editura-unibuc.ro\/en\/wp-json\/wp\/v2\/product_tag?post=4085"}],"curies":[{"name":"wp","href":"https:\/\/api.w.org\/{rel}","templated":true}]}}