{"id":4090,"date":"2012-11-20T10:24:00","date_gmt":"2012-11-20T07:24:00","guid":{"rendered":"https:\/\/editura-unibuc.ro\/?p=4090"},"modified":"2025-08-07T09:30:19","modified_gmt":"2025-08-07T06:30:19","slug":"metodologia-studiilor-de-securitate","status":"publish","type":"product","link":"https:\/\/editura-unibuc.ro\/en\/metodologia-studiilor-de-securitate\/","title":{"rendered":"METHODOLOGY OF SECURITY STUDIES"},"content":{"rendered":"<p>Volumul profesorului \u0219i analistului Darie Cristea familiarizeaz\u0103 cititorii cu specificul studiilor de securitate, cu tipologiz\u0103rile \u0219i falsicabilitatea teoriilor, cu \u201esocializarea\u201d rela\u021biilor interna\u021bionale. Autorul face o prezentare detaliat\u0103 a \u201e\u0219colilor\u201d danez\u0103 \u0219i englez\u0103 de interpretare a securit\u0103\u021bii, care au subcombat odat\u0103 cu sf\u00e2r\u0219itul r\u0103zboiului rece, \u0219i rezerv\u0103 un capitol special nivelului regional de analiz\u0103 a securit\u0103\u021bii din Balcani, securitate care continu\u0103 s\u0103 fie o problem\u0103 f\u0103r\u0103 solu\u021bie sau o problem\u0103 prost formulat\u0103.<\/p>\n","protected":false},"excerpt":{"rendered":"<p>Volumul profesorului \u0219i analistului Darie Cristea familiarizeaz\u0103 cititorii cu specificul studiilor de securitate, cu tipologiz\u0103rile \u0219i falsicabilitatea teoriilor, cu \u201esocializarea\u201d rela\u021biilor interna\u021bionale. Autorul face o prezentare detaliat\u0103 a \u201e\u0219colilor\u201d danez\u0103 \u0219i englez\u0103 de interpretare a securit\u0103\u021bii, care au subcombat odat\u0103 cu sf\u00e2r\u0219itul r\u0103zboiului rece, \u0219i rezerv\u0103 un capitol special nivelului regional de analiz\u0103 a securit\u0103\u021bii [&hellip;]<\/p>\n","protected":false},"featured_media":9082,"comment_status":"open","ping_status":"closed","template":"","meta":[],"product_brand":[],"product_cat":[991,998],"product_tag":[1277,1303,1039],"class_list":{"0":"post-4090","1":"product","2":"type-product","3":"status-publish","4":"has-post-thumbnail","6":"product_cat-stiinte-sociale","7":"product_cat-sociologie-si-asistenta-sociala","8":"product_tag-relatii-internationale","9":"product_tag-securitate","10":"product_tag-sociologie","12":"first","13":"instock","14":"shipping-taxable","15":"purchasable","16":"product-type-simple"},"_links":{"self":[{"href":"https:\/\/editura-unibuc.ro\/en\/wp-json\/wp\/v2\/product\/4090","targetHints":{"allow":["GET"]}}],"collection":[{"href":"https:\/\/editura-unibuc.ro\/en\/wp-json\/wp\/v2\/product"}],"about":[{"href":"https:\/\/editura-unibuc.ro\/en\/wp-json\/wp\/v2\/types\/product"}],"replies":[{"embeddable":true,"href":"https:\/\/editura-unibuc.ro\/en\/wp-json\/wp\/v2\/comments?post=4090"}],"wp:featuredmedia":[{"embeddable":true,"href":"https:\/\/editura-unibuc.ro\/en\/wp-json\/wp\/v2\/media\/9082"}],"wp:attachment":[{"href":"https:\/\/editura-unibuc.ro\/en\/wp-json\/wp\/v2\/media?parent=4090"}],"wp:term":[{"taxonomy":"product_brand","embeddable":true,"href":"https:\/\/editura-unibuc.ro\/en\/wp-json\/wp\/v2\/product_brand?post=4090"},{"taxonomy":"product_cat","embeddable":true,"href":"https:\/\/editura-unibuc.ro\/en\/wp-json\/wp\/v2\/product_cat?post=4090"},{"taxonomy":"product_tag","embeddable":true,"href":"https:\/\/editura-unibuc.ro\/en\/wp-json\/wp\/v2\/product_tag?post=4090"}],"curies":[{"name":"wp","href":"https:\/\/api.w.org\/{rel}","templated":true}]}}