{"id":4096,"date":"2012-11-20T11:40:57","date_gmt":"2012-11-20T08:40:57","guid":{"rendered":"https:\/\/editura-unibuc.ro\/?p=4096"},"modified":"2025-08-06T14:37:30","modified_gmt":"2025-08-06T11:37:30","slug":"limbaj-si-comunicare-in-societate","status":"publish","type":"product","link":"https:\/\/editura-unibuc.ro\/en\/limbaj-si-comunicare-in-societate\/","title":{"rendered":"LANGUAGE AND COMMUNICATON IN SOCIETY"},"content":{"rendered":"<p>Volumul recent ap\u0103rut este un studiu interdisciplinar, la grani\u021ba dintre filologie, sociologie, antropologie \u0219i semiotic\u0103. Autoarea Mirela Boteanu analizeaz\u0103 conceptele \u0219i elementele care stau la baza definirii culturii \u0219i rela\u021biile care se pot stabili \u00eentre diferitele culturi \u00een procesul interculturalit\u0103\u021bii, \u00een epoca modern\u0103 a informatiz\u0103rii \u0219i globaliz\u0103rii, pun\u00e2nd accent pe problemele pe care le ridic\u0103 traducerea textelor, \u00een mod special traducrea termenilor de specialtate din sociologie. Cercetarea a beneficiat de analizele din studiile clasice ale lui Max Weber \u0219i E. Durkheim.<\/p>\n","protected":false},"excerpt":{"rendered":"<p>Volumul recent ap\u0103rut este un studiu interdisciplinar, la grani\u021ba dintre filologie, sociologie, antropologie \u0219i semiotic\u0103. Autoarea Mirela Boteanu analizeaz\u0103 conceptele \u0219i elementele care stau la baza definirii culturii \u0219i rela\u021biile care se pot stabili \u00eentre diferitele culturi \u00een procesul interculturalit\u0103\u021bii, \u00een epoca modern\u0103 a informatiz\u0103rii \u0219i globaliz\u0103rii, pun\u00e2nd accent pe problemele pe care le ridic\u0103 [&hellip;]<\/p>\n","protected":false},"featured_media":9077,"comment_status":"open","ping_status":"closed","template":"","meta":[],"product_brand":[],"product_cat":[991,998],"product_tag":[1202,1039],"class_list":{"0":"post-4096","1":"product","2":"type-product","3":"status-publish","4":"has-post-thumbnail","6":"product_cat-stiinte-sociale","7":"product_cat-sociologie-si-asistenta-sociala","8":"product_tag-comunicare","9":"product_tag-sociologie","11":"first","12":"outofstock","13":"shipping-taxable","14":"purchasable","15":"product-type-simple"},"_links":{"self":[{"href":"https:\/\/editura-unibuc.ro\/en\/wp-json\/wp\/v2\/product\/4096","targetHints":{"allow":["GET"]}}],"collection":[{"href":"https:\/\/editura-unibuc.ro\/en\/wp-json\/wp\/v2\/product"}],"about":[{"href":"https:\/\/editura-unibuc.ro\/en\/wp-json\/wp\/v2\/types\/product"}],"replies":[{"embeddable":true,"href":"https:\/\/editura-unibuc.ro\/en\/wp-json\/wp\/v2\/comments?post=4096"}],"wp:featuredmedia":[{"embeddable":true,"href":"https:\/\/editura-unibuc.ro\/en\/wp-json\/wp\/v2\/media\/9077"}],"wp:attachment":[{"href":"https:\/\/editura-unibuc.ro\/en\/wp-json\/wp\/v2\/media?parent=4096"}],"wp:term":[{"taxonomy":"product_brand","embeddable":true,"href":"https:\/\/editura-unibuc.ro\/en\/wp-json\/wp\/v2\/product_brand?post=4096"},{"taxonomy":"product_cat","embeddable":true,"href":"https:\/\/editura-unibuc.ro\/en\/wp-json\/wp\/v2\/product_cat?post=4096"},{"taxonomy":"product_tag","embeddable":true,"href":"https:\/\/editura-unibuc.ro\/en\/wp-json\/wp\/v2\/product_tag?post=4096"}],"curies":[{"name":"wp","href":"https:\/\/api.w.org\/{rel}","templated":true}]}}