{"id":4100,"date":"2012-11-20T11:45:26","date_gmt":"2012-11-20T08:45:26","guid":{"rendered":"https:\/\/editura-unibuc.ro\/?p=4100"},"modified":"2019-09-10T14:17:02","modified_gmt":"2019-09-10T11:17:02","slug":"comportament-organizational-aplicat-aspecte-de-psihologie-manageriala","status":"publish","type":"product","link":"https:\/\/editura-unibuc.ro\/en\/comportament-organizational-aplicat-aspecte-de-psihologie-manageriala\/","title":{"rendered":"PRACTICAL ORGANIZATIONAL BEHAVIOUR. ASPECTS OF MANAGERIAL PSYCHOLOGY"},"content":{"rendered":"<p>\u00cen cultura fiec\u0103rei organiza\u021bii, valorile, standardele, normele se \u00eembin\u0103 diferit, concretiz\u00e2ndu-se \u00een manifest\u0103ri specifice. Cultura managerial\u0103, afirm\u00e2ndu-se \u00een leg\u0103tur\u0103 cu aceast\u0103 cultur\u0103 organiza\u021bional\u0103, are \u0219i ea manifest\u0103ri specifice, individualiz\u00e2ndu-se un anumit stil de conducere, de rela\u021bii de munc\u0103 \u0219i disciplin\u0103, de motivare \u0219i, nu \u00een ultimul r\u00e2nd, de comunicare. Organiza\u021biile sugereaz\u0103, direct sau indirect, un stil de comportament, comunicare, pe care managerii, trec\u00e2ndu-le prin filtrul personalit\u0103\u021bii lor, \u00eel vor pune \u00een practic\u0103.<\/p>\n","protected":false},"excerpt":{"rendered":"<p>\u00cen cultura fiec\u0103rei organiza\u021bii, valorile, standardele, normele se \u00eembin\u0103 diferit, concretiz\u00e2ndu-se \u00een manifest\u0103ri specifice. Cultura managerial\u0103, afirm\u00e2ndu-se \u00een leg\u0103tur\u0103 cu aceast\u0103 cultur\u0103 organiza\u021bional\u0103, are \u0219i ea manifest\u0103ri specifice, individualiz\u00e2ndu-se un anumit stil de conducere, de rela\u021bii de munc\u0103 \u0219i disciplin\u0103, de motivare \u0219i, nu \u00een ultimul r\u00e2nd, de comunicare. Organiza\u021biile sugereaz\u0103, direct sau indirect, un [&hellip;]<\/p>\n","protected":false},"featured_media":0,"comment_status":"open","ping_status":"closed","template":"","meta":[],"product_brand":[],"product_cat":[991,997],"product_tag":[1111],"class_list":{"0":"post-4100","1":"product","2":"type-product","3":"status-publish","5":"product_cat-stiinte-sociale","6":"product_cat-psihologie-stiintele-educatiei-si-pedagogie","7":"product_tag-psihologie","9":"first","10":"outofstock","11":"shipping-taxable","12":"purchasable","13":"product-type-simple"},"_links":{"self":[{"href":"https:\/\/editura-unibuc.ro\/en\/wp-json\/wp\/v2\/product\/4100","targetHints":{"allow":["GET"]}}],"collection":[{"href":"https:\/\/editura-unibuc.ro\/en\/wp-json\/wp\/v2\/product"}],"about":[{"href":"https:\/\/editura-unibuc.ro\/en\/wp-json\/wp\/v2\/types\/product"}],"replies":[{"embeddable":true,"href":"https:\/\/editura-unibuc.ro\/en\/wp-json\/wp\/v2\/comments?post=4100"}],"wp:attachment":[{"href":"https:\/\/editura-unibuc.ro\/en\/wp-json\/wp\/v2\/media?parent=4100"}],"wp:term":[{"taxonomy":"product_brand","embeddable":true,"href":"https:\/\/editura-unibuc.ro\/en\/wp-json\/wp\/v2\/product_brand?post=4100"},{"taxonomy":"product_cat","embeddable":true,"href":"https:\/\/editura-unibuc.ro\/en\/wp-json\/wp\/v2\/product_cat?post=4100"},{"taxonomy":"product_tag","embeddable":true,"href":"https:\/\/editura-unibuc.ro\/en\/wp-json\/wp\/v2\/product_tag?post=4100"}],"curies":[{"name":"wp","href":"https:\/\/api.w.org\/{rel}","templated":true}]}}