{"id":4102,"date":"2012-11-20T11:50:30","date_gmt":"2012-11-20T08:50:30","guid":{"rendered":"https:\/\/editura-unibuc.ro\/?p=4102"},"modified":"2025-08-06T13:56:03","modified_gmt":"2025-08-06T10:56:03","slug":"introducere-in-sociologia-politica","status":"publish","type":"product","link":"https:\/\/editura-unibuc.ro\/en\/introducere-in-sociologia-politica\/","title":{"rendered":"INTRODUCTION TO POLITICAL SOCIOLOGY"},"content":{"rendered":"<p>\u201eAm \u00eencercat s\u0103 pun accentul pe evolu\u021bii contemporane ale comportamentelor politice, pe tranzi\u021bia post-comunist\u0103 \u0219i, bine\u00een\u021beles, pe realitatea rom\u00e2neasc\u0103, accesibil\u0103 \u00een mod direct studen\u021bilor.\u201d (Autoarea)<\/p>\n","protected":false},"excerpt":{"rendered":"<p>\u201eAm \u00eencercat s\u0103 pun accentul pe evolu\u021bii contemporane ale comportamentelor politice, pe tranzi\u021bia post-comunist\u0103 \u0219i, bine\u00een\u021beles, pe realitatea rom\u00e2neasc\u0103, accesibil\u0103 \u00een mod direct studen\u021bilor.\u201d (Autoarea)<\/p>\n","protected":false},"featured_media":9073,"comment_status":"open","ping_status":"closed","template":"","meta":[],"product_brand":[],"product_cat":[991,998],"product_tag":[932,1039],"class_list":{"0":"post-4102","1":"product","2":"type-product","3":"status-publish","4":"has-post-thumbnail","6":"product_cat-stiinte-sociale","7":"product_cat-sociologie-si-asistenta-sociala","8":"product_tag-politica","9":"product_tag-sociologie","11":"first","12":"instock","13":"shipping-taxable","14":"purchasable","15":"product-type-simple"},"_links":{"self":[{"href":"https:\/\/editura-unibuc.ro\/en\/wp-json\/wp\/v2\/product\/4102","targetHints":{"allow":["GET"]}}],"collection":[{"href":"https:\/\/editura-unibuc.ro\/en\/wp-json\/wp\/v2\/product"}],"about":[{"href":"https:\/\/editura-unibuc.ro\/en\/wp-json\/wp\/v2\/types\/product"}],"replies":[{"embeddable":true,"href":"https:\/\/editura-unibuc.ro\/en\/wp-json\/wp\/v2\/comments?post=4102"}],"wp:featuredmedia":[{"embeddable":true,"href":"https:\/\/editura-unibuc.ro\/en\/wp-json\/wp\/v2\/media\/9073"}],"wp:attachment":[{"href":"https:\/\/editura-unibuc.ro\/en\/wp-json\/wp\/v2\/media?parent=4102"}],"wp:term":[{"taxonomy":"product_brand","embeddable":true,"href":"https:\/\/editura-unibuc.ro\/en\/wp-json\/wp\/v2\/product_brand?post=4102"},{"taxonomy":"product_cat","embeddable":true,"href":"https:\/\/editura-unibuc.ro\/en\/wp-json\/wp\/v2\/product_cat?post=4102"},{"taxonomy":"product_tag","embeddable":true,"href":"https:\/\/editura-unibuc.ro\/en\/wp-json\/wp\/v2\/product_tag?post=4102"}],"curies":[{"name":"wp","href":"https:\/\/api.w.org\/{rel}","templated":true}]}}