{"id":41131,"date":"2023-11-08T12:52:41","date_gmt":"2023-11-08T10:52:41","guid":{"rendered":"https:\/\/editura-unibuc.ro\/?post_type=product&#038;p=41131"},"modified":"2025-03-25T11:50:15","modified_gmt":"2025-03-25T09:50:15","slug":"studia-doctoralia-3-2020-comunicarile-conferintei-nationale-a-doctoranzilor-in-teologie-ortodoxa","status":"publish","type":"product","link":"https:\/\/editura-unibuc.ro\/en\/studia-doctoralia-3-2020-comunicarile-conferintei-nationale-a-doctoranzilor-in-teologie-ortodoxa\/","title":{"rendered":"STUDIA DOCTORALIA 3\/2020 COMUNICARILE CONFERIN\u021aEI NA\u021aIONALE A DOCTORANZILOR \u00ceN TEOLOGIE ORTODOX\u0102"},"content":{"rendered":"","protected":false},"excerpt":{"rendered":"<p>Volumul de fa\u021b\u0103 reune\u0219te studiile sus\u021binute \u00een cadrul Conferin\u021bei Na\u021bionale a Doctoranzilor \u00een Teologie Ortodox\u0103 care a fost organizat\u0103 de \u0218coala Doctoral\u0103 \u201eDumitru St\u0103niloae\u201d a Facult\u0103\u021bii de Teologie Ortodox\u0103 din Bucure\u0219ti, la Centrul social-pastoral \u201eSf\u00e2nta Cruce\u201d al M\u0103n\u0103stirii Caraiman, jude\u021bul Prahova, \u00een cadrul a dou\u0103 sesiuni \u00een perioadele 3-6 septembrie 2020 \u0219i 23-27 septembrie 2020.<br \/>\nLa sesiunile de comunic\u0103ri au participat doctoranzi de la facult\u0103\u021bile de teologie ortodox\u0103 din Bucure\u0219ti, Ia\u0219i, Sibiu, Cluj-Napoca, Craiova, Arad \u0219i Alba Iulia \u0219i profesori universitari, \u00eentre care decani \u0219i directori de \u0219coli doctorale, \u00een prezen\u021ba \u0219i cu \u00eendrumarea Preasfin\u021bitului P\u0103rinte Varlaam Ploie\u0219teanul, Episcop-vicar patriarhal.<br \/>\n\u201eConferin\u021ba Na\u021bional\u0103 a Doctoranzilor \u00een Teologie Ortodox\u0103 a constituit \u0219i de aceast\u0103 dat\u0103 o oportunitate deosebit\u0103 pentru consolidarea con\u0219tiin\u021bei eclesiale \u0219i m\u0103rturisitoare, asumate \u0219i cultivate \u00een cercetarea teologic\u0103. Totodat\u0103, aceast\u0103 \u00eent\u00e2lnire a favorizat coagularea unui nucleu al tinerilor teologi la nivel na\u021bional, articul\u00e2ndu-se posibilit\u0103\u021bile de realizare a cooper\u0103rii \u00eentre doctoranzii de la diferite \u0219coli doctorale \u00een domenii \u0219i teme specifice ale cercet\u0103rii teologice\u201d, a afirmat Conf. Univ. Dr. Adrian Nicolae Lemeni, directorul \u0218colii Doctorale \u201eDumitru St\u0103niloae\u201d a Facult\u0103\u021bii de Teologie Ortodox\u0103 din Bucure\u0219ti.<br \/>\n\u00cen cadrul evenimentului, a fost accetuat\u0103 ideea c\u0103 este nevoie de cultivarea unei elite a tinerilor teologi din r\u00e2ndul celor mai buni doctoranzi \u0219i de promovarea acestora \u00een misiunea Bisericii astfel \u00eenc\u00e2t r\u0103spunsurile pe care omul contemporan le a\u0219teapt\u0103 de la comunitatea ecleasial\u0103 privind provoc\u0103rile sociale actuale s\u0103 fie ancorate \u00eentr-o documentare \u0219tiin\u021bific\u0103 temeinic\u0103 \u0219i \u00eentr-o experien\u021b\u0103 a vie\u021bii duhovnice\u0219ti, dar \u0219i s\u0103 fie formulate \u00eentr-un mod inteligent \u0219i creativ, adaptat genera\u021biilor tinere.<br \/>\nConferin\u021ba Na\u021bional\u0103 a Doctoranzilor \u00een Teologie Ortodox\u0103 este organizat\u0103 anual, \u00eencep\u00e2nd din anul 2018, de \u0218coala Doctoral\u0103 \u201eDumitru St\u0103niloae\u201d a Facult\u0103\u021bii de Teologie Ortodox\u0103 \u201eJustinian Patriarhul\u201d din Bucure\u0219ti, cu sprijinul Asocia\u021biei Studen\u021bilor Teologi Ortodoc\u0219i \u0219i al Universit\u0103\u021bii din Bucure\u0219ti.<\/p>\n","protected":false},"featured_media":41129,"comment_status":"open","ping_status":"closed","template":"","meta":[],"product_brand":[],"product_cat":[3906,2922,999],"product_tag":[1021],"class_list":{"0":"post-41131","1":"product","2":"type-product","3":"status-publish","4":"has-post-thumbnail","6":"product_cat-lucrari-congrese","7":"product_cat-studia-doctoralia","8":"product_cat-teologie","9":"product_tag-teologie","11":"first","12":"instock","13":"shipping-taxable","14":"product-type-simple"},"_links":{"self":[{"href":"https:\/\/editura-unibuc.ro\/en\/wp-json\/wp\/v2\/product\/41131","targetHints":{"allow":["GET"]}}],"collection":[{"href":"https:\/\/editura-unibuc.ro\/en\/wp-json\/wp\/v2\/product"}],"about":[{"href":"https:\/\/editura-unibuc.ro\/en\/wp-json\/wp\/v2\/types\/product"}],"replies":[{"embeddable":true,"href":"https:\/\/editura-unibuc.ro\/en\/wp-json\/wp\/v2\/comments?post=41131"}],"wp:featuredmedia":[{"embeddable":true,"href":"https:\/\/editura-unibuc.ro\/en\/wp-json\/wp\/v2\/media\/41129"}],"wp:attachment":[{"href":"https:\/\/editura-unibuc.ro\/en\/wp-json\/wp\/v2\/media?parent=41131"}],"wp:term":[{"taxonomy":"product_brand","embeddable":true,"href":"https:\/\/editura-unibuc.ro\/en\/wp-json\/wp\/v2\/product_brand?post=41131"},{"taxonomy":"product_cat","embeddable":true,"href":"https:\/\/editura-unibuc.ro\/en\/wp-json\/wp\/v2\/product_cat?post=41131"},{"taxonomy":"product_tag","embeddable":true,"href":"https:\/\/editura-unibuc.ro\/en\/wp-json\/wp\/v2\/product_tag?post=41131"}],"curies":[{"name":"wp","href":"https:\/\/api.w.org\/{rel}","templated":true}]}}