{"id":41135,"date":"2023-11-08T12:59:11","date_gmt":"2023-11-08T10:59:11","guid":{"rendered":"https:\/\/editura-unibuc.ro\/?post_type=product&#038;p=41135"},"modified":"2025-03-25T11:49:53","modified_gmt":"2025-03-25T09:49:53","slug":"studia-doctoralia-4-2021-comunicarile-conferintei-nationale-a-doctoranzilor-in-teologie-ortodoxa","status":"publish","type":"product","link":"https:\/\/editura-unibuc.ro\/en\/studia-doctoralia-4-2021-comunicarile-conferintei-nationale-a-doctoranzilor-in-teologie-ortodoxa\/","title":{"rendered":"STUDIA DOCTORALIA 4\/2021 COMUNICARILE CONFERIN\u021aEI NA\u021aIONALE A DOCTORANZILOR \u00ceN TEOLOGIE ORTODOX\u0102"},"content":{"rendered":"","protected":false},"excerpt":{"rendered":"<p>Cea de-a patra edi\u021bie a volumului \u201eStudia Doctoralia\u201d cuprinde o parte din studiile prezentate \u00een cadrul Conferin\u021bei Na\u021bionale a Doctoranzilor \u00een Teologie Ortodox\u0103, organizat\u0103 de \u0218coala Doctoral\u0103 \u201eDumitru St\u0103niloae\u201d a Facult\u0103\u021bii de Teologie Ortodox\u0103 din Bucure\u0219ti, la Centrul social-pastoral \u201eSf\u00e2nta Cruce\u201d al M\u0103n\u0103stirii Caraiman, jude\u021bul Prahova, \u00een cadrul a dou\u0103 sesiuni, \u00een perioadele 2-6 iunie \u0219i 10-13 iunie 2021.<br \/>\nLa sesiunile de comunic\u0103ri au participat doctoranzi de la facult\u0103\u021bile de teologie ortodox\u0103 din Bucure\u0219ti, Ia\u0219i, Sibiu, Cluj-Napoca, Craiova, Arad \u0219i Alba Iulia. Ace\u0219tia au fost \u00eenso\u021bi\u021bi \u0219i \u00eendruma\u021bi de profesori universitari, \u00eentre care decani \u0219i directori de \u0219coli doctorale. Evenimentul s-a desf\u0103\u0219urat \u00een prezen\u021ba Preasfin\u021bitului P\u0103rinte Varlaam Ploie\u0219teanul, Episcop-vicar patriarhal, delegatul Preafericitului P\u0103rinte Daniel, Patriarhul Bisericii Ortodoxe Rom\u00e2ne.<br \/>\n\u00cen cadrul celor dou\u0103 sesiuni, doctoranzii au prezentat aspectele cele mai relevante din activitatea lor de cercetare, fiecare prezentare fiind urmat\u0103 de c\u00e2te o sec\u021biune de \u00eentreb\u0103ri \u0219i r\u0103spunsuri care a permis angajarea participan\u021bilor \u00een dialoguri vii \u0219i edificatoare.<br \/>\nConferin\u021ba Na\u021bional\u0103 a Doctoranzilor \u00een Teologie Ortodox\u0103 este organizat\u0103 anual, \u00eencep\u00e2nd din anul 2018, de \u0218coala Doctoral\u0103 \u201eDumitru St\u0103niloae\u201d a Facult\u0103\u021bii de Teologie Ortodox\u0103 \u201eJustinian Patriarhul\u201d din Bucure\u0219ti, cu sprijinul Asocia\u021biei Studen\u021bilor Teologi Ortodoc\u0219i \u0219i al Universit\u0103\u021bii din Bucure\u0219ti.<br \/>\nRedac\u021bia<\/p>\n","protected":false},"featured_media":41130,"comment_status":"open","ping_status":"closed","template":"","meta":[],"product_brand":[],"product_cat":[3906,2922,1469,999],"product_tag":[1021],"class_list":{"0":"post-41135","1":"product","2":"type-product","3":"status-publish","4":"has-post-thumbnail","6":"product_cat-lucrari-congrese","7":"product_cat-studia-doctoralia","8":"product_cat-periodice","9":"product_cat-teologie","10":"product_tag-teologie","12":"first","13":"instock","14":"shipping-taxable","15":"product-type-simple"},"_links":{"self":[{"href":"https:\/\/editura-unibuc.ro\/en\/wp-json\/wp\/v2\/product\/41135","targetHints":{"allow":["GET"]}}],"collection":[{"href":"https:\/\/editura-unibuc.ro\/en\/wp-json\/wp\/v2\/product"}],"about":[{"href":"https:\/\/editura-unibuc.ro\/en\/wp-json\/wp\/v2\/types\/product"}],"replies":[{"embeddable":true,"href":"https:\/\/editura-unibuc.ro\/en\/wp-json\/wp\/v2\/comments?post=41135"}],"wp:featuredmedia":[{"embeddable":true,"href":"https:\/\/editura-unibuc.ro\/en\/wp-json\/wp\/v2\/media\/41130"}],"wp:attachment":[{"href":"https:\/\/editura-unibuc.ro\/en\/wp-json\/wp\/v2\/media?parent=41135"}],"wp:term":[{"taxonomy":"product_brand","embeddable":true,"href":"https:\/\/editura-unibuc.ro\/en\/wp-json\/wp\/v2\/product_brand?post=41135"},{"taxonomy":"product_cat","embeddable":true,"href":"https:\/\/editura-unibuc.ro\/en\/wp-json\/wp\/v2\/product_cat?post=41135"},{"taxonomy":"product_tag","embeddable":true,"href":"https:\/\/editura-unibuc.ro\/en\/wp-json\/wp\/v2\/product_tag?post=41135"}],"curies":[{"name":"wp","href":"https:\/\/api.w.org\/{rel}","templated":true}]}}