{"id":41271,"date":"2023-11-14T13:06:44","date_gmt":"2023-11-14T11:06:44","guid":{"rendered":"https:\/\/editura-unibuc.ro\/?post_type=product&#038;p=41271"},"modified":"2025-04-28T13:17:46","modified_gmt":"2025-04-28T10:17:46","slug":"activitati-de-suport-in-invatare-pentru-studenti-consiliere-educationala-coaching-si-dezvoltare-personala-pentru-performanta","status":"publish","type":"product","link":"https:\/\/editura-unibuc.ro\/en\/activitati-de-suport-in-invatare-pentru-studenti-consiliere-educationala-coaching-si-dezvoltare-personala-pentru-performanta\/","title":{"rendered":"ACTIVIT\u0102\u021aI DE SUPORT \u00ceN \u00ceNV\u0102\u021aARE PENTRU STUDEN\u021aI. Consiliere educa\u021bional\u0103, coaching \u0219i dezvoltare personal\u0103 pentru performan\u021b\u0103"},"content":{"rendered":"","protected":false},"excerpt":{"rendered":"<hr \/>\n<p><strong><a href=\"https:\/\/books.google.ro\/books\/about?id=rzfqEAAAQBAJ&#038;redir_esc=y\" target=\"_blank\" rel=\"noopener\"><img decoding=\"async\" src=\"https:\/\/editura-unibuc.ro\/wp-content\/uploads\/2025\/04\/goo.png\" \/>Google Books<\/a><\/strong><br \/>&nbsp;<\/p>\n<hr \/>\n<p>Acest volum se adreseaz\u0103 speciali\u0219tilor \u00een educa\u021bie \u0219i propune c\u00e2teva repere importante pentru dezvoltarea \u0219i promovarea preg\u0103tirii studen\u021bilor \u00een spiritul viziunii \u0219i misiunii Universit\u0103\u021bii din Bucure\u0219ti, pentru atingerea standardelor de calitate specifice \u00eenv\u0103\u021b\u0103m\u00e2ntului superior din Romania. Activit\u0103\u021bile propuse \u00een acest volum au fost desf\u0103\u0219urate la Centrul de \u00cenv\u0103\u021bare UB \u0219i au fost concepute \u021bin\u00e2nd cont de faptul c\u0103 performan\u021ba academic\u0103 a studen\u021bilor este puternic influen\u021bat\u0103 nu doar de interac\u021biunea direct\u0103 cu profesorii \u0219i de resursele existente, ci \u0219i de ceea ce literatura de specialitate nume\u0219te \u201elearning support services\u201d \u2013 servicii complementare de suport pentru performan\u021b\u0103 \u00een \u00eenv\u0103\u021bare.<br \/>\nActivit\u0103\u021bile exemplificate \u00een acest volum au fost create de c\u0103tre exper\u021bi \u00een formare, membri ai echipei Centrului de \u00cenv\u0103\u021bare UB, profesori ai Facult\u0103\u021bii de Psihologie \u0219i \u0218tiin\u021bele Educa\u021biei \u00een colaborare cu studen\u021bi doctoranzi \u0219i masteranzi la programele de masterat: Consiliere \u0218colar\u0103 \u0219i Dezvoltarea \u00een Carier\u0103, \u00cenv\u0103\u021bare, Inovare \u0219i Coaching \u00een Educa\u021bie, Formarea Formatorilor, Educa\u021bie Presecundar\u0103. Politici \u0219i Strategii de Dezvoltare, Educa\u021bie Timpurie, Mentoratul \u00een Educa\u021bie, \u00een cadrul practicii profesionale pe care ace\u0219ti studen\u021bi au desf\u0103\u0219urat-o, \u00een perioada octombrie 2019 \u2013 decembrie 2021.<\/p>\n","protected":false},"featured_media":42431,"comment_status":"open","ping_status":"closed","template":"","meta":[],"product_brand":[],"product_cat":[3924,3103,1531,991,997],"product_tag":[3926,3925,1312,1170],"class_list":{"0":"post-41271","1":"product","2":"type-product","3":"status-publish","4":"has-post-thumbnail","6":"product_cat-educatie-formare-si-dezvoltare-umana","7":"product_cat-fara-categorie","8":"product_cat-colectii","9":"product_cat-stiinte-sociale","10":"product_cat-psihologie-stiintele-educatiei-si-pedagogie","11":"product_tag-coaching","12":"product_tag-consiliere-educationala","13":"product_tag-dezvoltare-personala","14":"product_tag-educatie","16":"first","17":"instock","18":"shipping-taxable","19":"purchasable","20":"product-type-simple"},"_links":{"self":[{"href":"https:\/\/editura-unibuc.ro\/en\/wp-json\/wp\/v2\/product\/41271","targetHints":{"allow":["GET"]}}],"collection":[{"href":"https:\/\/editura-unibuc.ro\/en\/wp-json\/wp\/v2\/product"}],"about":[{"href":"https:\/\/editura-unibuc.ro\/en\/wp-json\/wp\/v2\/types\/product"}],"replies":[{"embeddable":true,"href":"https:\/\/editura-unibuc.ro\/en\/wp-json\/wp\/v2\/comments?post=41271"}],"wp:featuredmedia":[{"embeddable":true,"href":"https:\/\/editura-unibuc.ro\/en\/wp-json\/wp\/v2\/media\/42431"}],"wp:attachment":[{"href":"https:\/\/editura-unibuc.ro\/en\/wp-json\/wp\/v2\/media?parent=41271"}],"wp:term":[{"taxonomy":"product_brand","embeddable":true,"href":"https:\/\/editura-unibuc.ro\/en\/wp-json\/wp\/v2\/product_brand?post=41271"},{"taxonomy":"product_cat","embeddable":true,"href":"https:\/\/editura-unibuc.ro\/en\/wp-json\/wp\/v2\/product_cat?post=41271"},{"taxonomy":"product_tag","embeddable":true,"href":"https:\/\/editura-unibuc.ro\/en\/wp-json\/wp\/v2\/product_tag?post=41271"}],"curies":[{"name":"wp","href":"https:\/\/api.w.org\/{rel}","templated":true}]}}