{"id":41275,"date":"2023-11-14T14:15:49","date_gmt":"2023-11-14T12:15:49","guid":{"rendered":"https:\/\/editura-unibuc.ro\/?post_type=product&#038;p=41275"},"modified":"2025-05-09T10:36:04","modified_gmt":"2025-05-09T07:36:04","slug":"lingvistica-pentru-gimnaziu-sisteme-de-scriere-si-codificareghidul-profesorului","status":"publish","type":"product","link":"https:\/\/editura-unibuc.ro\/en\/lingvistica-pentru-gimnaziu-sisteme-de-scriere-si-codificareghidul-profesorului\/","title":{"rendered":"LINGVISTICA PENTRU GIMNAZIU. SISTEME DE SCRIERE \u0218I CODIFICARE<br\/>Ghidul profesorului"},"content":{"rendered":"","protected":false},"excerpt":{"rendered":"<hr \/>\n<p><strong><a href=\"https:\/\/books.google.ro\/books\/about?id=fOfkEAAAQBAJ&#038;redir_esc=y\" target=\"_blank\" rel=\"noopener\"><img decoding=\"async\" src=\"https:\/\/editura-unibuc.ro\/wp-content\/uploads\/2025\/04\/goo.png\" \/>Google Books<\/a><\/strong><br \/>&nbsp;<\/p>\n<hr \/>\n<p>\u00cen istoria scrisului, \u00een general, putem face distinc\u021bia \u00eentre sisteme<br \/>\nde scriere clasice \u0219i alte sisteme de scriere specifice. Prin sistemele de scriere clasice, ne referim la acele sisteme care sunt folosite \u00een via\u021ba de zi cu zi pentru a transcrie o limb\u0103 vorbit\u0103, a\u0219a cum alfabetul latin este folosit pentru a transcrie limba rom\u00e2n\u0103. Spre deosebire de acestea, exist\u0103 anumite sisteme de scriere limitate la o anumit\u0103 categorie de persoane: sisteme pentru nev\u0103z\u0103tori, sisteme pentru surdo-mu\u021bi, sisteme de transcriere fonetic\u0103 (utilizate, \u00een principal, de lingvi\u0219ti), sisteme de tip Morse (utilizate predominant \u00een telecomunica\u021bii, at\u00e2t de personal specializat, c\u00e2t \u0219i de radioamatori), sisteme de scriere prescurtat\u0103 (folosite cu prec\u0103dere de stenografi) sau altele. De asemenea, exist\u0103 \u0219i mai multe sisteme de criptare a mesajelor, acestea fiind folosite \u00een special \u00een scop militar. Printre acestea, cele mai cunoscute sunt cifrul Cezar, cifrul schital\u0103, cifrurile Polybius \u0219i cifrul Playfair.<br \/>\nCulegerea de fa\u021b\u0103 reune\u0219te aceste tipuri de scriere \u0219i \u00eencifrare, fiind g\u00e2ndit\u0103 pentru cei care doresc s\u0103 \u00ee\u0219i dezvolte g\u00e2ndirea logic\u0103, abilit\u0103\u021bile de identificare a solu\u021biilor, pentru cei dornici s\u0103 descifreze mistere \u0219i coduri \u0219i pentru cei care vor s\u0103 exerseze mai mult pentru diferitele tipuri de competi\u021bii lingvistice \u0219i logice.<\/p>\n","protected":false},"featured_media":41503,"comment_status":"open","ping_status":"closed","template":"","meta":[],"product_brand":[],"product_cat":[3823,2756],"product_tag":[3927,895],"class_list":{"0":"post-41275","1":"product","2":"type-product","3":"status-publish","4":"has-post-thumbnail","6":"product_cat-stiinte-umane","7":"product_cat-lingvistica-lingua","8":"product_tag-codificare","9":"product_tag-lingvistica","11":"first","12":"instock","13":"shipping-taxable","14":"purchasable","15":"product-type-simple"},"_links":{"self":[{"href":"https:\/\/editura-unibuc.ro\/en\/wp-json\/wp\/v2\/product\/41275","targetHints":{"allow":["GET"]}}],"collection":[{"href":"https:\/\/editura-unibuc.ro\/en\/wp-json\/wp\/v2\/product"}],"about":[{"href":"https:\/\/editura-unibuc.ro\/en\/wp-json\/wp\/v2\/types\/product"}],"replies":[{"embeddable":true,"href":"https:\/\/editura-unibuc.ro\/en\/wp-json\/wp\/v2\/comments?post=41275"}],"wp:featuredmedia":[{"embeddable":true,"href":"https:\/\/editura-unibuc.ro\/en\/wp-json\/wp\/v2\/media\/41503"}],"wp:attachment":[{"href":"https:\/\/editura-unibuc.ro\/en\/wp-json\/wp\/v2\/media?parent=41275"}],"wp:term":[{"taxonomy":"product_brand","embeddable":true,"href":"https:\/\/editura-unibuc.ro\/en\/wp-json\/wp\/v2\/product_brand?post=41275"},{"taxonomy":"product_cat","embeddable":true,"href":"https:\/\/editura-unibuc.ro\/en\/wp-json\/wp\/v2\/product_cat?post=41275"},{"taxonomy":"product_tag","embeddable":true,"href":"https:\/\/editura-unibuc.ro\/en\/wp-json\/wp\/v2\/product_tag?post=41275"}],"curies":[{"name":"wp","href":"https:\/\/api.w.org\/{rel}","templated":true}]}}