{"id":41296,"date":"2023-11-15T10:41:44","date_gmt":"2023-11-15T08:41:44","guid":{"rendered":"https:\/\/editura-unibuc.ro\/?post_type=product&#038;p=41296"},"modified":"2025-05-08T13:59:05","modified_gmt":"2025-05-08T10:59:05","slug":"integralismo-gracia-y-vitalismo-la-metafora-en-la-narrativa-de-vanguardia-de-benjamin-jarnes","status":"publish","type":"product","link":"https:\/\/editura-unibuc.ro\/en\/integralismo-gracia-y-vitalismo-la-metafora-en-la-narrativa-de-vanguardia-de-benjamin-jarnes\/","title":{"rendered":"INTEGRALISMO, GRACIA Y VITALISMO \u2013 La met\u00e1fora en la narrativa de vanguardia de Benjam\u00edn Jarn\u00e9s"},"content":{"rendered":"","protected":false},"excerpt":{"rendered":"<hr \/>\n<p><strong><a href=\"https:\/\/books.google.ro\/books\/about?id=jTbqEAAAQBAJ&#038;redir_esc=y\" target=\"_blank\" rel=\"noopener\"><img decoding=\"async\" src=\"https:\/\/editura-unibuc.ro\/wp-content\/uploads\/2025\/04\/goo.png\" \/>Google Books<\/a><\/strong><br \/>&nbsp;<\/p>\n<hr \/>\n<p>La novela l\u0131\u0301rica de la vanguardia espan\u0303ola, cuyo singular exponente fue Benjam\u0131\u0301n Jarne\u0301s (1888-1948), se vio dominada por la meta\u0301fora, como medio de expresio\u0301n y experimentacio\u0301n. El ana\u0301lisis que propone la autora partede la elaboracio\u0301n de un modelo de identificacio\u0301n e interpretacio\u0301n, centrado en el corpus de meta\u0301foras extra\u0131\u0301do de dos novelas del escritor aragone\u0301s: El profesor in\u00fatil (1926) y Teor\u00eda del zumbel (1930). La metodolog\u0131\u0301a multidisciplinar desarrollada a partir de la teor\u0131\u0301a conceptual de la meta\u0301fora, la poe\u0301tica cognitiva y la teor\u0131\u0301a de los mundos textuales consigue ofrecer por tanto una imagen compleja del uso metafo\u0301rico y su disposicio\u0301n dentro de la narracio\u0301n, de la relacio\u0301n entre las expresiones metafo\u0301ricas y las partes estructurales del discurso novel\u0131\u0301stico. Segu\u0301n se viene argumentando a lo largo del libro, los principios art\u0131\u0301sticos de la prosa de Benjam\u0131\u0301n Jarne\u0301s \u2013 el integralismo, la gracia y el vitalismo \u2013 encuentran eco en el proceso metafo\u0301rico cuyo principal efecto es la creacio\u0301nde conceptos nuevos de mu\u0301ltiples significados. eco en el proceso metafo\u0301rico cuyo principal efecto es la creacio\u0301nde conceptosnuevosdemu\u0301ltiples significados.<\/p>\n","protected":false},"featured_media":42430,"comment_status":"open","ping_status":"closed","template":"","meta":[],"product_brand":[],"product_cat":[3823,980],"product_tag":[3929,3928,880],"class_list":{"0":"post-41296","1":"product","2":"type-product","3":"status-publish","4":"has-post-thumbnail","6":"product_cat-stiinte-umane","7":"product_cat-limbi-romanice-clasice-si-orientale","8":"product_tag-avangarda-spaniola","9":"product_tag-benjamin-jarnes","10":"product_tag-spaniola","12":"first","13":"instock","14":"shipping-taxable","15":"purchasable","16":"product-type-simple"},"_links":{"self":[{"href":"https:\/\/editura-unibuc.ro\/en\/wp-json\/wp\/v2\/product\/41296","targetHints":{"allow":["GET"]}}],"collection":[{"href":"https:\/\/editura-unibuc.ro\/en\/wp-json\/wp\/v2\/product"}],"about":[{"href":"https:\/\/editura-unibuc.ro\/en\/wp-json\/wp\/v2\/types\/product"}],"replies":[{"embeddable":true,"href":"https:\/\/editura-unibuc.ro\/en\/wp-json\/wp\/v2\/comments?post=41296"}],"wp:featuredmedia":[{"embeddable":true,"href":"https:\/\/editura-unibuc.ro\/en\/wp-json\/wp\/v2\/media\/42430"}],"wp:attachment":[{"href":"https:\/\/editura-unibuc.ro\/en\/wp-json\/wp\/v2\/media?parent=41296"}],"wp:term":[{"taxonomy":"product_brand","embeddable":true,"href":"https:\/\/editura-unibuc.ro\/en\/wp-json\/wp\/v2\/product_brand?post=41296"},{"taxonomy":"product_cat","embeddable":true,"href":"https:\/\/editura-unibuc.ro\/en\/wp-json\/wp\/v2\/product_cat?post=41296"},{"taxonomy":"product_tag","embeddable":true,"href":"https:\/\/editura-unibuc.ro\/en\/wp-json\/wp\/v2\/product_tag?post=41296"}],"curies":[{"name":"wp","href":"https:\/\/api.w.org\/{rel}","templated":true}]}}