{"id":4179,"date":"2012-11-21T10:03:58","date_gmt":"2012-11-21T08:03:58","guid":{"rendered":"https:\/\/editura-unibuc.ro\/?p=4179"},"modified":"2026-02-11T10:16:48","modified_gmt":"2026-02-11T08:16:48","slug":"anatomia-omului","status":"publish","type":"product","link":"https:\/\/editura-unibuc.ro\/en\/anatomia-omului\/","title":{"rendered":"HUMAN ANATOMY"},"content":{"rendered":"<p>Obiectivele principale ale cursului de fa\u021b\u0103 sunt \u00een\u021belegerea \u0219i \u00eensu\u0219irea conceptelor fundamentale ale anatomiei: unitatea structur\u0103-func\u021bie, ierarhizarea organiz\u0103rii structurale \u0219i homeostazia, ca premis\u0103 a independen\u021bei \u0219i adaptabilit\u0103\u021bii organismului uman. Cursul este astfel structurat \u00eenc\u00e2t s\u0103 faciliteze integrarea disciplinei \u00een studiul mai larg al celorlalte \u0219tiin\u021be biologice \u0219i s\u0103 constituie un instrument \u00een \u00een\u021belegerea mai aprofundat\u0103 a acestora. Astfel, pornind de la ipoteza c\u0103 forma nu poate fi \u00een\u021beleas\u0103 f\u0103r\u0103 a se face referire la func\u021bie, fiecare organ este tratat ca structur\u0103 func\u021bional\u0103 \u0219i se fac, de asemenea, referiri la structura macroscopic\u0103, indisolubil legat\u0103 de cea microscopic\u0103. Volumul abordeaz\u0103 holistic organizarea structural\u0103 a organismului uman \u0219i cuprinde un minimum absolut necesar de aspecte patologice ale diferitelor sisteme de organe, \u00een vederea educa\u021biei pentru s\u0103n\u0103tate, care constituie un alt obiectiv major al acestei lucr\u0103ri.<\/p>\n","protected":false},"excerpt":{"rendered":"<p>Obiectivele principale ale cursului de fa\u021b\u0103 sunt \u00een\u021belegerea \u0219i \u00eensu\u0219irea conceptelor fundamentale ale anatomiei: unitatea structur\u0103-func\u021bie, ierarhizarea organiz\u0103rii structurale \u0219i homeostazia, ca premis\u0103 a independen\u021bei \u0219i adaptabilit\u0103\u021bii organismului uman. Cursul este astfel structurat \u00eenc\u00e2t s\u0103 faciliteze integrarea disciplinei \u00een studiul mai larg al celorlalte \u0219tiin\u021be biologice \u0219i s\u0103 constituie un instrument \u00een \u00een\u021belegerea mai aprofundat\u0103 [&hellip;]<\/p>\n","protected":false},"featured_media":9057,"comment_status":"closed","ping_status":"closed","template":"","meta":[],"product_brand":[],"product_cat":[1466,988],"product_tag":[904],"class_list":{"0":"post-4179","1":"product","2":"type-product","3":"status-publish","4":"has-post-thumbnail","6":"product_cat-stiinte-ale-naturii","7":"product_cat-biologie","8":"product_tag-biologie","10":"first","11":"instock","12":"shipping-taxable","13":"purchasable","14":"product-type-simple"},"_links":{"self":[{"href":"https:\/\/editura-unibuc.ro\/en\/wp-json\/wp\/v2\/product\/4179","targetHints":{"allow":["GET"]}}],"collection":[{"href":"https:\/\/editura-unibuc.ro\/en\/wp-json\/wp\/v2\/product"}],"about":[{"href":"https:\/\/editura-unibuc.ro\/en\/wp-json\/wp\/v2\/types\/product"}],"replies":[{"embeddable":true,"href":"https:\/\/editura-unibuc.ro\/en\/wp-json\/wp\/v2\/comments?post=4179"}],"wp:featuredmedia":[{"embeddable":true,"href":"https:\/\/editura-unibuc.ro\/en\/wp-json\/wp\/v2\/media\/9057"}],"wp:attachment":[{"href":"https:\/\/editura-unibuc.ro\/en\/wp-json\/wp\/v2\/media?parent=4179"}],"wp:term":[{"taxonomy":"product_brand","embeddable":true,"href":"https:\/\/editura-unibuc.ro\/en\/wp-json\/wp\/v2\/product_brand?post=4179"},{"taxonomy":"product_cat","embeddable":true,"href":"https:\/\/editura-unibuc.ro\/en\/wp-json\/wp\/v2\/product_cat?post=4179"},{"taxonomy":"product_tag","embeddable":true,"href":"https:\/\/editura-unibuc.ro\/en\/wp-json\/wp\/v2\/product_tag?post=4179"}],"curies":[{"name":"wp","href":"https:\/\/api.w.org\/{rel}","templated":true}]}}