{"id":4193,"date":"2012-11-21T10:37:45","date_gmt":"2012-11-21T07:37:45","guid":{"rendered":"https:\/\/editura-unibuc.ro\/?p=4193"},"modified":"2020-02-18T12:36:11","modified_gmt":"2020-02-18T10:36:11","slug":"imunobiologie-2","status":"publish","type":"product","link":"https:\/\/editura-unibuc.ro\/en\/imunobiologie-2\/","title":{"rendered":"IMMUNOBIOLOGY"},"content":{"rendered":"<p>Imunologia sau \u0219tiin\u021ba imunit\u0103\u021bii este o disciplin\u0103 biologic\u0103 fundamental\u0103 care a restructurat concepte din alte domenii cu impact puternic asupra \u0219tiin\u021belor medicale. Beneficiind de progresele realizate \u00een alte domenii (microbiologie, biochimie, biologie celular\u0103 \u0219i molecular\u0103, inginerie genetic\u0103), imunologia \u00eens\u0103\u0219i a \u00eenregistrat progrese remarcabile \u0219i restructur\u0103ri esen\u021biale, fiind considerat\u0103 ca unul dintre domeniile cele mai dinamice ale biologiei contemporane. Tehnicile imunologice la r\u00e2ndul lor au fost preluate, datorit\u0103 specificit\u0103\u021bii \u0219i sensibilit\u0103\u021bii lor deosebite, ca metode de cercetare \u00een diverse domenii (biologie celular\u0103 \u0219i molecular\u0103, histologie, biochimie, microbiologie, biotehnologie, genetic\u0103, ecologie, taxonomie), ca \u0219i pentru determin\u0103ri analitice \u0219i de diagnostic, prin care se poate pune \u00een eviden\u021b\u0103 \u0219i cuantifica o gam\u0103 larg\u0103 de substan\u021be, de la molecule mici ale unor medicamente sau droguri, la substan\u021be macromoleculare. Imunitatea, proprietate biologic\u0103 fundamental\u0103, se manifest\u0103 prin discriminarea constituen\u021bilor proprii \u0219i str\u0103ini de organismul respectiv, cu tolerarea perfect\u0103 a propriului \u0219i reac\u021bia vehement\u0103 \u00eempotriva non-propriului. \u00cen concep\u021bia modern\u0103, starea de imunitate \u00een anumite condi\u021bii poate avea, pe l\u00e2ng\u0103 efectul de imunoprotec\u021bie \u0219i efecte negative, manifestate ca boli autoimune, st\u0103ri de hipersensibilitate \u0219i reac\u021bii de respingere a transplanturilor de \u021besuturi \u0219i organe. Deci \u00een prezent, cadrul conceptual al imunologiei s-a l\u0103rgit, iar aceasta este considerat\u0103 o ramur\u0103 a \u0219tiin\u021belor biologice, \u00eentruc\u00e2t imunitatea este considerat\u0103 o proprietate a tuturor sistemelor biologice, de la cele mai simple la cele mai evoluate.<\/p>\n<p>Subdomeniul <strong>Imunobiologiei <\/strong>studiaz\u0103 aspectele biologice ale reac\u021biilor imunitare, celulele sistemului imunitar \u0219i procesele de diferen\u021biere \u0219i maturare ale acestora, ca \u0219i factorii umorali specifici \u0219i nespecifici, efectori sau modulatori ai sistemului imunitar; studiaz\u0103 fenomenele imunitare din cursul evolu\u021biei procesului tumoral, mecanismele imunitare ale respingerii grefelor de \u021besuturi \u0219i organe, ca \u0219i bazele celulare \u0219i moleculare ale fenomenelor alergice; de asemenea, aceast\u0103 ramur\u0103 a imunologiei se ocup\u0103 cu studiul r\u0103spunsului imun \u00een ontogenie \u0219i filogenie \u0219i, \u00een ansamblu, cu studiul fenomenului imunitar cu func\u021bie biologic\u0103.<\/p>\n<p>Colectivul de autori ai lucr\u0103rii de fa\u021b\u0103 a beneficiat de colaborarea prof. Duncan Stewart-Tull, profesor de Imunologie la Universitatea din Glasgow Scotland, U.K. Biomedical &amp; Life Sciences, Division of Infection and Immunity.<\/p>\n","protected":false},"excerpt":{"rendered":"<p>Imunologia sau \u0219tiin\u021ba imunit\u0103\u021bii este o disciplin\u0103 biologic\u0103 fundamental\u0103 care a restructurat concepte din alte domenii cu impact puternic asupra \u0219tiin\u021belor medicale. Beneficiind de progresele realizate \u00een alte domenii (microbiologie, biochimie, biologie celular\u0103 \u0219i molecular\u0103, inginerie genetic\u0103), imunologia \u00eens\u0103\u0219i a \u00eenregistrat progrese remarcabile \u0219i restructur\u0103ri esen\u021biale, fiind considerat\u0103 ca unul dintre domeniile cele mai dinamice [&hellip;]<\/p>\n","protected":false},"featured_media":9055,"comment_status":"open","ping_status":"closed","template":"","meta":[],"product_brand":[],"product_cat":[1466,988],"product_tag":[904],"class_list":{"0":"post-4193","1":"product","2":"type-product","3":"status-publish","4":"has-post-thumbnail","6":"product_cat-stiinte-ale-naturii","7":"product_cat-biologie","8":"product_tag-biologie","10":"first","11":"outofstock","12":"shipping-taxable","13":"purchasable","14":"product-type-simple"},"_links":{"self":[{"href":"https:\/\/editura-unibuc.ro\/en\/wp-json\/wp\/v2\/product\/4193","targetHints":{"allow":["GET"]}}],"collection":[{"href":"https:\/\/editura-unibuc.ro\/en\/wp-json\/wp\/v2\/product"}],"about":[{"href":"https:\/\/editura-unibuc.ro\/en\/wp-json\/wp\/v2\/types\/product"}],"replies":[{"embeddable":true,"href":"https:\/\/editura-unibuc.ro\/en\/wp-json\/wp\/v2\/comments?post=4193"}],"wp:featuredmedia":[{"embeddable":true,"href":"https:\/\/editura-unibuc.ro\/en\/wp-json\/wp\/v2\/media\/9055"}],"wp:attachment":[{"href":"https:\/\/editura-unibuc.ro\/en\/wp-json\/wp\/v2\/media?parent=4193"}],"wp:term":[{"taxonomy":"product_brand","embeddable":true,"href":"https:\/\/editura-unibuc.ro\/en\/wp-json\/wp\/v2\/product_brand?post=4193"},{"taxonomy":"product_cat","embeddable":true,"href":"https:\/\/editura-unibuc.ro\/en\/wp-json\/wp\/v2\/product_cat?post=4193"},{"taxonomy":"product_tag","embeddable":true,"href":"https:\/\/editura-unibuc.ro\/en\/wp-json\/wp\/v2\/product_tag?post=4193"}],"curies":[{"name":"wp","href":"https:\/\/api.w.org\/{rel}","templated":true}]}}