{"id":41931,"date":"2023-11-29T10:03:50","date_gmt":"2023-11-29T08:03:50","guid":{"rendered":"https:\/\/editura-unibuc.ro\/?post_type=product&#038;p=41931"},"modified":"2026-02-11T09:30:02","modified_gmt":"2026-02-11T07:30:02","slug":"mijloace-si-metode-utilizate-in-analiza-conectivitatii-si-fragmentarii-peisajelor-din-cadrul-ariilor-protejate-din-romania","status":"publish","type":"product","link":"https:\/\/editura-unibuc.ro\/en\/mijloace-si-metode-utilizate-in-analiza-conectivitatii-si-fragmentarii-peisajelor-din-cadrul-ariilor-protejate-din-romania\/","title":{"rendered":"Mijloace \u015fi metode utilizate \u00een analiza conectivit\u0103\u021bii \u015fi fragment\u0103rii peisajelor din cadrul ariilor protejate din Rom\u00e2nia"},"content":{"rendered":"","protected":false},"excerpt":{"rendered":"<hr \/>\n<p><strong><a href=\"https:\/\/books.google.ro\/books\/about?id=07LsEAAAQBAJ&amp;redir_esc=y\" target=\"_blank\" rel=\"noopener\"><img decoding=\"async\" src=\"https:\/\/editura-unibuc.ro\/wp-content\/uploads\/2025\/04\/goo.png\" \/>Google Books<\/a><\/strong><br \/>&nbsp;<\/p>\n<hr \/>\n<p>Biodiversitatea la nivel global se afla\u0306 \u0131\u0302ntr-un evident declin, unele dintre cauzele principale fiind considerate a fi pierderea s\udbc0\udc01i fragmentarea habitatelor, dar s\udbc0\udc01i sca\u0306derea conectivita\u0306t\udbc0\udc01ii structurale s\udbc0\udc01i funct\udbc0\udc01ionale. Aceste aspecte au dus la stabilirea de noi obiective s\udbc0\udc01i t\udbc0\udc01inte la nivel global care sa\u0306 fie incluse \u0131\u0302n politicile s\udbc0\udc01i strategiile din acest domeniu, ala\u0306turi de ma\u0306suri ce privesc reducerea gradului de fragmentare, coroborat cu ment\udbc0\udc01inereas\udbc0\udc01i\u0131\u0302mbuna\u0306ta\u0306t\udbc0\udc01irea conectivita\u0306t\udbc0\udc01ii habitatelor s\udbc0\udc01iaret\udbc0\udc01elelor de arii protejate.<br \/>\nI\udbc0\udc02n acest context, lucrarea de fat\udbc0\udc01a\u0306 vine \u0131\u0302n sprijinul tuturor actorilor cu preocupa\u0306ri \u0131\u0302n managementul ariilor naturale protejate s\udbc0\udc01i conser-varea biodiversita\u0306t\udbc0\udc01ii, dar s\udbc0\udc01i student\udbc0\udc01ilor care doresc sa\u0306 aprofundeze tehnicile de analiza\u0306 din acest domeniu.<br \/>\nImportant\udbc0\udc01alucr\u0306arii rezida\u0306 s\udbc0\udc01i din faptul ca\u0306 poate reprezenta un instrument util pentru \u0131\u0302mbuna\u0306ta\u0306t\udbc0\udc01irea managementului ariilor naturale protejate din t\udbc0\udc01ara noastra\u0306 s\udbc0\udc01i statutul lor de conservare, prin multitudinea instrumentelor s\udbc0\udc01i metodelor prezentate \u0131\u0302n cont\udbc0\udc01inutul sa\u0306uce pot fi aplicatelanivel local, regional sau nat\udbc0\udc01ional.<br \/>\nStudiul vine sa\u0306 completeze ma\u0306surile actuale implementate la nivel nat\udbc0\udc01ional,propuna\u0302nd noi direct\udbc0\udc01ii de analiza\u0306,\u0131\u0302n special \u0131\u0302n ceea ce \u0131\u0302nseamna\u0306 evaluarea fragmenta\u0306rii s\udbc0\udc01i conectivita\u0306t\udbc0\udc01ii peisajelor, analiza ma\u0306 surilor de management implementate prin planurile de management, evaluarea presiunilor s\udbc0\udc01i amenint\udbc0\udc01a\u0306rilor sau analiza percept\udbc0\udc01iei actorilor locali cu atribut\udbc0\udc01ii \u0131\u0302n domeniul conserva\u0306 rii biodiversita\u0306t\udbc0\udc01ii la nivelul Roma\u0302niei.<\/p>\n","protected":false},"featured_media":41932,"comment_status":"open","ping_status":"closed","template":"","meta":[],"product_brand":[],"product_cat":[1466,989],"product_tag":[903],"class_list":{"0":"post-41931","1":"product","2":"type-product","3":"status-publish","4":"has-post-thumbnail","6":"product_cat-stiinte-ale-naturii","7":"product_cat-geografie","8":"product_tag-geografie","10":"first","11":"instock","12":"shipping-taxable","13":"purchasable","14":"product-type-simple"},"_links":{"self":[{"href":"https:\/\/editura-unibuc.ro\/en\/wp-json\/wp\/v2\/product\/41931","targetHints":{"allow":["GET"]}}],"collection":[{"href":"https:\/\/editura-unibuc.ro\/en\/wp-json\/wp\/v2\/product"}],"about":[{"href":"https:\/\/editura-unibuc.ro\/en\/wp-json\/wp\/v2\/types\/product"}],"replies":[{"embeddable":true,"href":"https:\/\/editura-unibuc.ro\/en\/wp-json\/wp\/v2\/comments?post=41931"}],"wp:featuredmedia":[{"embeddable":true,"href":"https:\/\/editura-unibuc.ro\/en\/wp-json\/wp\/v2\/media\/41932"}],"wp:attachment":[{"href":"https:\/\/editura-unibuc.ro\/en\/wp-json\/wp\/v2\/media?parent=41931"}],"wp:term":[{"taxonomy":"product_brand","embeddable":true,"href":"https:\/\/editura-unibuc.ro\/en\/wp-json\/wp\/v2\/product_brand?post=41931"},{"taxonomy":"product_cat","embeddable":true,"href":"https:\/\/editura-unibuc.ro\/en\/wp-json\/wp\/v2\/product_cat?post=41931"},{"taxonomy":"product_tag","embeddable":true,"href":"https:\/\/editura-unibuc.ro\/en\/wp-json\/wp\/v2\/product_tag?post=41931"}],"curies":[{"name":"wp","href":"https:\/\/api.w.org\/{rel}","templated":true}]}}