{"id":41951,"date":"2023-11-29T12:34:33","date_gmt":"2023-11-29T10:34:33","guid":{"rendered":"https:\/\/editura-unibuc.ro\/?post_type=product&#038;p=41951"},"modified":"2025-05-09T10:14:06","modified_gmt":"2025-05-09T07:14:06","slug":"limbajul-corporatist-analiza-lexicologica-si-socioculturala","status":"publish","type":"product","link":"https:\/\/editura-unibuc.ro\/en\/limbajul-corporatist-analiza-lexicologica-si-socioculturala\/","title":{"rendered":"LIMBAJUL CORPORATIST: analiz\u0103 lexicologic\u0103 \u015fi sociocultural\u0103"},"content":{"rendered":"","protected":false},"excerpt":{"rendered":"<hr \/>\n<p><strong><a href=\"https:\/\/books.google.ro\/books\/about?id=HiDwEAAAQBAJ&#038;redir_esc=y\" target=\"_blank\" rel=\"noopener\"><img decoding=\"async\" src=\"https:\/\/editura-unibuc.ro\/wp-content\/uploads\/2025\/04\/goo.png\" \/>Google Books<\/a><\/strong><br \/>&nbsp;<\/p>\n<hr \/>\n<p>Redimensionarea structural\u0103 a societ\u0103\u021bii rom\u00e2ne\u0219ti postdecembriste \u0219i, \u00een mod particular, apari\u021bia \u0219i \u00eent\u0103rirea mediului de afaceri \u00een Rom\u00e2nia au determinat apari\u021bia, impunerea \u0219i diversificarea unui nou limbaj socioprofesional, respectiv limbajul corporatist. Importat din societ\u0103\u021bile dezvoltate economic, acest limbaj a c\u00e2\u0219tigat, treptat, teren \u0219i la noi, dominat de influen\u021ba lingvistic\u0103 (\u00een special la nivel lexico-semantic, frazeologic \u0219i sintactic) anglo-american\u0103, reprezent\u00e2nd, \u00een rela\u021bie cu alte limbi \u0219i societ\u0103\u021bi, un exemplu categoric de globalizare.<br \/>\nPrezenta lucrare \u00ee\u0219i propune s\u0103 defineasc\u0103 \u0219i s\u0103 analizeze \u00een detaliu acest limbaj sectorial rom\u00e2nesc de dat\u0103 recent\u0103, parte component\u0103 a unui proces socioeconomic \u0219i cultural care func\u021bioneaz\u0103 la nivel interna\u021bional, similar, a\u0219adar, corespondentelor lui din celelalte limbi \u0219i societ\u0103\u021bi ale lumii moderne.<br \/>\nMotivarea investiga\u021biei acestui limbaj este at\u00e2t teoretic\u0103, c\u00e2t \u0219i practic\u0103 (aplicativ\u0103). Sub aspect teoretic, studierea limbajului corporatist este important\u0103 pentru relevarea unor aspecte particulare ale st\u0103rii, compartiment\u0103rii \u0219i dinamicii lexicului actual \u0219i care vizeaz\u0103, \u00een primul r\u00e2nd, tendin\u021ba de \u00eencadrare a limbii rom\u00e2ne \u00een contextul mai larg al globaliz\u0103rii (inclusiv) lingvistice, sim\u021bite ca o realitate evident\u0103 a lumii de ast\u0103zi. Valoarea aplicativ\u0103 a unui asemenea studiu se reg\u0103se\u0219te \u00een alc\u0103tuirea corpusului lexical \u0219i  frazeologic (excerptat, cu prec\u0103dere, din activitatea intern\u0103 a unor corpora\u021bii, la care se adaug\u0103 lucr\u0103ri de specialitate, documente online, dic\u021bionare etc.).<\/p>\n","protected":false},"featured_media":43198,"comment_status":"open","ping_status":"closed","template":"","meta":[],"product_brand":[],"product_cat":[3823,1531,2756,1464],"product_tag":[895],"class_list":{"0":"post-41951","1":"product","2":"type-product","3":"status-publish","4":"has-post-thumbnail","6":"product_cat-stiinte-umane","7":"product_cat-colectii","8":"product_cat-lingvistica-lingua","9":"product_cat-filologie","10":"product_tag-lingvistica","12":"first","13":"instock","14":"shipping-taxable","15":"purchasable","16":"product-type-simple"},"_links":{"self":[{"href":"https:\/\/editura-unibuc.ro\/en\/wp-json\/wp\/v2\/product\/41951","targetHints":{"allow":["GET"]}}],"collection":[{"href":"https:\/\/editura-unibuc.ro\/en\/wp-json\/wp\/v2\/product"}],"about":[{"href":"https:\/\/editura-unibuc.ro\/en\/wp-json\/wp\/v2\/types\/product"}],"replies":[{"embeddable":true,"href":"https:\/\/editura-unibuc.ro\/en\/wp-json\/wp\/v2\/comments?post=41951"}],"wp:featuredmedia":[{"embeddable":true,"href":"https:\/\/editura-unibuc.ro\/en\/wp-json\/wp\/v2\/media\/43198"}],"wp:attachment":[{"href":"https:\/\/editura-unibuc.ro\/en\/wp-json\/wp\/v2\/media?parent=41951"}],"wp:term":[{"taxonomy":"product_brand","embeddable":true,"href":"https:\/\/editura-unibuc.ro\/en\/wp-json\/wp\/v2\/product_brand?post=41951"},{"taxonomy":"product_cat","embeddable":true,"href":"https:\/\/editura-unibuc.ro\/en\/wp-json\/wp\/v2\/product_cat?post=41951"},{"taxonomy":"product_tag","embeddable":true,"href":"https:\/\/editura-unibuc.ro\/en\/wp-json\/wp\/v2\/product_tag?post=41951"}],"curies":[{"name":"wp","href":"https:\/\/api.w.org\/{rel}","templated":true}]}}