{"id":41954,"date":"2023-11-29T13:52:31","date_gmt":"2023-11-29T11:52:31","guid":{"rendered":"https:\/\/editura-unibuc.ro\/?post_type=product&#038;p=41954"},"modified":"2025-05-13T09:41:27","modified_gmt":"2025-05-13T06:41:27","slug":"etica-si-integritate-academicaeditia-a-ii-a","status":"publish","type":"product","link":"https:\/\/editura-unibuc.ro\/en\/etica-si-integritate-academicaeditia-a-ii-a\/","title":{"rendered":"ETIC\u0102 \u0218I INTEGRITATE ACADEMIC\u0102<br\/>edi\u021bia a II-a"},"content":{"rendered":"","protected":false},"excerpt":{"rendered":"<hr \/>\n<p><strong><a href=\"https:\/\/books.google.ro\/books\/about?id=Z5kGEQAAQBAJ&#038;redir_esc=y\" target=\"_blank\" rel=\"noopener\"><img decoding=\"async\" src=\"https:\/\/editura-unibuc.ro\/wp-content\/uploads\/2025\/04\/goo.png\" \/>Google Books<\/a><\/strong><br \/>&nbsp;<\/p>\n<hr \/>\n<p>Un manual comun de \u201eEtic\u0103 \u0219i integritate\u201d academic\u0103 este, desigur, prea pu\u021bin pentru a acoperi tematica relevant\u0103 \u00een toate domeniile \u0219tiin\u021bei \u0219i la toate nivelurile de studii. Ideal ar fi fost s\u0103 avem la dispozi\u021bie, pentru Universitatea din Bucure\u0219ti, cel pu\u021bin patruzeci de adapt\u0103ri \u0219i dezvolt\u0103ri separate ale acestui text, c\u00e2te una pentru fiecare facultate \u0219i pentru fiecare nivel de studii la care disciplina a devenit obligatorie. Nevoia de particularizare provine din suprapunerea doar par\u021bial\u0103 a problemelor etice de care ne lovim \u00een mod curent: \u00eentr-o m\u0103sur\u0103 semnificativ\u0103, de exemplu, ele vor fi diferite dac\u0103 facem cercetare de laborator sau pe subiec\u021bi vii, ori dac\u0103 lucr\u0103m \u00een special cu texte sau \u00een arhive.<br \/>\nNot\u00e2nd din start acest neajuns, credem totu\u0219i c\u0103 oferim un instrument util, de\u0219i incomplet. De\u0219i o parte dintre provoc\u0103rile de natur\u0103 moral\u0103 vor fi specifice, r\u0103m\u00e2ne totu\u0219i un nucleu consistent de teme transversale. Analiza \u0219i evaluarea competente din punct de vedere etic ale unei situa\u021bii presupun familiarizarea minimal\u0103 cu un set de concepte \u0219i instrumente argumentative de baz\u0103; mecanismele institu\u021bionale ale universit\u0103\u021bii \u00een domeniul managementului eticii sunt comune pentru to\u021bi; argumentele morale \u00eempotriva plagiatului r\u0103m\u00e2n \u00een mare m\u0103sur\u0103 acelea\u0219i, chiar dac\u0103 regulile de citare \u201etehnice\u201d pot diferi; h\u0103r\u021buirea este la fel de resping\u0103toare \u0219i c\u00e2nd se \u00eent\u00e2mpl\u0103 \u00eentr-un laborator, \u0219i c\u00e2nd se \u00eent\u00e2mpl\u0103 \u00eentr-un \u0219antier arheologic sau \u00eentr-o bibliotec\u0103 etc. Cazuistica poate varia, dar caracteristicile structurale ale situa\u021biilor se suprapun adesea.<br \/>\nAcest manual abordeaz\u0103 cu prec\u0103dere astfel de teme transversale (nu doar din zona filosofiei morale sau a eticii cercet\u0103rii). Am \u00eencercat s\u0103 folosim \u00eens\u0103 ilustr\u0103ri care provin \u0219i din \u0219tiin\u021bele naturii, \u0219i din cele sociale sau din disciplinele umaniste. Ele pot func\u021biona, sper\u0103m, cel pu\u021bin ca puncte de plecare ale unei dezvolt\u0103ri mai ample.<\/p>\n","protected":false},"featured_media":45681,"comment_status":"open","ping_status":"closed","template":"","meta":[],"product_brand":[],"product_cat":[991,994],"product_tag":[1347,3175],"class_list":{"0":"post-41954","1":"product","2":"type-product","3":"status-publish","4":"has-post-thumbnail","6":"product_cat-stiinte-sociale","7":"product_cat-filosofie","8":"product_tag-etica","9":"product_tag-integritate-academica","11":"first","12":"instock","13":"shipping-taxable","14":"purchasable","15":"product-type-simple"},"_links":{"self":[{"href":"https:\/\/editura-unibuc.ro\/en\/wp-json\/wp\/v2\/product\/41954","targetHints":{"allow":["GET"]}}],"collection":[{"href":"https:\/\/editura-unibuc.ro\/en\/wp-json\/wp\/v2\/product"}],"about":[{"href":"https:\/\/editura-unibuc.ro\/en\/wp-json\/wp\/v2\/types\/product"}],"replies":[{"embeddable":true,"href":"https:\/\/editura-unibuc.ro\/en\/wp-json\/wp\/v2\/comments?post=41954"}],"wp:featuredmedia":[{"embeddable":true,"href":"https:\/\/editura-unibuc.ro\/en\/wp-json\/wp\/v2\/media\/45681"}],"wp:attachment":[{"href":"https:\/\/editura-unibuc.ro\/en\/wp-json\/wp\/v2\/media?parent=41954"}],"wp:term":[{"taxonomy":"product_brand","embeddable":true,"href":"https:\/\/editura-unibuc.ro\/en\/wp-json\/wp\/v2\/product_brand?post=41954"},{"taxonomy":"product_cat","embeddable":true,"href":"https:\/\/editura-unibuc.ro\/en\/wp-json\/wp\/v2\/product_cat?post=41954"},{"taxonomy":"product_tag","embeddable":true,"href":"https:\/\/editura-unibuc.ro\/en\/wp-json\/wp\/v2\/product_tag?post=41954"}],"curies":[{"name":"wp","href":"https:\/\/api.w.org\/{rel}","templated":true}]}}