{"id":4224,"date":"2012-11-21T13:03:07","date_gmt":"2012-11-21T10:03:07","guid":{"rendered":"https:\/\/editura-unibuc.ro\/?p=4224"},"modified":"2024-07-26T08:44:02","modified_gmt":"2024-07-26T05:44:02","slug":"interactii-biomoleculare","status":"publish","type":"product","link":"https:\/\/editura-unibuc.ro\/en\/interactii-biomoleculare\/","title":{"rendered":"BIOMOLECULAR INTERACTIONS"},"content":{"rendered":"<p>Fenomenele care au loc la nivelul organismelor vii sunt determinate de o ierarhie a principiilor fizice \u0219i chimice. \u00cen cadrul investig\u0103rii lor se \u021bine cont de m\u0103sura \u00een care aspectele moleculare ale biologiei sunt reflectate de nivelul cel mai de jos al acestei ierarhii, unde ac\u021bioneaz\u0103 legile fundamentale ale structurii \u0219i interac\u021biilor atomice \u0219i moleculare, descrise de teoria cuantic\u0103.<\/p>\n<p>\u00cen aceast\u0103 lucrare sunt prezentate for\u021bele intermoleculare dar, \u00een m\u0103sur\u0103 egal\u0103, \u0219i for\u021bele intramoleculare, excluz\u00e2nd tratarea for\u021belor ionice \u0219i covalentecare apar la formarea moleculelor, \u00een general, \u0219i la formarea structurii primare a macromoleculelor biologice, \u00een special. \u00cen cadrul acestor interac\u021bii, vor fi tratate interac\u021biile van der Waals \u0219i interac\u021biile speciale, adic\u0103, leg\u0103tura de hidrogen \u0219i interac\u021biile hidrofobe, de mare importan\u021b\u0103 pentru lumea vie.<\/p>\n","protected":false},"excerpt":{"rendered":"<p>Fenomenele care au loc la nivelul organismelor vii sunt determinate de o ierarhie a principiilor fizice \u0219i chimice. \u00cen cadrul investig\u0103rii lor se \u021bine cont de m\u0103sura \u00een care aspectele moleculare ale biologiei sunt reflectate de nivelul cel mai de jos al acestei ierarhii, unde ac\u021bioneaz\u0103 legile fundamentale ale structurii \u0219i interac\u021biilor atomice \u0219i moleculare, [&hellip;]<\/p>\n","protected":false},"featured_media":9050,"comment_status":"open","ping_status":"closed","template":"","meta":[],"product_brand":[],"product_cat":[1466,988],"product_tag":[904],"class_list":{"0":"post-4224","1":"product","2":"type-product","3":"status-publish","4":"has-post-thumbnail","6":"product_cat-stiinte-ale-naturii","7":"product_cat-biologie","8":"product_tag-biologie","10":"first","11":"outofstock","12":"shipping-taxable","13":"purchasable","14":"product-type-simple"},"_links":{"self":[{"href":"https:\/\/editura-unibuc.ro\/en\/wp-json\/wp\/v2\/product\/4224","targetHints":{"allow":["GET"]}}],"collection":[{"href":"https:\/\/editura-unibuc.ro\/en\/wp-json\/wp\/v2\/product"}],"about":[{"href":"https:\/\/editura-unibuc.ro\/en\/wp-json\/wp\/v2\/types\/product"}],"replies":[{"embeddable":true,"href":"https:\/\/editura-unibuc.ro\/en\/wp-json\/wp\/v2\/comments?post=4224"}],"wp:featuredmedia":[{"embeddable":true,"href":"https:\/\/editura-unibuc.ro\/en\/wp-json\/wp\/v2\/media\/9050"}],"wp:attachment":[{"href":"https:\/\/editura-unibuc.ro\/en\/wp-json\/wp\/v2\/media?parent=4224"}],"wp:term":[{"taxonomy":"product_brand","embeddable":true,"href":"https:\/\/editura-unibuc.ro\/en\/wp-json\/wp\/v2\/product_brand?post=4224"},{"taxonomy":"product_cat","embeddable":true,"href":"https:\/\/editura-unibuc.ro\/en\/wp-json\/wp\/v2\/product_cat?post=4224"},{"taxonomy":"product_tag","embeddable":true,"href":"https:\/\/editura-unibuc.ro\/en\/wp-json\/wp\/v2\/product_tag?post=4224"}],"curies":[{"name":"wp","href":"https:\/\/api.w.org\/{rel}","templated":true}]}}