{"id":42248,"date":"2023-12-11T11:58:30","date_gmt":"2023-12-11T09:58:30","guid":{"rendered":"https:\/\/editura-unibuc.ro\/?post_type=product&#038;p=42248"},"modified":"2025-08-07T13:48:35","modified_gmt":"2025-08-07T10:48:35","slug":"annals-of-the-university-of-bucharest-philosophyseries-2022-number-ii","status":"publish","type":"product","link":"https:\/\/editura-unibuc.ro\/en\/annals-of-the-university-of-bucharest-philosophyseries-2022-number-ii\/","title":{"rendered":"ANNALS OF THE UNIVERSITY OF BUCHAREST PHILOSOPHYSERIES 2022 number II"},"content":{"rendered":"","protected":false},"excerpt":{"rendered":"<p>Din cuprins:<br \/>\nCORINA DOMNARI, Returning to Self and Levels of Consciousness: Similarities and Differences in Neoplatonic Semantic of Epistrophe<br \/>\nVASILE MUGUREL P\u0102V\u0102LUC\u0102, Happiness According to Boethius\u2019 Consolatio Philosophiae<br \/>\nSYLVIA BORISSOVA, On Creativity and the Most Beautiful Passion<br \/>\nFLORENTINA ENEA, Music and Emotion: From Ancient Greece to Contemporaneity<br \/>\nSOCIETY AND POLITICS: PHILOSOPHICAL APPROACHES GYULNARA I. GADZHIMURADOVA, Philosophy of Education in the Context of New Socio-Political Trends and Migration of Citizens<br \/>\nBOGDANA TODOROVA, Islam as a Political Project in Post-Independent Azerbaijan<br \/>\nBOOK REVIEW: DRAGO\u0218 GRUSEA, The Old Roots of the New Aesthetics<\/p>\n","protected":false},"featured_media":42250,"comment_status":"open","ping_status":"closed","template":"","meta":[],"product_brand":[],"product_cat":[3934,1469,1892,994],"product_tag":[1377,921],"class_list":{"0":"post-42248","1":"product","2":"type-product","3":"status-publish","4":"has-post-thumbnail","6":"product_cat-anale-filosofie","7":"product_cat-periodice","8":"product_cat-anale","9":"product_cat-filosofie","10":"product_tag-estetica","11":"product_tag-filosofie","13":"first","14":"outofstock","15":"downloadable","16":"shipping-taxable","17":"product-type-simple"},"_links":{"self":[{"href":"https:\/\/editura-unibuc.ro\/en\/wp-json\/wp\/v2\/product\/42248","targetHints":{"allow":["GET"]}}],"collection":[{"href":"https:\/\/editura-unibuc.ro\/en\/wp-json\/wp\/v2\/product"}],"about":[{"href":"https:\/\/editura-unibuc.ro\/en\/wp-json\/wp\/v2\/types\/product"}],"replies":[{"embeddable":true,"href":"https:\/\/editura-unibuc.ro\/en\/wp-json\/wp\/v2\/comments?post=42248"}],"wp:featuredmedia":[{"embeddable":true,"href":"https:\/\/editura-unibuc.ro\/en\/wp-json\/wp\/v2\/media\/42250"}],"wp:attachment":[{"href":"https:\/\/editura-unibuc.ro\/en\/wp-json\/wp\/v2\/media?parent=42248"}],"wp:term":[{"taxonomy":"product_brand","embeddable":true,"href":"https:\/\/editura-unibuc.ro\/en\/wp-json\/wp\/v2\/product_brand?post=42248"},{"taxonomy":"product_cat","embeddable":true,"href":"https:\/\/editura-unibuc.ro\/en\/wp-json\/wp\/v2\/product_cat?post=42248"},{"taxonomy":"product_tag","embeddable":true,"href":"https:\/\/editura-unibuc.ro\/en\/wp-json\/wp\/v2\/product_tag?post=42248"}],"curies":[{"name":"wp","href":"https:\/\/api.w.org\/{rel}","templated":true}]}}