{"id":42375,"date":"2023-12-18T13:55:31","date_gmt":"2023-12-18T11:55:31","guid":{"rendered":"https:\/\/editura-unibuc.ro\/?post_type=product&#038;p=42375"},"modified":"2023-12-18T14:05:36","modified_gmt":"2023-12-18T12:05:36","slug":"revista-cercurilor-studentesti-ale-departamentului-de-limba-si-literatura-franceza-rcsdllf-nr-11-2022","status":"publish","type":"product","link":"https:\/\/editura-unibuc.ro\/en\/revista-cercurilor-studentesti-ale-departamentului-de-limba-si-literatura-franceza-rcsdllf-nr-11-2022\/","title":{"rendered":"REVISTA CERCURILOR STUDEN\u021aE\u0218TI ALE DEPARTAMENTULUI DE LIMBA \u0218I LITERATURA FRANCEZ\u0102 (RCSDLLF) NR.11\/2022"},"content":{"rendered":"","protected":false},"excerpt":{"rendered":"<p>Revista Cercurilor studen\u0163e\u015fti ale Departamentului de Limba \u015fi Literatura Francez\u0103 (RCSDLLF) este o publica\u0163ie a Departamentului de Limba \u015fi Literatura Francez\u0103, reunind preponderent, pentru num\u0103rul curent, cele mai bune articole rezultate din interven\u0163iile studen\u0163ilor,<br \/>\n\u00een anii 2021 \u015fi 2022, \u00een cadrul Sesiunilor de comunic\u0103ri \u015ftiin\u0163ifice ale studen\u0163ilor FLLS \u2013 sec\u0163iunea Studii literare, precum \u015fi \u00een cadrul Cercului Literatura extremului contemporan: Premiul Goncourt. Alegerea studen\u0163ilor rom\u00e2ni (bilan\u0163ul activit\u0103\u0163ilor Juriului bucure\u015ftean pentru desemnarea laureatului Premiului Goncourt pe anul 2022, eveniment cultural interna\u0163ional aflat pentru Rom\u00e2nia la a zecea edi\u0163ie), coordonat de prof. dr. Lidia Cotea. De asemenea, sunt incluse \u015fi alte tipuri de contribu\u0163ii prezentate la diverse manifest\u0103ri \u015ftiin\u0163ifice, na\u0163ionale \u015fi interna\u0163ionale.<br \/>\nDin cuprins:<br \/>\nADNANA GIROUD, Sur l\u2019iconologie warburgienne et la conversion \u00e0 soi de Marie-Madeleine<br \/>\nLARISSA LUIC\u0102, SIMONA NECULA, Le retour des filles prodigues. D\u00e9paysement, extran\u00e9it\u00e9 et alt\u00e9rit\u00e9 chez Malika Mokeddem et Kaouther Adimi<br \/>\nFABIANA FLORESCU, La cr\u00e9ation comme art de respiration chez Val\u00e8re Novarina<br \/>\nDIANA DINIC\u0102, Le n\u00e9o-fran\u00e7ais de Raymond Queneau \u00e0 l\u2019\u00e9preuve de la traduction \u2013 d\u00e9fis et limites<br \/>\nLIDIA COTEA, MIHAELA ST\u0102NIC\u0102, FABIANA FLORESCU, Sentiers du je(u) : se dissimuler pour sonder les obscurit\u00e9s. La Liste Goncourt \u2013 Le Choix de la Roumanie 2022<br \/>\nADNANA GIROUD, Compte rendu : Clo\u00e9 Korman, Les Presque Soeurs, Paris, Seuil, 2022<br \/>\nFABIANA FLORESCU, Compte rendu : Makenzy Orcel, Une somme humaine, Rivages, 2022<br \/>\nALICIA BABA, Compte rendu : Muriel Barbery, Une heure de ferveur, Paris, Actes Sud, 2022<br \/>\nIOANA BELU, Compte rendu : Muriel Barbery, Une heure de ferveur, Paris, Actes Sud, 2022<br \/>\nGIORGIANA HANGU, Compte rendu : Brigitte Giraud, Vivre vite, Paris, Flammarion, 2022<br \/>\nDANIELA T\u0102NASE, Compte rendu : Nathan Devers, Les Liens artificiels, Paris, Albin Michel, 2022<\/p>\n","protected":false},"featured_media":42376,"comment_status":"open","ping_status":"closed","template":"","meta":[],"product_brand":[],"product_cat":[3944,1464,977,1469,1893],"product_tag":[877],"class_list":{"0":"post-42375","1":"product","2":"type-product","3":"status-publish","4":"has-post-thumbnail","6":"product_cat-revista-cercurilor-studentesti-limba-si-literatura-franceza","7":"product_cat-filologie","8":"product_cat-limba-franceza","9":"product_cat-periodice","10":"product_cat-reviste-academice","11":"product_tag-franceza","13":"first","14":"instock","15":"shipping-taxable","16":"product-type-simple"},"_links":{"self":[{"href":"https:\/\/editura-unibuc.ro\/en\/wp-json\/wp\/v2\/product\/42375","targetHints":{"allow":["GET"]}}],"collection":[{"href":"https:\/\/editura-unibuc.ro\/en\/wp-json\/wp\/v2\/product"}],"about":[{"href":"https:\/\/editura-unibuc.ro\/en\/wp-json\/wp\/v2\/types\/product"}],"replies":[{"embeddable":true,"href":"https:\/\/editura-unibuc.ro\/en\/wp-json\/wp\/v2\/comments?post=42375"}],"wp:featuredmedia":[{"embeddable":true,"href":"https:\/\/editura-unibuc.ro\/en\/wp-json\/wp\/v2\/media\/42376"}],"wp:attachment":[{"href":"https:\/\/editura-unibuc.ro\/en\/wp-json\/wp\/v2\/media?parent=42375"}],"wp:term":[{"taxonomy":"product_brand","embeddable":true,"href":"https:\/\/editura-unibuc.ro\/en\/wp-json\/wp\/v2\/product_brand?post=42375"},{"taxonomy":"product_cat","embeddable":true,"href":"https:\/\/editura-unibuc.ro\/en\/wp-json\/wp\/v2\/product_cat?post=42375"},{"taxonomy":"product_tag","embeddable":true,"href":"https:\/\/editura-unibuc.ro\/en\/wp-json\/wp\/v2\/product_tag?post=42375"}],"curies":[{"name":"wp","href":"https:\/\/api.w.org\/{rel}","templated":true}]}}