{"id":42441,"date":"2023-12-21T12:15:29","date_gmt":"2023-12-21T10:15:29","guid":{"rendered":"https:\/\/editura-unibuc.ro\/?post_type=product&#038;p=42441"},"modified":"2023-12-21T12:15:30","modified_gmt":"2023-12-21T10:15:30","slug":"slovo-nr-13","status":"publish","type":"product","link":"https:\/\/editura-unibuc.ro\/en\/slovo-nr-13\/","title":{"rendered":"SLOVO NR. 13"},"content":{"rendered":"","protected":false},"excerpt":{"rendered":"<p>Volumul sesiunilor \u0219i \u0441\u0435r\u0441urilor \u0219tiin\u021bifi\u0441\u0435 \u0430l\u0435 studen\u021bilor, m\u0430st\u0435r\u0430nzilor \u0219i doctoranzilor de l\u0430 D\u0435\u0440\u0430rt\u0430m\u0435ntul de filologie rus\u0103 \u0219i slav\u0103<br \/>\nDin cuprins:<br \/>\nOANA-MARIA RACOVI\u021a\u0102, Insula Sahalin de Cehov: o descindere \u00een infernul unei colonii penitenciare<br \/>\nSERGIU LOZINSCHI, Romanul rus din secolul al XIX-lea \u0219i dinamica literaturii argentiniene. Studiu de caz: Tunelul de Ernesto S\u00e1bato<br \/>\nOCTAVIA-ANA BLAGA, Cehov \u00een gr\u0103din\u0103: avataruri ale spa\u021biului \u00een C\u0103lug\u0103rul negru<br \/>\nANDREI PARASCHIV, Mitul tr\u0103d\u0103torului: Evanghelia lui Iuda dup\u0103 Leonid Andreev<br \/>\nANCA SEC\u0102REANU, Antiteza \u201eNord\u2013Sud\u201d \u00een lirica lui Fiodor Tiutcev<br \/>\nANI\u0218OARA DENIS-CONDRAT, De la Aleksei Pe\u0219kov la Maksim Gorki. Metamorfozele unui scriitor<br \/>\nANA BULIBA\u0218 (BOTEZ), Republica Moldova: \u00eentre bilingvism armonios \u0219i conflict lingvistic<br \/>\nALEXANDRA-ANA CHIPRIAN, Limbajul propagandei \u00een presa rus\u0103 din zilele noastre<br \/>\nALEXANDRA OPRIN, Stiluri de comunicare \u0219i de discurs \u00een Oblomov de Ivan Goncearov: Oblomov vs. Stolz<br \/>\nRecenzii<br \/>\nSEBASTIAN-VIRGIL DINC\u0102, Intersec\u021bii lirice. Poezia contemporan\u0103 din Ucraina \u0219i Polonia<br \/>\nRALUCA P\u00ceRLOG, Dostoievski revizitat<\/p>\n","protected":false},"featured_media":42444,"comment_status":"open","ping_status":"closed","template":"","meta":[],"product_brand":[],"product_cat":[3917,1464,981,1469,1893],"product_tag":[3169],"class_list":{"0":"post-42441","1":"product","2":"type-product","3":"status-publish","4":"has-post-thumbnail","6":"product_cat-slovo","7":"product_cat-filologie","8":"product_cat-limbi-slave","9":"product_cat-periodice","10":"product_cat-reviste-academice","11":"product_tag-filologie-rusa","13":"first","14":"instock","15":"downloadable","16":"shipping-taxable","17":"product-type-simple"},"_links":{"self":[{"href":"https:\/\/editura-unibuc.ro\/en\/wp-json\/wp\/v2\/product\/42441","targetHints":{"allow":["GET"]}}],"collection":[{"href":"https:\/\/editura-unibuc.ro\/en\/wp-json\/wp\/v2\/product"}],"about":[{"href":"https:\/\/editura-unibuc.ro\/en\/wp-json\/wp\/v2\/types\/product"}],"replies":[{"embeddable":true,"href":"https:\/\/editura-unibuc.ro\/en\/wp-json\/wp\/v2\/comments?post=42441"}],"wp:featuredmedia":[{"embeddable":true,"href":"https:\/\/editura-unibuc.ro\/en\/wp-json\/wp\/v2\/media\/42444"}],"wp:attachment":[{"href":"https:\/\/editura-unibuc.ro\/en\/wp-json\/wp\/v2\/media?parent=42441"}],"wp:term":[{"taxonomy":"product_brand","embeddable":true,"href":"https:\/\/editura-unibuc.ro\/en\/wp-json\/wp\/v2\/product_brand?post=42441"},{"taxonomy":"product_cat","embeddable":true,"href":"https:\/\/editura-unibuc.ro\/en\/wp-json\/wp\/v2\/product_cat?post=42441"},{"taxonomy":"product_tag","embeddable":true,"href":"https:\/\/editura-unibuc.ro\/en\/wp-json\/wp\/v2\/product_tag?post=42441"}],"curies":[{"name":"wp","href":"https:\/\/api.w.org\/{rel}","templated":true}]}}