{"id":4265,"date":"2012-11-26T11:38:52","date_gmt":"2012-11-26T09:38:52","guid":{"rendered":"https:\/\/editura-unibuc.ro\/?p=4265"},"modified":"2016-02-18T15:11:16","modified_gmt":"2016-02-18T13:11:16","slug":"la-magie-des-mots-melanges-offerts-a-alexandra-cunita","status":"publish","type":"product","link":"https:\/\/editura-unibuc.ro\/en\/la-magie-des-mots-melanges-offerts-a-alexandra-cunita\/","title":{"rendered":"MAGIC OF WORDS. HOMAGE TO ALEXANDRA CUNI\u021a\u0102"},"content":{"rendered":"<p>Contribu\u021biile reunite \u00een paginile care urmeaz\u0103 se doresc a fi o m\u0103rturie de admira\u021bie \u0219i recuno\u0219tin\u021b\u0103 pe care membrii actuali ai Catedrei de Francez\u0103 de la Facultatea de Limbi \u0219i Literaturi Str\u0103ine a Universit\u0103\u021bii din Bucure\u0219ti au \u021binut s\u0103 o ofere Alexandrei Cuni\u021b\u0103, care a fost pentru to\u021bi, f\u0103r\u0103 excep\u021bie, un profesor respectat, o coleg\u0103 generoas\u0103 cu timpul \u0219i sfaturile sale, \u0219i, cu siguran\u021b\u0103, un conduc\u0103tor de tez\u0103 exigent \u0219i eficace. (Introduction)<\/p>\n<p>Volumul cuprinde articole redactate \u00een limba francez\u0103 din domeniul lingvistic, filologic \u0219i spa\u021biul cultural francez.<\/p>\n","protected":false},"excerpt":{"rendered":"<p>Contribu\u021biile reunite \u00een paginile care urmeaz\u0103 se doresc a fi o m\u0103rturie de admira\u021bie \u0219i recuno\u0219tin\u021b\u0103 pe care membrii actuali ai Catedrei de Francez\u0103 de la Facultatea de Limbi \u0219i Literaturi Str\u0103ine a Universit\u0103\u021bii din Bucure\u0219ti au \u021binut s\u0103 o ofere Alexandrei Cuni\u021b\u0103, care a fost pentru to\u021bi, f\u0103r\u0103 excep\u021bie, un profesor respectat, o coleg\u0103 [&hellip;]<\/p>\n","protected":false},"featured_media":9047,"comment_status":"open","ping_status":"closed","template":"","meta":[],"product_brand":[],"product_cat":[1464,977],"product_tag":[877],"class_list":{"0":"post-4265","1":"product","2":"type-product","3":"status-publish","4":"has-post-thumbnail","6":"product_cat-filologie","7":"product_cat-limba-franceza","8":"product_tag-franceza","10":"first","11":"outofstock","12":"shipping-taxable","13":"product-type-simple"},"_links":{"self":[{"href":"https:\/\/editura-unibuc.ro\/en\/wp-json\/wp\/v2\/product\/4265","targetHints":{"allow":["GET"]}}],"collection":[{"href":"https:\/\/editura-unibuc.ro\/en\/wp-json\/wp\/v2\/product"}],"about":[{"href":"https:\/\/editura-unibuc.ro\/en\/wp-json\/wp\/v2\/types\/product"}],"replies":[{"embeddable":true,"href":"https:\/\/editura-unibuc.ro\/en\/wp-json\/wp\/v2\/comments?post=4265"}],"wp:featuredmedia":[{"embeddable":true,"href":"https:\/\/editura-unibuc.ro\/en\/wp-json\/wp\/v2\/media\/9047"}],"wp:attachment":[{"href":"https:\/\/editura-unibuc.ro\/en\/wp-json\/wp\/v2\/media?parent=4265"}],"wp:term":[{"taxonomy":"product_brand","embeddable":true,"href":"https:\/\/editura-unibuc.ro\/en\/wp-json\/wp\/v2\/product_brand?post=4265"},{"taxonomy":"product_cat","embeddable":true,"href":"https:\/\/editura-unibuc.ro\/en\/wp-json\/wp\/v2\/product_cat?post=4265"},{"taxonomy":"product_tag","embeddable":true,"href":"https:\/\/editura-unibuc.ro\/en\/wp-json\/wp\/v2\/product_tag?post=4265"}],"curies":[{"name":"wp","href":"https:\/\/api.w.org\/{rel}","templated":true}]}}