{"id":4269,"date":"2012-11-26T11:43:44","date_gmt":"2012-11-26T08:43:44","guid":{"rendered":"https:\/\/editura-unibuc.ro\/?p=4269"},"modified":"2025-06-27T10:07:44","modified_gmt":"2025-06-27T07:07:44","slug":"limba-rusa-contemporana-morfologia","status":"publish","type":"product","link":"https:\/\/editura-unibuc.ro\/en\/limba-rusa-contemporana-morfologia\/","title":{"rendered":"CONTEMPORARY RUSSIAN. MORPHOLOGY"},"content":{"rendered":"<p>Lucrarea de fa\u021b\u0103 se adreseaz\u0103 studen\u021bilor de la sec\u021bia de limba \u0219i literatura rus\u0103 din cadrul Facult\u0103\u021bii de Limbi \u0219i Literaturi Str\u0103ine a Universit\u0103\u021bii din Bucure\u0219ti, profesorilor de limba rus\u0103 \u00een vederea perfec\u021bion\u0103rii \u0219i preg\u0103tirii pentru ob\u021binerea gradelor didactice, studen\u021bilor de la alte facult\u0103\u021bi unde se studiaz\u0103 limba rus\u0103, precum \u0219i tuturor celor care doresc s\u0103-\u0219i perfec\u021bioneze cuno\u0219tin\u021bele \u00een domeniul limbii ruse literare contemporane. Ca punct de plecare, lucrarea are cursurile de limba rus\u0103 contemporan\u0103 \u021binute de autor \u00een ultimii ani la facultatea aminitit\u0103 mai sus. (Cuv\u00e2nt \u00eenainte)<\/p>\n","protected":false},"excerpt":{"rendered":"<p>Lucrarea de fa\u021b\u0103 se adreseaz\u0103 studen\u021bilor de la sec\u021bia de limba \u0219i literatura rus\u0103 din cadrul Facult\u0103\u021bii de Limbi \u0219i Literaturi Str\u0103ine a Universit\u0103\u021bii din Bucure\u0219ti, profesorilor de limba rus\u0103 \u00een vederea perfec\u021bion\u0103rii \u0219i preg\u0103tirii pentru ob\u021binerea gradelor didactice, studen\u021bilor de la alte facult\u0103\u021bi unde se studiaz\u0103 limba rus\u0103, precum \u0219i tuturor celor care doresc [&hellip;]<\/p>\n","protected":false},"featured_media":9044,"comment_status":"open","ping_status":"closed","template":"","meta":[],"product_brand":[],"product_cat":[1464,981],"product_tag":[1045],"class_list":{"0":"post-4269","1":"product","2":"type-product","3":"status-publish","4":"has-post-thumbnail","6":"product_cat-filologie","7":"product_cat-limbi-slave","8":"product_tag-rusa","10":"first","11":"instock","12":"shipping-taxable","13":"purchasable","14":"product-type-simple"},"_links":{"self":[{"href":"https:\/\/editura-unibuc.ro\/en\/wp-json\/wp\/v2\/product\/4269","targetHints":{"allow":["GET"]}}],"collection":[{"href":"https:\/\/editura-unibuc.ro\/en\/wp-json\/wp\/v2\/product"}],"about":[{"href":"https:\/\/editura-unibuc.ro\/en\/wp-json\/wp\/v2\/types\/product"}],"replies":[{"embeddable":true,"href":"https:\/\/editura-unibuc.ro\/en\/wp-json\/wp\/v2\/comments?post=4269"}],"wp:featuredmedia":[{"embeddable":true,"href":"https:\/\/editura-unibuc.ro\/en\/wp-json\/wp\/v2\/media\/9044"}],"wp:attachment":[{"href":"https:\/\/editura-unibuc.ro\/en\/wp-json\/wp\/v2\/media?parent=4269"}],"wp:term":[{"taxonomy":"product_brand","embeddable":true,"href":"https:\/\/editura-unibuc.ro\/en\/wp-json\/wp\/v2\/product_brand?post=4269"},{"taxonomy":"product_cat","embeddable":true,"href":"https:\/\/editura-unibuc.ro\/en\/wp-json\/wp\/v2\/product_cat?post=4269"},{"taxonomy":"product_tag","embeddable":true,"href":"https:\/\/editura-unibuc.ro\/en\/wp-json\/wp\/v2\/product_tag?post=4269"}],"curies":[{"name":"wp","href":"https:\/\/api.w.org\/{rel}","templated":true}]}}