{"id":42788,"date":"2024-01-11T11:16:55","date_gmt":"2024-01-11T09:16:55","guid":{"rendered":"https:\/\/editura-unibuc.ro\/?post_type=product&#038;p=42788"},"modified":"2025-09-23T10:50:51","modified_gmt":"2025-09-23T07:50:51","slug":"competenta-profesional-didactica-in-predarea-limbilor-strainilor-formare-si-perfectionare-in-invatamantul-primar-aplicatie-la-limba-germana-ca-limba-straina","status":"publish","type":"product","link":"https:\/\/editura-unibuc.ro\/en\/competenta-profesional-didactica-in-predarea-limbilor-strainilor-formare-si-perfectionare-in-invatamantul-primar-aplicatie-la-limba-germana-ca-limba-straina\/","title":{"rendered":"COMPETEN\u021aA PROFESIONAL-DIDACTIC\u0102 \u00ceN PREDAREA LIMBILOR STR\u0102INILOR \u2013 FORMARE \u0218I PERFEC\u021aIONARE \u00ceN \u00ceNV\u0102\u021a\u0102M\u00c2NTUL PRIMAR. APLICA\u021aIE LA LIMBA GERMAN\u0102 CA LIMB\u0102 STR\u0102IN\u0102"},"content":{"rendered":"","protected":false},"excerpt":{"rendered":"<hr \/>\n<p><strong><a href=\"https:\/\/books.google.ro\/books\/about?id=ICDwEAAAQBAJ&#038;redir_esc=y\" target=\"_blank\" rel=\"noopener\"><img decoding=\"async\" src=\"https:\/\/editura-unibuc.ro\/wp-content\/uploads\/2025\/04\/goo.png\" \/>Google Books<\/a><\/strong><br \/>&nbsp;<\/p>\n<hr \/>\n<p>The modernization of educational systems has influenced teachers and guided them to cultivate their verbal expression so that the study of a foreign language can take place &#8220;in a linguistic bath&#8221;, so that students can benefit at a high level from the science, culture and tradition of the language being studied.<br \/>\nDeveloping professional-didactic competence, by participating in training courses, in which strategies, methods, techniques, teaching, learning and assessment procedures are promoted, can provide parents with the confidence and certainty that students will learn the foreign language they have chosen, even at a school where there is no native profile.<br \/>\nIf the connections between peoples have been frequently made through communication, learning foreign languages \u200b\u200brequires the same approach. Whether we teach the mother tongue or a foreign language, the student will receive the necessary support in both situations. In this case, the success of learning both the mother tongue and the foreign language will depend on the constant, correct practice of pronunciation and patterns, but also on the talent, ambition and will of the student.<br \/>\nTherefore, it is important today for schools to promote passionate teachers who are willing to share their scientific knowledge voluntarily without being constrained by other factors. If students learn a foreign language from the preparatory class and if teachers are well-trained, children have a very high chance of succeeding. This can be seen in the case of English. The basic idea that concerned us during our study was to bring German to the practicable stage of English.<\/p>\n","protected":false},"featured_media":43197,"comment_status":"open","ping_status":"closed","template":"","meta":[],"product_brand":[],"product_cat":[3823,1464,978],"product_tag":[1059],"class_list":{"0":"post-42788","1":"product","2":"type-product","3":"status-publish","4":"has-post-thumbnail","6":"product_cat-stiinte-umane","7":"product_cat-filologie","8":"product_cat-germanic-languages","9":"product_tag-limbi-straine","11":"first","12":"instock","13":"shipping-taxable","14":"purchasable","15":"product-type-simple"},"_links":{"self":[{"href":"https:\/\/editura-unibuc.ro\/en\/wp-json\/wp\/v2\/product\/42788","targetHints":{"allow":["GET"]}}],"collection":[{"href":"https:\/\/editura-unibuc.ro\/en\/wp-json\/wp\/v2\/product"}],"about":[{"href":"https:\/\/editura-unibuc.ro\/en\/wp-json\/wp\/v2\/types\/product"}],"replies":[{"embeddable":true,"href":"https:\/\/editura-unibuc.ro\/en\/wp-json\/wp\/v2\/comments?post=42788"}],"wp:featuredmedia":[{"embeddable":true,"href":"https:\/\/editura-unibuc.ro\/en\/wp-json\/wp\/v2\/media\/43197"}],"wp:attachment":[{"href":"https:\/\/editura-unibuc.ro\/en\/wp-json\/wp\/v2\/media?parent=42788"}],"wp:term":[{"taxonomy":"product_brand","embeddable":true,"href":"https:\/\/editura-unibuc.ro\/en\/wp-json\/wp\/v2\/product_brand?post=42788"},{"taxonomy":"product_cat","embeddable":true,"href":"https:\/\/editura-unibuc.ro\/en\/wp-json\/wp\/v2\/product_cat?post=42788"},{"taxonomy":"product_tag","embeddable":true,"href":"https:\/\/editura-unibuc.ro\/en\/wp-json\/wp\/v2\/product_tag?post=42788"}],"curies":[{"name":"wp","href":"https:\/\/api.w.org\/{rel}","templated":true}]}}