{"id":4279,"date":"2012-11-29T13:30:03","date_gmt":"2012-11-29T10:30:03","guid":{"rendered":"https:\/\/editura-unibuc.ro\/?p=4279"},"modified":"2025-08-06T10:47:52","modified_gmt":"2025-08-06T07:47:52","slug":"afect-si-afectivitate-conceptualizare-si-lexicalizare-in-romana-veche","status":"publish","type":"product","link":"https:\/\/editura-unibuc.ro\/en\/afect-si-afectivitate-conceptualizare-si-lexicalizare-in-romana-veche\/","title":{"rendered":"AFFECT AND AFFECTIVITY. CONCEPT AND VOCABULARY IN OLD ROMANIAN"},"content":{"rendered":"<p>Autoarea \u00eencearc\u0103 s\u0103 delimiteze lexicul afectiv reprezentativ al rom\u00e2nei din secolele al XVII-lea \u2013 al XVIII \u2013\u00a0lea, s\u0103 descrie distribu\u021bia \u0219i uzurile contextuale ale termenilor afectivi \u0219i s\u0103 identifice specificul semantic al acestui sector al vocabularului \u00een perioada considerat\u0103, esen\u021bial\u0103 \u00een procesul de constituire a unui lexic afectiv specializat. \u00cen acela\u0219i timp, se urm\u0103re\u0219te determinarea profilului cultural-afectival epocii, gradul de rafinare a analizei de c\u0103tre indivizi a propriilor tr\u0103iri afective, dar \u0219i impactul unei g\u00e2ndiri modelate \u00een mare m\u0103sur\u0103 de religie asupra unei astfel de analize. (Prof.univ.dr. Liliana Ionescu-Rux\u0103ndoiu)<\/p>\n","protected":false},"excerpt":{"rendered":"<p>Autoarea \u00eencearc\u0103 s\u0103 delimiteze lexicul afectiv reprezentativ al rom\u00e2nei din secolele al XVII-lea \u2013 al XVIII \u2013\u00a0lea, s\u0103 descrie distribu\u021bia \u0219i uzurile contextuale ale termenilor afectivi \u0219i s\u0103 identifice specificul semantic al acestui sector al vocabularului \u00een perioada considerat\u0103, esen\u021bial\u0103 \u00een procesul de constituire a unui lexic afectiv specializat. \u00cen acela\u0219i timp, se urm\u0103re\u0219te determinarea [&hellip;]<\/p>\n","protected":false},"featured_media":9031,"comment_status":"open","ping_status":"closed","template":"","meta":[],"product_brand":[],"product_cat":[1464,979],"product_tag":[895,925],"class_list":{"0":"post-4279","1":"product","2":"type-product","3":"status-publish","4":"has-post-thumbnail","6":"product_cat-filologie","7":"product_cat-limba-romana","8":"product_tag-lingvistica","9":"product_tag-romana","11":"first","12":"outofstock","13":"shipping-taxable","14":"purchasable","15":"product-type-simple"},"_links":{"self":[{"href":"https:\/\/editura-unibuc.ro\/en\/wp-json\/wp\/v2\/product\/4279","targetHints":{"allow":["GET"]}}],"collection":[{"href":"https:\/\/editura-unibuc.ro\/en\/wp-json\/wp\/v2\/product"}],"about":[{"href":"https:\/\/editura-unibuc.ro\/en\/wp-json\/wp\/v2\/types\/product"}],"replies":[{"embeddable":true,"href":"https:\/\/editura-unibuc.ro\/en\/wp-json\/wp\/v2\/comments?post=4279"}],"wp:featuredmedia":[{"embeddable":true,"href":"https:\/\/editura-unibuc.ro\/en\/wp-json\/wp\/v2\/media\/9031"}],"wp:attachment":[{"href":"https:\/\/editura-unibuc.ro\/en\/wp-json\/wp\/v2\/media?parent=4279"}],"wp:term":[{"taxonomy":"product_brand","embeddable":true,"href":"https:\/\/editura-unibuc.ro\/en\/wp-json\/wp\/v2\/product_brand?post=4279"},{"taxonomy":"product_cat","embeddable":true,"href":"https:\/\/editura-unibuc.ro\/en\/wp-json\/wp\/v2\/product_cat?post=4279"},{"taxonomy":"product_tag","embeddable":true,"href":"https:\/\/editura-unibuc.ro\/en\/wp-json\/wp\/v2\/product_tag?post=4279"}],"curies":[{"name":"wp","href":"https:\/\/api.w.org\/{rel}","templated":true}]}}