{"id":4283,"date":"2012-11-29T13:36:50","date_gmt":"2012-11-29T10:36:50","guid":{"rendered":"https:\/\/editura-unibuc.ro\/?p=4283"},"modified":"2025-08-06T11:44:21","modified_gmt":"2025-08-06T08:44:21","slug":"dialogul-ca-modalitate-discursiva-mediatica-privire-sintetica","status":"publish","type":"product","link":"https:\/\/editura-unibuc.ro\/en\/dialogul-ca-modalitate-discursiva-mediatica-privire-sintetica\/","title":{"rendered":"DIALOGUE AS A MEDIA DISCOURSE MODALITY &#8211; SYNTHETIC VIEW"},"content":{"rendered":"<p>Cuprins: I. Rolul \u0219i locul dialogului din perspectiv\u0103 interac\u021bional\u0103. Dialogul mediatic ca modalitate discursiv\u0103 aplicabil\u0103 textului non-literar, textul media; II. Cercetarea dialogului mediatic din perspectiv\u0103 interac\u021bional\u0103 \u2013 o posibil\u0103 metod\u0103 de cercetare a textului mediatic?; III. Dialogul mediatic \u2013 genuri publicistice. Micro- \u0219i macro-structuri. Studii de caz \u2013 curieratul, interviul de pres\u0103 \u2013 gen discursiv\/tip tip discursiv, interviul radiofonic, interviul de televiziune \u2013 tip discursiv. Talk-show-ul \u2013 gen discursiv; IV. Studiu de caz. Practici discursive aplicate la macro-structuri mediatice \u2013 talk-show-ul \u00een direct; V. Practici \u0219i tendin\u021be ale dialogului ca modalitate discursiv\u0103 \u00een textul media contemporan.<\/p>\n","protected":false},"excerpt":{"rendered":"<p>Cuprins: I. Rolul \u0219i locul dialogului din perspectiv\u0103 interac\u021bional\u0103. Dialogul mediatic ca modalitate discursiv\u0103 aplicabil\u0103 textului non-literar, textul media; II. Cercetarea dialogului mediatic din perspectiv\u0103 interac\u021bional\u0103 \u2013 o posibil\u0103 metod\u0103 de cercetare a textului mediatic?; III. Dialogul mediatic \u2013 genuri publicistice. Micro- \u0219i macro-structuri. Studii de caz \u2013 curieratul, interviul de pres\u0103 \u2013 gen discursiv\/tip [&hellip;]<\/p>\n","protected":false},"featured_media":9029,"comment_status":"open","ping_status":"closed","template":"","meta":[],"product_brand":[],"product_cat":[991,996],"product_tag":[1100,1215],"class_list":{"0":"post-4283","1":"product","2":"type-product","3":"status-publish","4":"has-post-thumbnail","6":"product_cat-stiinte-sociale","7":"product_cat-jurnalism-si-stiintele-comunicarii","8":"product_tag-jurnalism","9":"product_tag-media","11":"first","12":"outofstock","13":"shipping-taxable","14":"purchasable","15":"product-type-simple"},"_links":{"self":[{"href":"https:\/\/editura-unibuc.ro\/en\/wp-json\/wp\/v2\/product\/4283","targetHints":{"allow":["GET"]}}],"collection":[{"href":"https:\/\/editura-unibuc.ro\/en\/wp-json\/wp\/v2\/product"}],"about":[{"href":"https:\/\/editura-unibuc.ro\/en\/wp-json\/wp\/v2\/types\/product"}],"replies":[{"embeddable":true,"href":"https:\/\/editura-unibuc.ro\/en\/wp-json\/wp\/v2\/comments?post=4283"}],"wp:featuredmedia":[{"embeddable":true,"href":"https:\/\/editura-unibuc.ro\/en\/wp-json\/wp\/v2\/media\/9029"}],"wp:attachment":[{"href":"https:\/\/editura-unibuc.ro\/en\/wp-json\/wp\/v2\/media?parent=4283"}],"wp:term":[{"taxonomy":"product_brand","embeddable":true,"href":"https:\/\/editura-unibuc.ro\/en\/wp-json\/wp\/v2\/product_brand?post=4283"},{"taxonomy":"product_cat","embeddable":true,"href":"https:\/\/editura-unibuc.ro\/en\/wp-json\/wp\/v2\/product_cat?post=4283"},{"taxonomy":"product_tag","embeddable":true,"href":"https:\/\/editura-unibuc.ro\/en\/wp-json\/wp\/v2\/product_tag?post=4283"}],"curies":[{"name":"wp","href":"https:\/\/api.w.org\/{rel}","templated":true}]}}