{"id":4287,"date":"2012-11-29T13:44:41","date_gmt":"2012-11-29T10:44:41","guid":{"rendered":"https:\/\/editura-unibuc.ro\/?p=4287"},"modified":"2015-03-13T16:35:55","modified_gmt":"2015-03-13T14:35:55","slug":"cercetari-aplicative-in-asistenta-sociala","status":"publish","type":"product","link":"https:\/\/editura-unibuc.ro\/en\/cercetari-aplicative-in-asistenta-sociala\/","title":{"rendered":"APPLIED RESEARCH IN SOCIAL WORK"},"content":{"rendered":"<p>Cartea de fa\u021b\u0103 reune\u0219te c\u00e2teva cercet\u0103ri aplicative realizate \u00een ultimii ani de c\u0103tre universitari din domeniul asisten\u021bei sociale. Motiva\u021bia demersului editorial const\u0103 \u00een dorin\u021ba de a pune la dispozi\u021bia masteranzilor precum \u0219i a doctoranzilor un set de cercet\u0103ri care s\u0103 con\u021bin\u0103 \u0219i partea de organizare a cercet\u0103rii, documentele administrative utilizate, instrumente de cercetare, etc. (Coordonatorii)<\/p>\n","protected":false},"excerpt":{"rendered":"<p>Cartea de fa\u021b\u0103 reune\u0219te c\u00e2teva cercet\u0103ri aplicative realizate \u00een ultimii ani de c\u0103tre universitari din domeniul asisten\u021bei sociale. Motiva\u021bia demersului editorial const\u0103 \u00een dorin\u021ba de a pune la dispozi\u021bia masteranzilor precum \u0219i a doctoranzilor un set de cercet\u0103ri care s\u0103 con\u021bin\u0103 \u0219i partea de organizare a cercet\u0103rii, documentele administrative utilizate, instrumente de cercetare, etc. (Coordonatorii)<\/p>\n","protected":false},"featured_media":9026,"comment_status":"open","ping_status":"closed","template":"","meta":[],"product_brand":[],"product_cat":[991,998],"product_tag":[1264,1039],"class_list":{"0":"post-4287","1":"product","2":"type-product","3":"status-publish","4":"has-post-thumbnail","6":"product_cat-stiinte-sociale","7":"product_cat-sociologie-si-asistenta-sociala","8":"product_tag-asistenta-sociala","9":"product_tag-sociologie","11":"first","12":"instock","13":"shipping-taxable","14":"purchasable","15":"product-type-simple"},"_links":{"self":[{"href":"https:\/\/editura-unibuc.ro\/en\/wp-json\/wp\/v2\/product\/4287","targetHints":{"allow":["GET"]}}],"collection":[{"href":"https:\/\/editura-unibuc.ro\/en\/wp-json\/wp\/v2\/product"}],"about":[{"href":"https:\/\/editura-unibuc.ro\/en\/wp-json\/wp\/v2\/types\/product"}],"replies":[{"embeddable":true,"href":"https:\/\/editura-unibuc.ro\/en\/wp-json\/wp\/v2\/comments?post=4287"}],"wp:featuredmedia":[{"embeddable":true,"href":"https:\/\/editura-unibuc.ro\/en\/wp-json\/wp\/v2\/media\/9026"}],"wp:attachment":[{"href":"https:\/\/editura-unibuc.ro\/en\/wp-json\/wp\/v2\/media?parent=4287"}],"wp:term":[{"taxonomy":"product_brand","embeddable":true,"href":"https:\/\/editura-unibuc.ro\/en\/wp-json\/wp\/v2\/product_brand?post=4287"},{"taxonomy":"product_cat","embeddable":true,"href":"https:\/\/editura-unibuc.ro\/en\/wp-json\/wp\/v2\/product_cat?post=4287"},{"taxonomy":"product_tag","embeddable":true,"href":"https:\/\/editura-unibuc.ro\/en\/wp-json\/wp\/v2\/product_tag?post=4287"}],"curies":[{"name":"wp","href":"https:\/\/api.w.org\/{rel}","templated":true}]}}