{"id":42947,"date":"2024-01-16T11:20:22","date_gmt":"2024-01-16T09:20:22","guid":{"rendered":"https:\/\/editura-unibuc.ro\/?post_type=product&#038;p=42947"},"modified":"2025-08-08T13:03:53","modified_gmt":"2025-08-08T10:03:53","slug":"revista-romana-de-filosofie-analiticavolumul-xiv-nr-1-2-2020","status":"publish","type":"product","link":"https:\/\/editura-unibuc.ro\/en\/revista-romana-de-filosofie-analiticavolumul-xiv-nr-1-2-2020\/","title":{"rendered":"REVISTA ROM\u00c2N\u0102 DE FILOSOFIE ANALITIC\u0102"},"content":{"rendered":"","protected":false},"excerpt":{"rendered":"<p>Din cuprins:<br \/>\nCONSTANTIN STOENESCU, Editor&#8217;s Note \/Nota Editorului<br \/>\nMIRCEAFLONTA, O a doua critic\u0103 a ra\u0163iunii teoretice? Conceptul cunoa\u015fterii \u00een Tractatus<br \/>\nGHEORGHE \u015eTEFANOV, Wittgenstein despre sensul lumii \u00een Tractatus 6.41-0 analiz\u0103 critic\u0103<br \/>\nJAMES CARGILE, Russell&#8217;s Formal Logic<br \/>\nCONSTANTIN STOENESCU, Este suficient\u0103 claritatea? C\u00e2teva considera\u0163ii despre receptarea propozi\u0163iei 4.112 din Tractatus<br \/>\nEMANUEL\u015eTEFAN, Filosofie \u015fi paradox: sensul unei c\u0103r\u0163i pline de nonsensuri<br \/>\nJAMES CARGILE, Epimenides <\/p>\n","protected":false},"featured_media":42950,"comment_status":"open","ping_status":"closed","template":"","meta":[],"product_brand":[],"product_cat":[3919,1469,1893,994],"product_tag":[1057],"class_list":{"0":"post-42947","1":"product","2":"type-product","3":"status-publish","4":"has-post-thumbnail","6":"product_cat-revista-romana-de-filosofie-analitica","7":"product_cat-periodice","8":"product_cat-reviste-academice","9":"product_cat-filosofie","10":"product_tag-filosofie-analitica","12":"first","13":"outofstock","14":"downloadable","15":"shipping-taxable","16":"product-type-simple"},"_links":{"self":[{"href":"https:\/\/editura-unibuc.ro\/en\/wp-json\/wp\/v2\/product\/42947","targetHints":{"allow":["GET"]}}],"collection":[{"href":"https:\/\/editura-unibuc.ro\/en\/wp-json\/wp\/v2\/product"}],"about":[{"href":"https:\/\/editura-unibuc.ro\/en\/wp-json\/wp\/v2\/types\/product"}],"replies":[{"embeddable":true,"href":"https:\/\/editura-unibuc.ro\/en\/wp-json\/wp\/v2\/comments?post=42947"}],"wp:featuredmedia":[{"embeddable":true,"href":"https:\/\/editura-unibuc.ro\/en\/wp-json\/wp\/v2\/media\/42950"}],"wp:attachment":[{"href":"https:\/\/editura-unibuc.ro\/en\/wp-json\/wp\/v2\/media?parent=42947"}],"wp:term":[{"taxonomy":"product_brand","embeddable":true,"href":"https:\/\/editura-unibuc.ro\/en\/wp-json\/wp\/v2\/product_brand?post=42947"},{"taxonomy":"product_cat","embeddable":true,"href":"https:\/\/editura-unibuc.ro\/en\/wp-json\/wp\/v2\/product_cat?post=42947"},{"taxonomy":"product_tag","embeddable":true,"href":"https:\/\/editura-unibuc.ro\/en\/wp-json\/wp\/v2\/product_tag?post=42947"}],"curies":[{"name":"wp","href":"https:\/\/api.w.org\/{rel}","templated":true}]}}