{"id":42961,"date":"2024-01-16T12:59:33","date_gmt":"2024-01-16T10:59:33","guid":{"rendered":"https:\/\/editura-unibuc.ro\/?post_type=product&#038;p=42961"},"modified":"2024-01-16T12:59:33","modified_gmt":"2024-01-16T10:59:33","slug":"romanian-studies-today-vii","status":"publish","type":"product","link":"https:\/\/editura-unibuc.ro\/en\/romanian-studies-today-vii\/","title":{"rendered":"ROMANIAN STUDIES TODAY VII"},"content":{"rendered":"","protected":false},"excerpt":{"rendered":"<p>Din cuprins:<br \/>\nADINA DRAGOMIRESCU, Contactul rom\u00e2no-slav: efecte convergente \u00een sintaxa rom\u00e2nei vechi \u0219i a istrorom\u00e2nei<br \/>\nIONU\u021a GEAN\u0102, Aspecte privind predarea limbii rom\u00e2ne ca limb\u0103 str\u0103in\u0103 studen\u021bilor care provin din zone de conflict<br \/>\nCARMEN M\u00ceRZEA VASILE, ELENA IRIMIA, Metadata design for the first electronic learner corpus of Romanian<br \/>\nGEORGE-FLORIAN NEAGOE, Mircea Anghelescu. Note de subsol despre posibilit\u0103\u021bile istoriei literare<br \/>\nCRISTINA NI\u021aU, Un flux de activit\u0103\u021bi didactice pentru dezvoltarea competen\u021bei pragmatice \u00een limba rom\u00e2n\u0103 ca limb\u0103 str\u0103in\u0103<br \/>\nLUIS JAVIER PENT\u00d3N HERRERA, Refugees in Romania: A New Paradigm in Romanian Language Education<br \/>\nCARMEN R\u0102RI\u0218-FIERBIN\u021aEANU, Perechi accentuale \u00een rom\u00e2n\u0103 \u0219i \u00een englez\u0103. Dificult\u0103\u021bi \u00een utilizarea lor de c\u0103tre studen\u021bii str\u0103ini<br \/>\nLAVINIA TACHE, Distan\u021be \u0219i interferen\u021be \u2013 Fiin\u021be umane \u0219i animale \u00een literatura rom\u00e2n\u0103 contemporan\u0103 <\/p>\n","protected":false},"featured_media":42964,"comment_status":"open","ping_status":"closed","template":"","meta":[],"product_brand":[],"product_cat":[3948,3823,3103,1464,1469,1893],"product_tag":[],"class_list":{"0":"post-42961","1":"product","2":"type-product","3":"status-publish","4":"has-post-thumbnail","6":"product_cat-rst","7":"product_cat-stiinte-umane","8":"product_cat-fara-categorie","9":"product_cat-filologie","10":"product_cat-periodice","11":"product_cat-reviste-academice","13":"first","14":"instock","15":"downloadable","16":"shipping-taxable","17":"product-type-simple"},"_links":{"self":[{"href":"https:\/\/editura-unibuc.ro\/en\/wp-json\/wp\/v2\/product\/42961","targetHints":{"allow":["GET"]}}],"collection":[{"href":"https:\/\/editura-unibuc.ro\/en\/wp-json\/wp\/v2\/product"}],"about":[{"href":"https:\/\/editura-unibuc.ro\/en\/wp-json\/wp\/v2\/types\/product"}],"replies":[{"embeddable":true,"href":"https:\/\/editura-unibuc.ro\/en\/wp-json\/wp\/v2\/comments?post=42961"}],"wp:featuredmedia":[{"embeddable":true,"href":"https:\/\/editura-unibuc.ro\/en\/wp-json\/wp\/v2\/media\/42964"}],"wp:attachment":[{"href":"https:\/\/editura-unibuc.ro\/en\/wp-json\/wp\/v2\/media?parent=42961"}],"wp:term":[{"taxonomy":"product_brand","embeddable":true,"href":"https:\/\/editura-unibuc.ro\/en\/wp-json\/wp\/v2\/product_brand?post=42961"},{"taxonomy":"product_cat","embeddable":true,"href":"https:\/\/editura-unibuc.ro\/en\/wp-json\/wp\/v2\/product_cat?post=42961"},{"taxonomy":"product_tag","embeddable":true,"href":"https:\/\/editura-unibuc.ro\/en\/wp-json\/wp\/v2\/product_tag?post=42961"}],"curies":[{"name":"wp","href":"https:\/\/api.w.org\/{rel}","templated":true}]}}