{"id":430,"date":"2012-08-01T16:14:32","date_gmt":"2012-08-01T13:14:32","guid":{"rendered":"https:\/\/editura-unibuc.ro\/?p=430"},"modified":"2016-06-16T09:42:32","modified_gmt":"2016-06-16T06:42:32","slug":"teste-comentate-de-biochimie","status":"publish","type":"product","link":"https:\/\/editura-unibuc.ro\/en\/teste-comentate-de-biochimie\/","title":{"rendered":"BIOCHEMISTRY: COMMENTED TESTS"},"content":{"rendered":"<p>\u201eTeste comentate de Biochimie\u201d \u00ee\u0219i propune s\u0103 faciliteze, prin rezolvarea \u00eentreb\u0103rilor prezentate, \u00eensu\u0219irea diferitelor aspecte ale biochimiei umane. Sunt parcurse principalele capitole ale oric\u0103rui curs de biochimie general\u0103: Biochimia descriptiv\u0103 a glucidelor \u0219i lipidelor, Biochimia descriptiv\u0103 a aminoacizilor, peptidelor \u0219i proteinelor, Biochimia vitaminelor, Biochimia enzimelor, Bioenergetica, Biochima hormonilor, Metabolismul glucidelor, Metabolismul lipidelor, metabolismul aminoacizilor \u0219i proteinelor \u0219i Biochimia acizilor nucleici \u0219i expresia genic\u0103.<\/p>\n","protected":false},"excerpt":{"rendered":"<p>\u201eTeste comentate de Biochimie\u201d \u00ee\u0219i propune s\u0103 faciliteze, prin rezolvarea \u00eentreb\u0103rilor prezentate, \u00eensu\u0219irea diferitelor aspecte ale biochimiei umane. Sunt parcurse principalele capitole ale oric\u0103rui curs de biochimie general\u0103: Biochimia descriptiv\u0103 a glucidelor \u0219i lipidelor, Biochimia descriptiv\u0103 a aminoacizilor, peptidelor \u0219i proteinelor, Biochimia vitaminelor, Biochimia enzimelor, Bioenergetica, Biochima hormonilor, Metabolismul glucidelor, Metabolismul lipidelor, metabolismul aminoacizilor \u0219i [&hellip;]<\/p>\n","protected":false},"featured_media":10168,"comment_status":"open","ping_status":"closed","template":"","meta":[],"product_brand":[],"product_cat":[982,983],"product_tag":[913,907,1432],"class_list":{"0":"post-430","1":"product","2":"type-product","3":"status-publish","4":"has-post-thumbnail","6":"product_cat-stiinte-exacte","7":"product_cat-chimie","8":"product_tag-biochimie","9":"product_tag-chimie","10":"product_tag-teste","12":"first","13":"outofstock","14":"shipping-taxable","15":"purchasable","16":"product-type-simple"},"_links":{"self":[{"href":"https:\/\/editura-unibuc.ro\/en\/wp-json\/wp\/v2\/product\/430","targetHints":{"allow":["GET"]}}],"collection":[{"href":"https:\/\/editura-unibuc.ro\/en\/wp-json\/wp\/v2\/product"}],"about":[{"href":"https:\/\/editura-unibuc.ro\/en\/wp-json\/wp\/v2\/types\/product"}],"replies":[{"embeddable":true,"href":"https:\/\/editura-unibuc.ro\/en\/wp-json\/wp\/v2\/comments?post=430"}],"wp:featuredmedia":[{"embeddable":true,"href":"https:\/\/editura-unibuc.ro\/en\/wp-json\/wp\/v2\/media\/10168"}],"wp:attachment":[{"href":"https:\/\/editura-unibuc.ro\/en\/wp-json\/wp\/v2\/media?parent=430"}],"wp:term":[{"taxonomy":"product_brand","embeddable":true,"href":"https:\/\/editura-unibuc.ro\/en\/wp-json\/wp\/v2\/product_brand?post=430"},{"taxonomy":"product_cat","embeddable":true,"href":"https:\/\/editura-unibuc.ro\/en\/wp-json\/wp\/v2\/product_cat?post=430"},{"taxonomy":"product_tag","embeddable":true,"href":"https:\/\/editura-unibuc.ro\/en\/wp-json\/wp\/v2\/product_tag?post=430"}],"curies":[{"name":"wp","href":"https:\/\/api.w.org\/{rel}","templated":true}]}}