{"id":43002,"date":"2024-01-18T10:06:00","date_gmt":"2024-01-18T08:06:00","guid":{"rendered":"https:\/\/editura-unibuc.ro\/?post_type=product&#038;p=43002"},"modified":"2025-09-23T10:46:06","modified_gmt":"2025-09-23T07:46:06","slug":"scrisori-catre-un-mai-tanar-student","status":"publish","type":"product","link":"https:\/\/editura-unibuc.ro\/en\/scrisori-catre-un-mai-tanar-student\/","title":{"rendered":"SCRISORI C\u0102TRE UN MAI T\u00c2N\u0102R STUDENT"},"content":{"rendered":"","protected":false},"excerpt":{"rendered":"<hr \/>\n<p><strong><a href=\"https:\/\/books.google.ro\/books\/about?id=0oD8EAAAQBAJ&#038;redir_esc=y\" target=\"_blank\" rel=\"noopener\"><img decoding=\"async\" src=\"https:\/\/editura-unibuc.ro\/wp-content\/uploads\/2025\/04\/goo.png\" \/>Google Books<\/a><\/strong><br \/>&nbsp;<\/p>\n<hr \/>\n<p>How long have I been waiting for a book like this! Probably since my student years. Cristina B\u0103la\u0219a opens her books, her heart, her mind and her memories, for her collective character, always fresh, who lived or still lives in the \u201chouse of the word\u201d: the students of the Bucharest Letters. The chosen literary convention is one full of warmth: the letter. The friendly and profound pages of <em>Scrisori c\u0103tre un mai t\u00e2n\u0103r student<\/em> are reminiscent, at least as a starting point, of Rilke\u2019s <em>Letters to a Younger Poet<\/em> and Vargas Llosa\u2019s <em>Letters to a Younger Novelist<\/em>, without losing their own timbre, that of a paradoxical melancholic joy. The book does not fall into anecdotes, petty observations, or dryness, but rises to the realm of meaning and purpose.<br \/>\nOf mature beauty, created in the presence of a disturbing illness, but tamed by meditation, the lines of this epistolary work have numerous memorable formulations: they would deserve to be, student-like, underlined.<br \/>\nRarely have I seen today such a beneficial trust in the written word and so much good born from the loneliness of the long-distance reader! Through the most natural metamorphosis from Letters, yesterday&#8217;s reader has become, behold, today&#8217;s writer.<br \/>\nIoana P\u00e2rvulescu<\/p>\n","protected":false},"featured_media":44981,"comment_status":"open","ping_status":"closed","template":"","meta":[],"product_brand":[],"product_cat":[3922,1531],"product_tag":[1519],"class_list":{"0":"post-43002","1":"product","2":"type-product","3":"status-publish","4":"has-post-thumbnail","6":"product_cat-eseuri","7":"product_cat-colectii","8":"product_tag-eseu-literar","10":"first","11":"instock","12":"shipping-taxable","13":"purchasable","14":"product-type-simple"},"_links":{"self":[{"href":"https:\/\/editura-unibuc.ro\/en\/wp-json\/wp\/v2\/product\/43002","targetHints":{"allow":["GET"]}}],"collection":[{"href":"https:\/\/editura-unibuc.ro\/en\/wp-json\/wp\/v2\/product"}],"about":[{"href":"https:\/\/editura-unibuc.ro\/en\/wp-json\/wp\/v2\/types\/product"}],"replies":[{"embeddable":true,"href":"https:\/\/editura-unibuc.ro\/en\/wp-json\/wp\/v2\/comments?post=43002"}],"wp:featuredmedia":[{"embeddable":true,"href":"https:\/\/editura-unibuc.ro\/en\/wp-json\/wp\/v2\/media\/44981"}],"wp:attachment":[{"href":"https:\/\/editura-unibuc.ro\/en\/wp-json\/wp\/v2\/media?parent=43002"}],"wp:term":[{"taxonomy":"product_brand","embeddable":true,"href":"https:\/\/editura-unibuc.ro\/en\/wp-json\/wp\/v2\/product_brand?post=43002"},{"taxonomy":"product_cat","embeddable":true,"href":"https:\/\/editura-unibuc.ro\/en\/wp-json\/wp\/v2\/product_cat?post=43002"},{"taxonomy":"product_tag","embeddable":true,"href":"https:\/\/editura-unibuc.ro\/en\/wp-json\/wp\/v2\/product_tag?post=43002"}],"curies":[{"name":"wp","href":"https:\/\/api.w.org\/{rel}","templated":true}]}}