{"id":4326,"date":"2012-12-04T11:17:52","date_gmt":"2012-12-04T08:17:52","guid":{"rendered":"https:\/\/editura-unibuc.ro\/?p=4326"},"modified":"2025-08-06T11:51:56","modified_gmt":"2025-08-06T08:51:56","slug":"dobrogea-spatiu-de-interferente-geopolitice","status":"publish","type":"product","link":"https:\/\/editura-unibuc.ro\/en\/dobrogea-spatiu-de-interferente-geopolitice\/","title":{"rendered":"DOBRUDJA &#8211; AN AREA OF GEOPOLITICAL INTERFERENCES"},"content":{"rendered":"<p>Prin pozi\u021bia sa, Dobrogea a f\u0103cut ca aici s\u0103 se \u00eencruci\u0219eze mari drumuri comerciale, culturale, strategice sau interese politice, care au marcat evolu\u021bia istoric\u0103 a acestui str\u0103vechi p\u0103m\u00e2nt rom\u00e2nesc. Marea Neagr\u0103, inaccesibil\u0103 f\u0103r\u0103 aceast\u0103 provincie, a deschis poporului rom\u00e2n largi orizonturi c\u0103tre alte civiliza\u021bii.<\/p>\n","protected":false},"excerpt":{"rendered":"<p>Prin pozi\u021bia sa, Dobrogea a f\u0103cut ca aici s\u0103 se \u00eencruci\u0219eze mari drumuri comerciale, culturale, strategice sau interese politice, care au marcat evolu\u021bia istoric\u0103 a acestui str\u0103vechi p\u0103m\u00e2nt rom\u00e2nesc. Marea Neagr\u0103, inaccesibil\u0103 f\u0103r\u0103 aceast\u0103 provincie, a deschis poporului rom\u00e2n largi orizonturi c\u0103tre alte civiliza\u021bii.<\/p>\n","protected":false},"featured_media":9024,"comment_status":"open","ping_status":"closed","template":"","meta":[],"product_brand":[],"product_cat":[1466,989],"product_tag":[903],"class_list":{"0":"post-4326","1":"product","2":"type-product","3":"status-publish","4":"has-post-thumbnail","6":"product_cat-stiinte-ale-naturii","7":"product_cat-geografie","8":"product_tag-geografie","10":"first","11":"outofstock","12":"shipping-taxable","13":"purchasable","14":"product-type-simple"},"_links":{"self":[{"href":"https:\/\/editura-unibuc.ro\/en\/wp-json\/wp\/v2\/product\/4326","targetHints":{"allow":["GET"]}}],"collection":[{"href":"https:\/\/editura-unibuc.ro\/en\/wp-json\/wp\/v2\/product"}],"about":[{"href":"https:\/\/editura-unibuc.ro\/en\/wp-json\/wp\/v2\/types\/product"}],"replies":[{"embeddable":true,"href":"https:\/\/editura-unibuc.ro\/en\/wp-json\/wp\/v2\/comments?post=4326"}],"wp:featuredmedia":[{"embeddable":true,"href":"https:\/\/editura-unibuc.ro\/en\/wp-json\/wp\/v2\/media\/9024"}],"wp:attachment":[{"href":"https:\/\/editura-unibuc.ro\/en\/wp-json\/wp\/v2\/media?parent=4326"}],"wp:term":[{"taxonomy":"product_brand","embeddable":true,"href":"https:\/\/editura-unibuc.ro\/en\/wp-json\/wp\/v2\/product_brand?post=4326"},{"taxonomy":"product_cat","embeddable":true,"href":"https:\/\/editura-unibuc.ro\/en\/wp-json\/wp\/v2\/product_cat?post=4326"},{"taxonomy":"product_tag","embeddable":true,"href":"https:\/\/editura-unibuc.ro\/en\/wp-json\/wp\/v2\/product_tag?post=4326"}],"curies":[{"name":"wp","href":"https:\/\/api.w.org\/{rel}","templated":true}]}}