{"id":43296,"date":"2024-01-29T09:13:23","date_gmt":"2024-01-29T07:13:23","guid":{"rendered":"https:\/\/editura-unibuc.ro\/?post_type=product&#038;p=43296"},"modified":"2025-08-07T13:46:52","modified_gmt":"2025-08-07T10:46:52","slug":"analele-universitatii-bucuresti-limbi-si-literaturi-straine-nr-1-2023","status":"publish","type":"product","link":"https:\/\/editura-unibuc.ro\/en\/analele-universitatii-bucuresti-limbi-si-literaturi-straine-nr-1-2023\/","title":{"rendered":"ANALELE UNIVERSIT\u0102\u0162II BUCURE\u015eTI LIMBI \u015eI LITERATURI STR\u0102INE Nr. 1\/2023"},"content":{"rendered":"","protected":false},"excerpt":{"rendered":"<p>Din cuprins:<br \/>\nCODRIN LIVIU CU\u021aITARU, Cultural Ambiguity as Irreconcilable Antagonism in Shakespeare\u2019s Major Tragedies<br \/>\nLUCIA MARINESCU, Educating One\u2019s Conscience in Lettres \u00c0 Mon Fils by Louise D\u2019\u00c9pinay<br \/>\nCRISTIAN \u0218TEFAN V\u00ceJEA, Eliot\u2019s Parsons and Their Roots in Scott\u2019s Abbot of Unreason<br \/>\nCAMELIA ANGHEL, Reading Humanity beyond the Spy Discourse in Ian McEwan\u2019s The Innocent<br \/>\nBEATRICE-MARIA ALEXANDRESCU, Introducing a Writer in a Foreign Cultural Space through the Paratext: Functions of the Back-Cover Blurbs in the Romanian Editions of Mishima Yukio\u2019s Novels<\/p>\n","protected":false},"featured_media":43300,"comment_status":"open","ping_status":"closed","template":"","meta":[],"product_brand":[],"product_cat":[3931,1469,1892],"product_tag":[2377],"class_list":{"0":"post-43296","1":"product","2":"type-product","3":"status-publish","4":"has-post-thumbnail","6":"product_cat-anale-limbi-si-literaturi-straine","7":"product_cat-periodice","8":"product_cat-anale","9":"product_tag-limbi-si-literaturi-straine","11":"first","12":"outofstock","13":"downloadable","14":"shipping-taxable","15":"product-type-simple"},"_links":{"self":[{"href":"https:\/\/editura-unibuc.ro\/en\/wp-json\/wp\/v2\/product\/43296","targetHints":{"allow":["GET"]}}],"collection":[{"href":"https:\/\/editura-unibuc.ro\/en\/wp-json\/wp\/v2\/product"}],"about":[{"href":"https:\/\/editura-unibuc.ro\/en\/wp-json\/wp\/v2\/types\/product"}],"replies":[{"embeddable":true,"href":"https:\/\/editura-unibuc.ro\/en\/wp-json\/wp\/v2\/comments?post=43296"}],"wp:featuredmedia":[{"embeddable":true,"href":"https:\/\/editura-unibuc.ro\/en\/wp-json\/wp\/v2\/media\/43300"}],"wp:attachment":[{"href":"https:\/\/editura-unibuc.ro\/en\/wp-json\/wp\/v2\/media?parent=43296"}],"wp:term":[{"taxonomy":"product_brand","embeddable":true,"href":"https:\/\/editura-unibuc.ro\/en\/wp-json\/wp\/v2\/product_brand?post=43296"},{"taxonomy":"product_cat","embeddable":true,"href":"https:\/\/editura-unibuc.ro\/en\/wp-json\/wp\/v2\/product_cat?post=43296"},{"taxonomy":"product_tag","embeddable":true,"href":"https:\/\/editura-unibuc.ro\/en\/wp-json\/wp\/v2\/product_tag?post=43296"}],"curies":[{"name":"wp","href":"https:\/\/api.w.org\/{rel}","templated":true}]}}