{"id":4334,"date":"2012-12-04T11:28:25","date_gmt":"2012-12-04T09:28:25","guid":{"rendered":"https:\/\/editura-unibuc.ro\/?p=4334"},"modified":"2024-09-02T10:57:44","modified_gmt":"2024-09-02T07:57:44","slug":"elemente-de-geologie-si-paleontologie","status":"publish","type":"product","link":"https:\/\/editura-unibuc.ro\/en\/elemente-de-geologie-si-paleontologie\/","title":{"rendered":"ELEMENTS OF GEOLOGY AND PALAENTOLOGY"},"content":{"rendered":"<p>\u201eCartea domnului Dr. Mihai E. Popa este o lucrare elaborat\u0103 cu temeinic\u0103 cunoa\u0219tere \u0219tiin\u021bific\u0103 \u0219i pricepere didactic\u0103, adresat\u0103 studen\u021bilor geografi \u0219i biologi, din a c\u0103ror preg\u0103tire teoretic\u0103 \u0219i practic\u0103 Geologia \u0219i Paleontologia nu ar trebui s\u0103 lipseasc\u0103. Din acest punct de vedere, lucrarea umple un gol resim\u021bit \u00een preg\u0103tirea studen\u021bilor geografi \u0219i biologi, \u0219i anume abordarea prin conexiunile lor fire\u0219ti a \u0219tiin\u021belor P\u0103m\u00e2ntului \u0219i a \u0219tiin\u021belor Vie\u021bii.\u201d (Prof. Dr. Dan A. Grigorescu)<\/p>\n","protected":false},"excerpt":{"rendered":"<p>\u201eCartea domnului Dr. Mihai E. Popa este o lucrare elaborat\u0103 cu temeinic\u0103 cunoa\u0219tere \u0219tiin\u021bific\u0103 \u0219i pricepere didactic\u0103, adresat\u0103 studen\u021bilor geografi \u0219i biologi, din a c\u0103ror preg\u0103tire teoretic\u0103 \u0219i practic\u0103 Geologia \u0219i Paleontologia nu ar trebui s\u0103 lipseasc\u0103. Din acest punct de vedere, lucrarea umple un gol resim\u021bit \u00een preg\u0103tirea studen\u021bilor geografi \u0219i biologi, \u0219i anume [&hellip;]<\/p>\n","protected":false},"featured_media":47026,"comment_status":"open","ping_status":"closed","template":"","meta":[],"product_brand":[],"product_cat":[1466,990],"product_tag":[909,1462],"class_list":{"0":"post-4334","1":"product","2":"type-product","3":"status-publish","4":"has-post-thumbnail","6":"product_cat-stiinte-ale-naturii","7":"product_cat-geologie","8":"product_tag-geologie","9":"product_tag-paleontologie","11":"first","12":"instock","13":"shipping-taxable","14":"purchasable","15":"product-type-simple"},"_links":{"self":[{"href":"https:\/\/editura-unibuc.ro\/en\/wp-json\/wp\/v2\/product\/4334","targetHints":{"allow":["GET"]}}],"collection":[{"href":"https:\/\/editura-unibuc.ro\/en\/wp-json\/wp\/v2\/product"}],"about":[{"href":"https:\/\/editura-unibuc.ro\/en\/wp-json\/wp\/v2\/types\/product"}],"replies":[{"embeddable":true,"href":"https:\/\/editura-unibuc.ro\/en\/wp-json\/wp\/v2\/comments?post=4334"}],"wp:featuredmedia":[{"embeddable":true,"href":"https:\/\/editura-unibuc.ro\/en\/wp-json\/wp\/v2\/media\/47026"}],"wp:attachment":[{"href":"https:\/\/editura-unibuc.ro\/en\/wp-json\/wp\/v2\/media?parent=4334"}],"wp:term":[{"taxonomy":"product_brand","embeddable":true,"href":"https:\/\/editura-unibuc.ro\/en\/wp-json\/wp\/v2\/product_brand?post=4334"},{"taxonomy":"product_cat","embeddable":true,"href":"https:\/\/editura-unibuc.ro\/en\/wp-json\/wp\/v2\/product_cat?post=4334"},{"taxonomy":"product_tag","embeddable":true,"href":"https:\/\/editura-unibuc.ro\/en\/wp-json\/wp\/v2\/product_tag?post=4334"}],"curies":[{"name":"wp","href":"https:\/\/api.w.org\/{rel}","templated":true}]}}