{"id":4337,"date":"2012-12-04T11:35:23","date_gmt":"2012-12-04T08:35:23","guid":{"rendered":"https:\/\/editura-unibuc.ro\/?p=4337"},"modified":"2025-07-17T10:30:07","modified_gmt":"2025-07-17T07:30:07","slug":"hidrogeologie-generala","status":"publish","type":"product","link":"https:\/\/editura-unibuc.ro\/en\/hidrogeologie-generala\/","title":{"rendered":"GENERAL HYDROGEOLOGY"},"content":{"rendered":"<p>\u201eRezultatul exercit\u0103rii complete a func\u021biei descriptive a Hidrogeologiei generale este <strong>modelul conceptual al hidrostructurii <\/strong>constituit din trei componente distincte:<\/p>\n<p><strong>&#8211; spa<\/strong><strong>\u021b<\/strong><strong>iul <\/strong>\u00een care se produce curgerea apei subterane;<\/p>\n<p><strong>&#8211; caracteristicile hidrofizice <\/strong>ale terenurilor \u00een spa\u021biul unde curge apa subteran\u0103;<\/p>\n<p><strong>&#8211; energia <\/strong>apei subterane \u00een spa\u021biul de curgere \u0219i mai ales pe frontierele acestuia.<\/p>\n<p>Tot ce urmeaz\u0103 \u00een cercetarea hidrogeologic\u0103, fundamental\u0103 \u0219i aplicativ\u0103, se bazeaz\u0103 pe rezultatul schematiz\u0103rii \u0219i dac\u0103 modelul conceptual al hidrostructurii este reprezentativ, succesul evalu\u0103rii cantitative a curgerii apei subterane este asigurat\u201d. (Autorii)<\/p>\n<p>\u201cSpune adev\u0103rul \u2013 ne \u00eendeamn\u0103 Mark Twain \u2013 \u0219i nu trebuie s\u0103 mai \u021bii minte nimic. \u00cen r\u00e2ndurile de mai sus s-a spus adev\u0103rul.\u201d (Mircea Florea).<\/p>\n","protected":false},"excerpt":{"rendered":"<p>\u201eRezultatul exercit\u0103rii complete a func\u021biei descriptive a Hidrogeologiei generale este modelul conceptual al hidrostructurii constituit din trei componente distincte: &#8211; spa\u021biul \u00een care se produce curgerea apei subterane; &#8211; caracteristicile hidrofizice ale terenurilor \u00een spa\u021biul unde curge apa subteran\u0103; &#8211; energia apei subterane \u00een spa\u021biul de curgere \u0219i mai ales pe frontierele acestuia. Tot ce [&hellip;]<\/p>\n","protected":false},"featured_media":9018,"comment_status":"open","ping_status":"closed","template":"","meta":[],"product_brand":[],"product_cat":[1466,990],"product_tag":[909],"class_list":{"0":"post-4337","1":"product","2":"type-product","3":"status-publish","4":"has-post-thumbnail","6":"product_cat-stiinte-ale-naturii","7":"product_cat-geologie","8":"product_tag-geologie","10":"first","11":"instock","12":"shipping-taxable","13":"purchasable","14":"product-type-simple"},"_links":{"self":[{"href":"https:\/\/editura-unibuc.ro\/en\/wp-json\/wp\/v2\/product\/4337","targetHints":{"allow":["GET"]}}],"collection":[{"href":"https:\/\/editura-unibuc.ro\/en\/wp-json\/wp\/v2\/product"}],"about":[{"href":"https:\/\/editura-unibuc.ro\/en\/wp-json\/wp\/v2\/types\/product"}],"replies":[{"embeddable":true,"href":"https:\/\/editura-unibuc.ro\/en\/wp-json\/wp\/v2\/comments?post=4337"}],"wp:featuredmedia":[{"embeddable":true,"href":"https:\/\/editura-unibuc.ro\/en\/wp-json\/wp\/v2\/media\/9018"}],"wp:attachment":[{"href":"https:\/\/editura-unibuc.ro\/en\/wp-json\/wp\/v2\/media?parent=4337"}],"wp:term":[{"taxonomy":"product_brand","embeddable":true,"href":"https:\/\/editura-unibuc.ro\/en\/wp-json\/wp\/v2\/product_brand?post=4337"},{"taxonomy":"product_cat","embeddable":true,"href":"https:\/\/editura-unibuc.ro\/en\/wp-json\/wp\/v2\/product_cat?post=4337"},{"taxonomy":"product_tag","embeddable":true,"href":"https:\/\/editura-unibuc.ro\/en\/wp-json\/wp\/v2\/product_tag?post=4337"}],"curies":[{"name":"wp","href":"https:\/\/api.w.org\/{rel}","templated":true}]}}