{"id":43558,"date":"2024-02-09T09:20:27","date_gmt":"2024-02-09T07:20:27","guid":{"rendered":"https:\/\/editura-unibuc.ro\/?post_type=product&#038;p=43558"},"modified":"2025-09-23T09:54:23","modified_gmt":"2025-09-23T06:54:23","slug":"limba-romana-contemporanaghid-teoretic-si-aplicativ-destinat-actualelor-si-viitoarelor-cadre-didactice-din-invatamantul-prescolar-si-primar","status":"publish","type":"product","link":"https:\/\/editura-unibuc.ro\/en\/limba-romana-contemporanaghid-teoretic-si-aplicativ-destinat-actualelor-si-viitoarelor-cadre-didactice-din-invatamantul-prescolar-si-primar\/","title":{"rendered":"LIMBA ROM\u00c2N\u0102 CONTEMPORAN\u0102Ghid teoretic \u0219i aplicativ destinat actualelor \u0219i viitoarelor cadre didactice din \u00eenv\u0103\u021b\u0103m\u00e2ntul pre\u0219colar \u0219i primar"},"content":{"rendered":"","protected":false},"excerpt":{"rendered":"<p>Starting from the premise that language, the way we express ourselves, both orally and in writing, provides precious data about us, this book tries to draw the readers&#8217; attention to the need to use the Romanian language correctly in all circumstances, to know it from a theoretical point of view, but especially from a pragmatic point of view, that is, from the point of view of its concretization in speech. Through the proposed content, the book aims, on the one hand, to help readers master the vocabulary of our language and, on the other hand, to introduce them to the other basic compartments of the language: phonetics, spelling, orthoepy, morphology, syntax.<\/p>\n","protected":false},"featured_media":43559,"comment_status":"open","ping_status":"closed","template":"","meta":[],"product_brand":[],"product_cat":[3823,1464,979],"product_tag":[3633,3889,3950,3949,1431],"class_list":{"0":"post-43558","1":"product","2":"type-product","3":"status-publish","4":"has-post-thumbnail","6":"product_cat-stiinte-umane","7":"product_cat-filologie","8":"product_cat-limba-romana","9":"product_tag-fonetica","10":"product_tag-morfologie","11":"product_tag-ortoepie","12":"product_tag-ortografie","13":"product_tag-sintaxa","15":"first","16":"instock","17":"shipping-taxable","18":"purchasable","19":"product-type-simple"},"_links":{"self":[{"href":"https:\/\/editura-unibuc.ro\/en\/wp-json\/wp\/v2\/product\/43558","targetHints":{"allow":["GET"]}}],"collection":[{"href":"https:\/\/editura-unibuc.ro\/en\/wp-json\/wp\/v2\/product"}],"about":[{"href":"https:\/\/editura-unibuc.ro\/en\/wp-json\/wp\/v2\/types\/product"}],"replies":[{"embeddable":true,"href":"https:\/\/editura-unibuc.ro\/en\/wp-json\/wp\/v2\/comments?post=43558"}],"wp:featuredmedia":[{"embeddable":true,"href":"https:\/\/editura-unibuc.ro\/en\/wp-json\/wp\/v2\/media\/43559"}],"wp:attachment":[{"href":"https:\/\/editura-unibuc.ro\/en\/wp-json\/wp\/v2\/media?parent=43558"}],"wp:term":[{"taxonomy":"product_brand","embeddable":true,"href":"https:\/\/editura-unibuc.ro\/en\/wp-json\/wp\/v2\/product_brand?post=43558"},{"taxonomy":"product_cat","embeddable":true,"href":"https:\/\/editura-unibuc.ro\/en\/wp-json\/wp\/v2\/product_cat?post=43558"},{"taxonomy":"product_tag","embeddable":true,"href":"https:\/\/editura-unibuc.ro\/en\/wp-json\/wp\/v2\/product_tag?post=43558"}],"curies":[{"name":"wp","href":"https:\/\/api.w.org\/{rel}","templated":true}]}}