{"id":43563,"date":"2024-02-09T09:36:19","date_gmt":"2024-02-09T07:36:19","guid":{"rendered":"https:\/\/editura-unibuc.ro\/?post_type=product&#038;p=43563"},"modified":"2026-01-28T08:48:22","modified_gmt":"2026-01-28T06:48:22","slug":"biochimie-generala-proteine-glucide-lipide-vol-i","status":"publish","type":"product","link":"https:\/\/editura-unibuc.ro\/en\/biochimie-generala-proteine-glucide-lipide-vol-i\/","title":{"rendered":"BIOCHIMIE GENERAL\u0102: PROTEINE, GLUCIDE, LIPIDE (vol. I)"},"content":{"rendered":"","protected":false},"excerpt":{"rendered":"<p>Lucrarea prezint\u0103 principalele clase de biomolecule din categoria proteinelor, glucidelor \u0219i lipidelor \u0219i pune accent, \u00een cadrul fiec\u0103rui capitol, pe descrierea detaliat\u0103 a propriet\u0103\u021bilor lor. \u00centreaga prezentare con\u021bine referiri la semnifica\u021bia practic\u0103 a acestor compu\u0219i. Prin con\u021binutul s\u0103u, volumul se adreseaz\u0103 studen\u021bilor de la sec\u021biile \u0219i specializ\u0103rile de biologie, biochimie, biotehnologie, ecologie, medicin\u0103, farmacie. Nu \u00een ultimul r\u00e2nd, lucrarea poate fi util\u0103 specialit\u0103\u021bilor care activeaz\u0103 \u00een domeniul bio-medical \u0219i al \u0219tiin\u021belor vie\u021bii.<\/p>\n","protected":false},"featured_media":43564,"comment_status":"open","ping_status":"closed","template":"","meta":[],"product_brand":[],"product_cat":[1466,988],"product_tag":[2287,3952,2289],"class_list":{"0":"post-43563","1":"product","2":"type-product","3":"status-publish","4":"has-post-thumbnail","6":"product_cat-stiinte-ale-naturii","7":"product_cat-biologie","8":"product_tag-glucide","9":"product_tag-lipide","10":"product_tag-proteine","12":"first","13":"outofstock","14":"shipping-taxable","15":"purchasable","16":"product-type-simple"},"_links":{"self":[{"href":"https:\/\/editura-unibuc.ro\/en\/wp-json\/wp\/v2\/product\/43563","targetHints":{"allow":["GET"]}}],"collection":[{"href":"https:\/\/editura-unibuc.ro\/en\/wp-json\/wp\/v2\/product"}],"about":[{"href":"https:\/\/editura-unibuc.ro\/en\/wp-json\/wp\/v2\/types\/product"}],"replies":[{"embeddable":true,"href":"https:\/\/editura-unibuc.ro\/en\/wp-json\/wp\/v2\/comments?post=43563"}],"wp:featuredmedia":[{"embeddable":true,"href":"https:\/\/editura-unibuc.ro\/en\/wp-json\/wp\/v2\/media\/43564"}],"wp:attachment":[{"href":"https:\/\/editura-unibuc.ro\/en\/wp-json\/wp\/v2\/media?parent=43563"}],"wp:term":[{"taxonomy":"product_brand","embeddable":true,"href":"https:\/\/editura-unibuc.ro\/en\/wp-json\/wp\/v2\/product_brand?post=43563"},{"taxonomy":"product_cat","embeddable":true,"href":"https:\/\/editura-unibuc.ro\/en\/wp-json\/wp\/v2\/product_cat?post=43563"},{"taxonomy":"product_tag","embeddable":true,"href":"https:\/\/editura-unibuc.ro\/en\/wp-json\/wp\/v2\/product_tag?post=43563"}],"curies":[{"name":"wp","href":"https:\/\/api.w.org\/{rel}","templated":true}]}}