{"id":43566,"date":"2024-02-09T09:51:17","date_gmt":"2024-02-09T07:51:17","guid":{"rendered":"https:\/\/editura-unibuc.ro\/?post_type=product&#038;p=43566"},"modified":"2024-02-14T14:48:48","modified_gmt":"2024-02-14T12:48:48","slug":"biochimie-generala-acizi-nucleici-structura-si-organizare-vol-ii","status":"publish","type":"product","link":"https:\/\/editura-unibuc.ro\/en\/biochimie-generala-acizi-nucleici-structura-si-organizare-vol-ii\/","title":{"rendered":"BIOCHIMIE GENERAL\u0102: ACIZI NUCLEICI, STRUCTUR\u0102 \u0218I ORGANIZARE (vol. II)"},"content":{"rendered":"","protected":false},"excerpt":{"rendered":"<p>Cuno\u0219tin\u021bele \u00een acest domeniu al biochimiei s-au dezvoltat \u00een ultimii ani \u00eentr-o manier\u0103 exploziv\u0103. Dup\u0103 geniala descoperire a lui Watson \u0219i Crick, care au deschis calea dezvolt\u0103rii f\u0103r\u0103 precedent a biologiei, foarte mul\u021bi cercet\u0103tori au urmat aceast\u0103 direc\u021bie. \u00cen fiecare an un num\u0103r din ce \u00een ce mai mare de articole este publicat. Premiile Nobel ob\u021binute pentru cercet\u0103ri \u00een acest domeniu se succed&#8230; Direc\u021bii noi apar iar cele deja consacrate se dezvolt\u0103. Acest volum prezint\u0103 cuno\u0219tin\u021bele de baz\u0103 indispensabile unui student din primul ciclu universitar de la specializ\u0103rile biochimie, biologie, ecologie, biotehnologie, medicin\u0103 \u0219i farmacie, pentru \u00een\u021belegerea rolului acizilor nucleici \u00een transferul informa\u021biei genetice \u0219i \u00een func\u021bionarea celular\u0103.<\/p>\n","protected":false},"featured_media":43568,"comment_status":"open","ping_status":"closed","template":"","meta":[],"product_brand":[],"product_cat":[1466,988],"product_tag":[2291],"class_list":{"0":"post-43566","1":"product","2":"type-product","3":"status-publish","4":"has-post-thumbnail","6":"product_cat-stiinte-ale-naturii","7":"product_cat-biologie","8":"product_tag-acizi-nucleici","10":"first","11":"instock","12":"shipping-taxable","13":"purchasable","14":"product-type-simple"},"_links":{"self":[{"href":"https:\/\/editura-unibuc.ro\/en\/wp-json\/wp\/v2\/product\/43566","targetHints":{"allow":["GET"]}}],"collection":[{"href":"https:\/\/editura-unibuc.ro\/en\/wp-json\/wp\/v2\/product"}],"about":[{"href":"https:\/\/editura-unibuc.ro\/en\/wp-json\/wp\/v2\/types\/product"}],"replies":[{"embeddable":true,"href":"https:\/\/editura-unibuc.ro\/en\/wp-json\/wp\/v2\/comments?post=43566"}],"wp:featuredmedia":[{"embeddable":true,"href":"https:\/\/editura-unibuc.ro\/en\/wp-json\/wp\/v2\/media\/43568"}],"wp:attachment":[{"href":"https:\/\/editura-unibuc.ro\/en\/wp-json\/wp\/v2\/media?parent=43566"}],"wp:term":[{"taxonomy":"product_brand","embeddable":true,"href":"https:\/\/editura-unibuc.ro\/en\/wp-json\/wp\/v2\/product_brand?post=43566"},{"taxonomy":"product_cat","embeddable":true,"href":"https:\/\/editura-unibuc.ro\/en\/wp-json\/wp\/v2\/product_cat?post=43566"},{"taxonomy":"product_tag","embeddable":true,"href":"https:\/\/editura-unibuc.ro\/en\/wp-json\/wp\/v2\/product_tag?post=43566"}],"curies":[{"name":"wp","href":"https:\/\/api.w.org\/{rel}","templated":true}]}}