{"id":43569,"date":"2024-02-09T09:59:57","date_gmt":"2024-02-09T07:59:57","guid":{"rendered":"https:\/\/editura-unibuc.ro\/?post_type=product&#038;p=43569"},"modified":"2025-08-07T13:58:22","modified_gmt":"2025-08-07T10:58:22","slug":"biochimie-generala-vitamine-si-elemente-minerale-vol-iii","status":"publish","type":"product","link":"https:\/\/editura-unibuc.ro\/en\/biochimie-generala-vitamine-si-elemente-minerale-vol-iii\/","title":{"rendered":"BIOCHIMIE GENERAL\u0102: VITAMINE \u0218I ELEMENTE MINERALE (vol. III)"},"content":{"rendered":"","protected":false},"excerpt":{"rendered":"<p>Volumul III al seriei de Biochimie general\u0103 este o prezentare a structurii \u0219i func\u021biilor viaminelor lipo- \u0219i hidrosolubile \u0219i a elementelor minerale. Este structurat \u00een trei p\u0103r\u021bi: I) Vitamine liposolubile (A, D, E, F, K); II) Vitamine hidrosolubile (B1, B2, B3, B5, B6, B12, acid folic, biotin\u0103, vitamina C); III) Elemente minerale (calciu, potasiu, fosfor, magneziu, sodiu, clor, mangan, seleniu, zinc, fier, cupru, fluor, iod). Fiecare dintre acestea constituie o prezentare structurat\u0103 \u0219i clar\u0103 care trece \u00een revist\u0103: nomenclatura, structura chimic\u0103, r\u0103sp\u00e2ndirea, necesit\u0103\u021bile zilnice, metabolismul. Demne de luat \u00een seam\u0103 sunt corela\u021biile \u00eentre structur\u0103 \u0219i func\u021bie \u0219i prezentarea ampl\u0103 a st\u0103rilor de hipo \u0219i avitaminoz\u0103, tulbur\u0103ri de aport vitaminic \u0219i elemente minerale, antivitamine, interela\u021bii metabolice. Informa\u021biile prezentate constituie o baz\u0103 solid\u0103 pentru disciplinele de Enzimologie, Biochimia metabolismului intermediar, Biochimie palologic\u0103, Biologie molecular\u0103 normal\u0103 \u0219i patologic\u0103. Lucrarea are o larg\u0103 adresabilitate fiind util\u0103: i) studen\u021bilor de la sec\u021biile \u0219i specializ\u0103rile de biochimie de la facult\u0103\u021bile de biologie, chimie \u0219i inginerie biochimic\u0103, ecologie; ii) studen\u021bilor care urmeaz\u0103 cursuri de biochimie la facult\u0103\u021bile de medicin\u0103, farmacie, biotehnologie etc.; iii) nu \u00een ultimul r\u00e2nd, speciali\u0219tilor din domeniul biologiei, biochimiei, biotehnologiei etc.<\/p>\n","protected":false},"featured_media":43570,"comment_status":"open","ping_status":"closed","template":"","meta":[],"product_brand":[],"product_cat":[1466,988],"product_tag":[3954,3953],"class_list":{"0":"post-43569","1":"product","2":"type-product","3":"status-publish","4":"has-post-thumbnail","6":"product_cat-stiinte-ale-naturii","7":"product_cat-biologie","8":"product_tag-minerale","9":"product_tag-vitamina-e","11":"first","12":"outofstock","13":"shipping-taxable","14":"purchasable","15":"product-type-simple"},"_links":{"self":[{"href":"https:\/\/editura-unibuc.ro\/en\/wp-json\/wp\/v2\/product\/43569","targetHints":{"allow":["GET"]}}],"collection":[{"href":"https:\/\/editura-unibuc.ro\/en\/wp-json\/wp\/v2\/product"}],"about":[{"href":"https:\/\/editura-unibuc.ro\/en\/wp-json\/wp\/v2\/types\/product"}],"replies":[{"embeddable":true,"href":"https:\/\/editura-unibuc.ro\/en\/wp-json\/wp\/v2\/comments?post=43569"}],"wp:featuredmedia":[{"embeddable":true,"href":"https:\/\/editura-unibuc.ro\/en\/wp-json\/wp\/v2\/media\/43570"}],"wp:attachment":[{"href":"https:\/\/editura-unibuc.ro\/en\/wp-json\/wp\/v2\/media?parent=43569"}],"wp:term":[{"taxonomy":"product_brand","embeddable":true,"href":"https:\/\/editura-unibuc.ro\/en\/wp-json\/wp\/v2\/product_brand?post=43569"},{"taxonomy":"product_cat","embeddable":true,"href":"https:\/\/editura-unibuc.ro\/en\/wp-json\/wp\/v2\/product_cat?post=43569"},{"taxonomy":"product_tag","embeddable":true,"href":"https:\/\/editura-unibuc.ro\/en\/wp-json\/wp\/v2\/product_tag?post=43569"}],"curies":[{"name":"wp","href":"https:\/\/api.w.org\/{rel}","templated":true}]}}