{"id":4374,"date":"2012-12-04T13:07:32","date_gmt":"2012-12-04T10:07:32","guid":{"rendered":"https:\/\/editura-unibuc.ro\/?p=4374"},"modified":"2018-09-07T11:09:06","modified_gmt":"2018-09-07T08:09:06","slug":"introducere-in-geologia-zacamintelor-nemetalifere","status":"publish","type":"product","link":"https:\/\/editura-unibuc.ro\/en\/introducere-in-geologia-zacamintelor-nemetalifere\/","title":{"rendered":"INTRODUCTION TO METALOID ORES GEOLOGY"},"content":{"rendered":"<p>Conf. dr. Radu Jude este, mai \u00eent\u00e2i, un geolog cu o bogat\u0103 experien\u021b\u0103 \u00een activitatea de teren, at\u00e2t \u00een probleme practice, c\u00e2t \u0219i \u00een cele de cercetare \u0219tiin\u021bific\u0103. \u00cen al doilea r\u00e2nd, Radu Jude are o divers\u0103 \u0219i \u00eendelungat\u0103 activitate didactic\u0103 cu studen\u021bii din Facultatea de Geologie \u0219i Geofizic\u0103 a Universit\u0103\u021bii din Bucure\u0219ti, inclusiv \u00een domeniul z\u0103c\u0103mintelor de substan\u021be nemetalifere. Este autor \u0219i coautor de lucr\u0103ri \u0219tiin\u021bifice, publicate \u00een reviste de specialitate din \u021bar\u0103 sau \u00een reviste str\u0103ine. Geologia trebuie privit\u0103, \u00een primul r\u00e2nd, ca un act de cultur\u0103, o cultur\u0103 \u0219tiin\u021bific\u0103 ce ne ajut\u0103 s\u0103 cunoa\u0219tem p\u0103m\u00e2ntul pe care p\u0103\u0219im\u2026 \u00cen \u00een\u021belesul uzual \u00eens\u0103, Geologia are menirea de suport al economiei societ\u0103\u021bii; cu alte cuvinte, rolul de a pune \u00een eviden\u021b\u0103 noi resurse minerale.<\/p>\n<p>Cartea de fa\u021b\u0103 se \u00eenscrie, a\u0219adar, domeniului mai larg al Geologiei economice. Ea trateaz\u0103 mineralele industriale \u0219i rocile utilizate \u00een construc\u021bii \u0219i alte ramuri industriale, privite din punct de vedere geologic. Un mod de tratare original pentru literatura rom\u00e2n\u0103 cu aceast\u0103 tematic\u0103. \u00cencepe cu diamantul tehnic \u0219i sf\u00e2r\u0219e\u0219te cu migmatitele utilizate ca roci ornamentale. \u00cen fiecare caz, tratarea urmeaz\u0103 o succesiune logic\u0103 de aspecte: propriet\u0103\u021bi care motiveaz\u0103 domeniul de \u00eentrebuin\u021bare, tipuri de ocuren\u021be geologice \u0219i date recente asupra produc\u021biei mondiale. Nu sunt evitate nici problemele de evaluare a substan\u021belor nemetalice, \u00een stadiul observa\u021biei directe (\u00een afloriment) sau \u00een cel al investiga\u021biei de laborator. La discu\u021bia tipurilor de ocuren\u021be geologice se pune accent pe procesele genetice \u00een acord cu teoriile \u0219tiin\u021bifice din literatura de specialitate. Exemplele de z\u0103c\u0103minte sau de ocuren\u021be geologice din Rom\u00e2nia sau din str\u0103in\u0103tate sunt \u00eenso\u021bite de schi\u021be sau h\u0103r\u021bi geologice \u0219i\/sau de desene ori imagini de c\u00e2mpuri microscopice.<\/p>\n","protected":false},"excerpt":{"rendered":"<p>Conf. dr. Radu Jude este, mai \u00eent\u00e2i, un geolog cu o bogat\u0103 experien\u021b\u0103 \u00een activitatea de teren, at\u00e2t \u00een probleme practice, c\u00e2t \u0219i \u00een cele de cercetare \u0219tiin\u021bific\u0103. \u00cen al doilea r\u00e2nd, Radu Jude are o divers\u0103 \u0219i \u00eendelungat\u0103 activitate didactic\u0103 cu studen\u021bii din Facultatea de Geologie \u0219i Geofizic\u0103 a Universit\u0103\u021bii din Bucure\u0219ti, inclusiv \u00een [&hellip;]<\/p>\n","protected":false},"featured_media":9015,"comment_status":"open","ping_status":"closed","template":"","meta":[],"product_brand":[],"product_cat":[1466,990],"product_tag":[909],"class_list":{"0":"post-4374","1":"product","2":"type-product","3":"status-publish","4":"has-post-thumbnail","6":"product_cat-stiinte-ale-naturii","7":"product_cat-geologie","8":"product_tag-geologie","10":"first","11":"outofstock","12":"shipping-taxable","13":"purchasable","14":"product-type-simple"},"_links":{"self":[{"href":"https:\/\/editura-unibuc.ro\/en\/wp-json\/wp\/v2\/product\/4374","targetHints":{"allow":["GET"]}}],"collection":[{"href":"https:\/\/editura-unibuc.ro\/en\/wp-json\/wp\/v2\/product"}],"about":[{"href":"https:\/\/editura-unibuc.ro\/en\/wp-json\/wp\/v2\/types\/product"}],"replies":[{"embeddable":true,"href":"https:\/\/editura-unibuc.ro\/en\/wp-json\/wp\/v2\/comments?post=4374"}],"wp:featuredmedia":[{"embeddable":true,"href":"https:\/\/editura-unibuc.ro\/en\/wp-json\/wp\/v2\/media\/9015"}],"wp:attachment":[{"href":"https:\/\/editura-unibuc.ro\/en\/wp-json\/wp\/v2\/media?parent=4374"}],"wp:term":[{"taxonomy":"product_brand","embeddable":true,"href":"https:\/\/editura-unibuc.ro\/en\/wp-json\/wp\/v2\/product_brand?post=4374"},{"taxonomy":"product_cat","embeddable":true,"href":"https:\/\/editura-unibuc.ro\/en\/wp-json\/wp\/v2\/product_cat?post=4374"},{"taxonomy":"product_tag","embeddable":true,"href":"https:\/\/editura-unibuc.ro\/en\/wp-json\/wp\/v2\/product_tag?post=4374"}],"curies":[{"name":"wp","href":"https:\/\/api.w.org\/{rel}","templated":true}]}}