{"id":4382,"date":"2012-12-04T13:21:42","date_gmt":"2012-12-04T10:21:42","guid":{"rendered":"https:\/\/editura-unibuc.ro\/?p=4382"},"modified":"2018-09-07T11:06:43","modified_gmt":"2018-09-07T08:06:43","slug":"exploatarea-zacamintelor-de-minereuri-volumul-i-notiuni-fundamentale-exploatarea-minereurilor-in-subteran","status":"publish","type":"product","link":"https:\/\/editura-unibuc.ro\/en\/exploatarea-zacamintelor-de-minereuri-volumul-i-notiuni-fundamentale-exploatarea-minereurilor-in-subteran\/","title":{"rendered":"ORE DEPOSITS MINING. VOLUME I. BASIC CONCEPTS. UNDERGROUND ORE MINING"},"content":{"rendered":"<p>Mihai Marinescu este conferen\u021biar la Facultatea de Geologie \u0219i Geofizic\u0103, din cadrul Universit\u0103\u021bii din Bucure\u0219ti, unde a predat p\u00e2n\u0103 \u00een prezent urm\u0103toarele cursuri: Exploatare \u0219i economie geologic\u0103 minier\u0103, Explorarea \u0219i exploatarea z\u0103c\u0103mintelor, Mineralurgie, Forajul sondelor, Foraj \u0219i lucr\u0103ri miniere, Exploatarea z\u0103c\u0103mintelor de minereuri, Management \u0219i marketing \u00een geologie. La alte universit\u0103\u021bi a mai sus\u021binut cursurile Gestiunea resurselor minerale \u0219i Procedee de valorificare a z\u0103c\u0103mintelor de substan\u021be minerale solide.<\/p>\n<p>Activitatea de cercetare a desf\u0103\u0219urat-o \u00een domeniile exploat\u0103rilor miniere, resurselor minerale, prospec\u021biunii geologice, explor\u0103rii geologice, geofizicii, managementului \u0219i marketingului geologic, polu\u0103rii mediului \u00eenconjur\u0103tor, hidrogeologiei, geotehnicii. Ea s-a concretizat \u00een peste 85 de studii \u0219i proiecte.<\/p>\n<p>Referitor numai la <strong>domeniul exploat<\/strong><strong>\u0103<\/strong><strong>rii z<\/strong><strong>\u0103<\/strong><strong>c<\/strong><strong>\u0103<\/strong><strong>mintelor<\/strong>, cercetarea desf\u0103\u0219urat\u0103, finalizat\u0103 de obicei cu articole publicate, a \u00eembr\u0103cat urm\u0103toarele aspecte: posibilitatea atragerii \u00een circuitul economic a unor rezerve de minereu imobilizate \u00een pilierul Minei Centrale de la Moldova Nou\u0103 (1985); stabilirea tehnologiei de exploatare la z\u0103c\u0103m\u00e2ntul Suior (1985); posibilitatea exploat\u0103rii minereului prin metoda cu pr\u0103bu\u0219ire \u00een subetaje la mina Fagul Cet\u0103\u021bii Mici (1986) \u0219i de extindere a folosirii acestei metode la mina B\u0103lan (1987); sistematizarea lucr\u0103rilor de deschidere \u0219i preg\u0103tire la z\u0103c\u0103m\u00e2ntul Valea Vinului (Rodna, 1988); detectarea golurilor carstice care ar putea fi \u00eent\u00e2lnite \u00een lucr\u0103rile miniere de exploatare a bauxitei din Mun\u021bii P\u0103durea Craiului (1989); urm\u0103rirea regimului de presiune minier\u0103 \u0219i dimensionarea pilierilor de protec\u021bie (Rodna F\u0103get, 1989); stabilirea de noi perimetre \u00een vederea exploat\u0103rii c\u0103rbunelui prin microcariere \u00een zonele V. Budureasa-V. Cricovului S\u0103rat (Ceptura, 1995) \u0219i V. Provita-V. Cricovului (Filipe\u0219tii de P\u0103dure, 1995, 2000); metode \u0219i tehnologii de exploatare pe plan na\u021bional \u0219i mondial pentru z\u0103c\u0103mintele de c\u0103rbuni mici \u0219i mijlocii (1997); metode de exploatare la zi a lignitului utilizate pe plan mondial \u0219i \u00een \u021bar\u0103, \u00een condi\u021biile geologico-miniere ale bazinului Sf. Gheorghe (1998); exploatarea minereurilor de argint (2000), nichel (2001), cobalt (2002) \u0219i aur (2002, 2004) la nivel mondial; exploatarea bazaltului (2001) \u0219i a altor roci (2001) folosite \u00een industria agregatelor, precum \u0219i a granitului (2003), feldspatului (2004), dacitului (2004), travertinului (2005) \u0219i gipsului (2006) din Rom\u00e2nia.<\/p>\n<p>Este doctor \u00een geologie. Teza de doctorat, intitulat\u0103 <strong>Optimizarea explor<\/strong><strong>\u0103<\/strong><strong>rii <\/strong><strong>\u0219<\/strong><strong>i evalu<\/strong><strong>\u0103<\/strong><strong>rii z<\/strong><strong>\u0103<\/strong><strong>c<\/strong><strong>\u0103<\/strong><strong>mintelor de minereuri neferoase<\/strong>, a fost publicat\u0103 par\u021bial \u00een anul 1998, la Editura Universit\u0103\u021bi din Bucure\u0219ti. Este autorul a 10 c\u0103r\u021bi (una se afl\u0103 sub tipar), cursuri universitare, \u00eendrum\u0103toare de lucr\u0103ri practice, tratate \u0219i peste 65 de articole, publicate \u00een \u021bar\u0103 \u0219i str\u0103in\u0103tate.<\/p>\n<p>Pe plan interna\u021bional, este \u00eenscris \u00een International Association for Engineering Geology and the Environment (IAEG), face parte din Funda\u021bia Universitar\u0103 Interna\u021bional\u0103 \u0219i din The International Association for Conservation of Natural Resources and Energy (IACNRE), cu sediul la New York<em>.<\/em><\/p>\n","protected":false},"excerpt":{"rendered":"<p>Mihai Marinescu este conferen\u021biar la Facultatea de Geologie \u0219i Geofizic\u0103, din cadrul Universit\u0103\u021bii din Bucure\u0219ti, unde a predat p\u00e2n\u0103 \u00een prezent urm\u0103toarele cursuri: Exploatare \u0219i economie geologic\u0103 minier\u0103, Explorarea \u0219i exploatarea z\u0103c\u0103mintelor, Mineralurgie, Forajul sondelor, Foraj \u0219i lucr\u0103ri miniere, Exploatarea z\u0103c\u0103mintelor de minereuri, Management \u0219i marketing \u00een geologie. La alte universit\u0103\u021bi a mai sus\u021binut cursurile [&hellip;]<\/p>\n","protected":false},"featured_media":9010,"comment_status":"open","ping_status":"closed","template":"","meta":[],"product_brand":[],"product_cat":[1466,990],"product_tag":[909],"class_list":{"0":"post-4382","1":"product","2":"type-product","3":"status-publish","4":"has-post-thumbnail","6":"product_cat-stiinte-ale-naturii","7":"product_cat-geologie","8":"product_tag-geologie","10":"first","11":"outofstock","12":"shipping-taxable","13":"purchasable","14":"product-type-simple"},"_links":{"self":[{"href":"https:\/\/editura-unibuc.ro\/en\/wp-json\/wp\/v2\/product\/4382","targetHints":{"allow":["GET"]}}],"collection":[{"href":"https:\/\/editura-unibuc.ro\/en\/wp-json\/wp\/v2\/product"}],"about":[{"href":"https:\/\/editura-unibuc.ro\/en\/wp-json\/wp\/v2\/types\/product"}],"replies":[{"embeddable":true,"href":"https:\/\/editura-unibuc.ro\/en\/wp-json\/wp\/v2\/comments?post=4382"}],"wp:featuredmedia":[{"embeddable":true,"href":"https:\/\/editura-unibuc.ro\/en\/wp-json\/wp\/v2\/media\/9010"}],"wp:attachment":[{"href":"https:\/\/editura-unibuc.ro\/en\/wp-json\/wp\/v2\/media?parent=4382"}],"wp:term":[{"taxonomy":"product_brand","embeddable":true,"href":"https:\/\/editura-unibuc.ro\/en\/wp-json\/wp\/v2\/product_brand?post=4382"},{"taxonomy":"product_cat","embeddable":true,"href":"https:\/\/editura-unibuc.ro\/en\/wp-json\/wp\/v2\/product_cat?post=4382"},{"taxonomy":"product_tag","embeddable":true,"href":"https:\/\/editura-unibuc.ro\/en\/wp-json\/wp\/v2\/product_tag?post=4382"}],"curies":[{"name":"wp","href":"https:\/\/api.w.org\/{rel}","templated":true}]}}