{"id":4395,"date":"2012-12-05T11:06:36","date_gmt":"2012-12-05T08:06:36","guid":{"rendered":"https:\/\/editura-unibuc.ro\/?p=4395"},"modified":"2024-05-13T12:31:46","modified_gmt":"2024-05-13T09:31:46","slug":"interactions-moleculaires-applications-aux-medicaments","status":"publish","type":"product","link":"https:\/\/editura-unibuc.ro\/en\/interactions-moleculaires-applications-aux-medicaments\/","title":{"rendered":"MOLECULAR INTERACTIONS. APPLICATIONS WITH MEDICINES"},"content":{"rendered":"<p>Ce cours est une approche th\u00e9orique et exp\u00e9rimentale des plus fr\u00e9quentes interactions entre les \u00e9difices mol\u00e9culaires, extr\u00eamement importants pour les Sciences de la Vie, par l\u2019interm\u00e8de des m\u00e9thodes de la Chimie-Physique. Le cours est adress\u00e9 aux \u00e9tudiants du deuxi\u00e8me cycle (DEA) francophone de la Facult\u00e9 de Chimie de l\u2019Universit\u00e9 de Bucarest et aux sp\u00e9cialistes des domaines interdisciplinaires: biochimie, biologie, biophysique et pharmacologie.<\/p>\n","protected":false},"excerpt":{"rendered":"<p>Ce cours est une approche th\u00e9orique et exp\u00e9rimentale des plus fr\u00e9quentes interactions entre les \u00e9difices mol\u00e9culaires, extr\u00eamement importants pour les Sciences de la Vie, par l\u2019interm\u00e8de des m\u00e9thodes de la Chimie-Physique. Le cours est adress\u00e9 aux \u00e9tudiants du deuxi\u00e8me cycle (DEA) francophone de la Facult\u00e9 de Chimie de l\u2019Universit\u00e9 de Bucarest et aux sp\u00e9cialistes des [&hellip;]<\/p>\n","protected":false},"featured_media":9006,"comment_status":"open","ping_status":"closed","template":"","meta":[],"product_brand":[],"product_cat":[982,983],"product_tag":[907],"class_list":{"0":"post-4395","1":"product","2":"type-product","3":"status-publish","4":"has-post-thumbnail","6":"product_cat-stiinte-exacte","7":"product_cat-chimie","8":"product_tag-chimie","10":"first","11":"outofstock","12":"shipping-taxable","13":"purchasable","14":"product-type-simple"},"_links":{"self":[{"href":"https:\/\/editura-unibuc.ro\/en\/wp-json\/wp\/v2\/product\/4395","targetHints":{"allow":["GET"]}}],"collection":[{"href":"https:\/\/editura-unibuc.ro\/en\/wp-json\/wp\/v2\/product"}],"about":[{"href":"https:\/\/editura-unibuc.ro\/en\/wp-json\/wp\/v2\/types\/product"}],"replies":[{"embeddable":true,"href":"https:\/\/editura-unibuc.ro\/en\/wp-json\/wp\/v2\/comments?post=4395"}],"wp:featuredmedia":[{"embeddable":true,"href":"https:\/\/editura-unibuc.ro\/en\/wp-json\/wp\/v2\/media\/9006"}],"wp:attachment":[{"href":"https:\/\/editura-unibuc.ro\/en\/wp-json\/wp\/v2\/media?parent=4395"}],"wp:term":[{"taxonomy":"product_brand","embeddable":true,"href":"https:\/\/editura-unibuc.ro\/en\/wp-json\/wp\/v2\/product_brand?post=4395"},{"taxonomy":"product_cat","embeddable":true,"href":"https:\/\/editura-unibuc.ro\/en\/wp-json\/wp\/v2\/product_cat?post=4395"},{"taxonomy":"product_tag","embeddable":true,"href":"https:\/\/editura-unibuc.ro\/en\/wp-json\/wp\/v2\/product_tag?post=4395"}],"curies":[{"name":"wp","href":"https:\/\/api.w.org\/{rel}","templated":true}]}}