{"id":44458,"date":"2024-03-13T09:21:12","date_gmt":"2024-03-13T07:21:12","guid":{"rendered":"https:\/\/editura-unibuc.ro\/?post_type=product&#038;p=44458"},"modified":"2025-09-17T11:28:40","modified_gmt":"2025-09-17T08:28:40","slug":"convergencias-y-divergencias-en-el-espacio-iberoamericanoestudios-linguisticos-y-didacticosconvergencias-e-divergencias-no-espaco-ibero-americanoestudos-linguisticos-e-didaticos","status":"publish","type":"product","link":"https:\/\/editura-unibuc.ro\/en\/convergencias-y-divergencias-en-el-espacio-iberoamericanoestudios-linguisticos-y-didacticosconvergencias-e-divergencias-no-espaco-ibero-americanoestudos-linguisticos-e-didaticos\/","title":{"rendered":"CONVERGENCIAS Y DIVERGENCIAS EN EL ESPACIO IBEROAMERICANO<br\/>ESTUDIOS LING\u00dc\u00cdSTICOS Y DID\u00c1CTICOS<br\/>CONVERG\u00caNCIAS E DIVERG\u00caNCIAS NO ESPA\u00c7O IBERO-AMERICANO<br\/>ESTUDOS LINGU\u00cdSTICOS E DID\u00c1TICOS"},"content":{"rendered":"","protected":false},"excerpt":{"rendered":"<hr \/>\n<p><strong><a href=\"https:\/\/books.google.ro\/books\/about?id=wr_6EAAAQBAJ&#038;redir_esc=y\" target=\"_blank\" rel=\"noopener\"><img decoding=\"async\" src=\"https:\/\/editura-unibuc.ro\/wp-content\/uploads\/2025\/04\/goo.png\" \/>Google Books<\/a><\/strong><br \/>&nbsp;<\/p>\n<hr \/>\n<p>As a result of the ASIR 2021 International Colloquium with the theme CONVERGENCES AND DIVERGENCES IN THE IBERO-AMERICAN SPACE * CONVERGENCES AND DIVERGENCES IN THE IBERO-AMERICAN SPACE, the present volume entitled CONVERGENCES AND DIVERGENCES IN THE IBERO-AMERICAN SPACE. LINGUISTIC AND DIDACTICAL STUDIES * CONVERGENCES AND DIVERGENCES IN THE IBERO-AMERICAN SPACE. LINGUISTIC AND DIDACTICAL STUDIES is attached to the other volume with the title CONVERGENCES AND DIVERGENCES IN THE IBERO-AMERICAN SPACE. LITERARY, CULTURAL AND TRANSLATION STUDIES * CONVERGENCES AND DIVERGENCES IN THE IBERO-AMERICAN SPACE. LITERARY, CULTURAL AND TRANSLATION STUDIES, to record the contributions presented at the aforementioned colloquium. The theme of the colloquium points out that scientific development has allowed over time the adhesion to valid and legitimate knowledge, as well as the confrontation between tradition and innovation, norm and variation or identity and otherness. This play of binomials has always been a conditio sine qua non of the linguistic and didactic research to which this book is dedicated.<\/p>\n","protected":false},"featured_media":44460,"comment_status":"open","ping_status":"closed","template":"","meta":[],"product_brand":[],"product_cat":[3823,1464,980],"product_tag":[3038,3963],"class_list":{"0":"post-44458","1":"product","2":"type-product","3":"status-publish","4":"has-post-thumbnail","6":"product_cat-stiinte-umane","7":"product_cat-filologie","8":"product_cat-limbi-romanice-clasice-si-orientale","9":"product_tag-lingvistica-romanica","10":"product_tag-spatiu-ibero-american","12":"first","13":"instock","14":"downloadable","15":"shipping-taxable","16":"product-type-simple"},"_links":{"self":[{"href":"https:\/\/editura-unibuc.ro\/en\/wp-json\/wp\/v2\/product\/44458","targetHints":{"allow":["GET"]}}],"collection":[{"href":"https:\/\/editura-unibuc.ro\/en\/wp-json\/wp\/v2\/product"}],"about":[{"href":"https:\/\/editura-unibuc.ro\/en\/wp-json\/wp\/v2\/types\/product"}],"replies":[{"embeddable":true,"href":"https:\/\/editura-unibuc.ro\/en\/wp-json\/wp\/v2\/comments?post=44458"}],"wp:featuredmedia":[{"embeddable":true,"href":"https:\/\/editura-unibuc.ro\/en\/wp-json\/wp\/v2\/media\/44460"}],"wp:attachment":[{"href":"https:\/\/editura-unibuc.ro\/en\/wp-json\/wp\/v2\/media?parent=44458"}],"wp:term":[{"taxonomy":"product_brand","embeddable":true,"href":"https:\/\/editura-unibuc.ro\/en\/wp-json\/wp\/v2\/product_brand?post=44458"},{"taxonomy":"product_cat","embeddable":true,"href":"https:\/\/editura-unibuc.ro\/en\/wp-json\/wp\/v2\/product_cat?post=44458"},{"taxonomy":"product_tag","embeddable":true,"href":"https:\/\/editura-unibuc.ro\/en\/wp-json\/wp\/v2\/product_tag?post=44458"}],"curies":[{"name":"wp","href":"https:\/\/api.w.org\/{rel}","templated":true}]}}