{"id":44461,"date":"2024-03-13T09:47:28","date_gmt":"2024-03-13T07:47:28","guid":{"rendered":"https:\/\/editura-unibuc.ro\/?post_type=product&#038;p=44461"},"modified":"2025-09-17T11:27:48","modified_gmt":"2025-09-17T08:27:48","slug":"convergencias-y-divergencias-en-el-espacio-iberoamericanoestudios-literarios-culturales-y-traductologicosconvergencias-e-divergencias-no-espaco-ibero-americano-estudos-literariosculturais-e-tradutol","status":"publish","type":"product","link":"https:\/\/editura-unibuc.ro\/en\/convergencias-y-divergencias-en-el-espacio-iberoamericanoestudios-literarios-culturales-y-traductologicosconvergencias-e-divergencias-no-espaco-ibero-americano-estudos-literariosculturais-e-tradutol\/","title":{"rendered":"CONVERGENCIAS Y DIVERGENCIAS EN EL ESPACIO IBEROAMERICANO<br\/>ESTUDIOS LITERARIOS, CULTURALES Y TRADUCTOLOGICOS<br\/>CONVERG\u00caNCIAS E DIVERG\u00caNCIAS NO ESPA\u00c7O IBERO-AMERICANO. ESTUDOS LITER\u00c1RIOS<br\/>CULTURAIS E TRADUTOL\u00d3GICOS"},"content":{"rendered":"","protected":false},"excerpt":{"rendered":"<hr \/>\n<p><strong><a href=\"https:\/\/books.google.ro\/books\/about?id=asD6EAAAQBAJ&#038;redir_esc=y\" target=\"_blank\" rel=\"noopener\"><img decoding=\"async\" src=\"https:\/\/editura-unibuc.ro\/wp-content\/uploads\/2025\/04\/goo.png\" \/>Google Books<\/a><\/strong><br \/>&nbsp;<\/p>\n<hr \/>\n<p>The volume CONVERGENCES AND DIVERGENCES IN THE IBERO-AMERICAN SPACE. LITERARY, CULTURAL AND TRANSLATION STUDIES * CONVERG\u00caNCIAS AND DIVERG\u00caNCIAS IN IBERO-AMERICAN SPACE. LITERARY, CULTURAL AND TRANSLATION STUDIES along with CONVERGENCIES AND DIVERGENCES IN THE IBERO-AMERICAN SPACE. LINGUISTIC AND DIDACTIC STUDIES * CONVERG\u00caNCIAS AND DIVERG\u00caNCIAS IN IBERO-AMERICAN SPACE. ESTUDOS LINGU\u00cdSTICOS E DID\u00c1TICOS contains the results of the ASIR 2021 International Colloquium on the theme CONVERGENCES AND DIVERGENCES IN THE IBERO-AMERICAN SPACE * CONVERGENCES AND DIVERGENCES IN THE IBERO-AMERICAN SPACE. The colloquium aims to bring together contributions related to the fragility of the paradigm of any dominant culture, which has always been refuted or continued over time, giving rise to convergences and divergences in each discipline. Particularly in the fields of literary and translation studies, the existence and consolidation of the canon has almost always involved ruptures and discontinuities with it, as well as points of view that have led to its acceptance.<\/p>\n","protected":false},"featured_media":44468,"comment_status":"open","ping_status":"closed","template":"","meta":[],"product_brand":[],"product_cat":[3823,1464,980],"product_tag":[3963,3116],"class_list":{"0":"post-44461","1":"product","2":"type-product","3":"status-publish","4":"has-post-thumbnail","6":"product_cat-stiinte-umane","7":"product_cat-filologie","8":"product_cat-limbi-romanice-clasice-si-orientale","9":"product_tag-spatiu-ibero-american","10":"product_tag-studii-literare-si-culturale","12":"first","13":"instock","14":"downloadable","15":"shipping-taxable","16":"product-type-simple"},"_links":{"self":[{"href":"https:\/\/editura-unibuc.ro\/en\/wp-json\/wp\/v2\/product\/44461","targetHints":{"allow":["GET"]}}],"collection":[{"href":"https:\/\/editura-unibuc.ro\/en\/wp-json\/wp\/v2\/product"}],"about":[{"href":"https:\/\/editura-unibuc.ro\/en\/wp-json\/wp\/v2\/types\/product"}],"replies":[{"embeddable":true,"href":"https:\/\/editura-unibuc.ro\/en\/wp-json\/wp\/v2\/comments?post=44461"}],"wp:featuredmedia":[{"embeddable":true,"href":"https:\/\/editura-unibuc.ro\/en\/wp-json\/wp\/v2\/media\/44468"}],"wp:attachment":[{"href":"https:\/\/editura-unibuc.ro\/en\/wp-json\/wp\/v2\/media?parent=44461"}],"wp:term":[{"taxonomy":"product_brand","embeddable":true,"href":"https:\/\/editura-unibuc.ro\/en\/wp-json\/wp\/v2\/product_brand?post=44461"},{"taxonomy":"product_cat","embeddable":true,"href":"https:\/\/editura-unibuc.ro\/en\/wp-json\/wp\/v2\/product_cat?post=44461"},{"taxonomy":"product_tag","embeddable":true,"href":"https:\/\/editura-unibuc.ro\/en\/wp-json\/wp\/v2\/product_tag?post=44461"}],"curies":[{"name":"wp","href":"https:\/\/api.w.org\/{rel}","templated":true}]}}