{"id":4457,"date":"2012-12-05T13:44:16","date_gmt":"2012-12-05T10:44:16","guid":{"rendered":"https:\/\/editura-unibuc.ro\/?p=4457"},"modified":"2025-08-06T14:31:08","modified_gmt":"2025-08-06T11:31:08","slug":"limba-romana-structura-si-functionare","status":"publish","type":"product","link":"https:\/\/editura-unibuc.ro\/en\/limba-romana-structura-si-functionare\/","title":{"rendered":"ROMANIAN LANGUAGE: STRUCTURE AND ACTION"},"content":{"rendered":"<p>Studiile din acest volum (Actele celui de al 4-lea Colocviu al Catedrei de Limba Rom\u00e2n\u0103 (25-26 noiembrie 2004)) scot \u00een eviden\u021b\u0103 eterogenitatea termenilor func\u021bie \u0219i func\u021bionare, cuprinz\u00e2nd \u00eentreaga diversitate a accep\u021biilor: de la func\u021bionarea sistemic\u0103 a limbii la func\u021bionarea ei individual\u0103, \u00een diverse situa\u021bii de comunicare \u0219i cu diverse inten\u021bii de comunicare; de la func\u021bionarea morfosintactic\u0103 la cea semantic\u0103 \u0219i discursiv\u0103; de la func\u021bionarea \u00een diacronie la func\u021bionarea \u00een sincronie, ea \u00eens\u0103\u0219i puternic diversificat\u0103. Ideea central\u0103 a volumului prive\u0219te ierarhizarea factorilor care determin\u0103 varia\u021bia lingvistic\u0103 \u00een func\u021bionarea limbii rom\u00e2ne.<\/p>\n<p>Numeroase studii sunt cercet\u0103ri remarcabile \u00een domeniu, atr\u0103g\u00e2nd aten\u021bia prin noutatea \u0219i modernitatea interpret\u0103rilor \u0219i a solu\u021biilor, ca \u0219i prin acurate\u021bea analizelor.<\/p>\n","protected":false},"excerpt":{"rendered":"<p>Studiile din acest volum (Actele celui de al 4-lea Colocviu al Catedrei de Limba Rom\u00e2n\u0103 (25-26 noiembrie 2004)) scot \u00een eviden\u021b\u0103 eterogenitatea termenilor func\u021bie \u0219i func\u021bionare, cuprinz\u00e2nd \u00eentreaga diversitate a accep\u021biilor: de la func\u021bionarea sistemic\u0103 a limbii la func\u021bionarea ei individual\u0103, \u00een diverse situa\u021bii de comunicare \u0219i cu diverse inten\u021bii de comunicare; de la func\u021bionarea [&hellip;]<\/p>\n","protected":false},"featured_media":9002,"comment_status":"open","ping_status":"closed","template":"","meta":[],"product_brand":[],"product_cat":[1464,979],"product_tag":[895,925],"class_list":{"0":"post-4457","1":"product","2":"type-product","3":"status-publish","4":"has-post-thumbnail","6":"product_cat-filologie","7":"product_cat-limba-romana","8":"product_tag-lingvistica","9":"product_tag-romana","11":"first","12":"outofstock","13":"shipping-taxable","14":"purchasable","15":"product-type-simple"},"_links":{"self":[{"href":"https:\/\/editura-unibuc.ro\/en\/wp-json\/wp\/v2\/product\/4457","targetHints":{"allow":["GET"]}}],"collection":[{"href":"https:\/\/editura-unibuc.ro\/en\/wp-json\/wp\/v2\/product"}],"about":[{"href":"https:\/\/editura-unibuc.ro\/en\/wp-json\/wp\/v2\/types\/product"}],"replies":[{"embeddable":true,"href":"https:\/\/editura-unibuc.ro\/en\/wp-json\/wp\/v2\/comments?post=4457"}],"wp:featuredmedia":[{"embeddable":true,"href":"https:\/\/editura-unibuc.ro\/en\/wp-json\/wp\/v2\/media\/9002"}],"wp:attachment":[{"href":"https:\/\/editura-unibuc.ro\/en\/wp-json\/wp\/v2\/media?parent=4457"}],"wp:term":[{"taxonomy":"product_brand","embeddable":true,"href":"https:\/\/editura-unibuc.ro\/en\/wp-json\/wp\/v2\/product_brand?post=4457"},{"taxonomy":"product_cat","embeddable":true,"href":"https:\/\/editura-unibuc.ro\/en\/wp-json\/wp\/v2\/product_cat?post=4457"},{"taxonomy":"product_tag","embeddable":true,"href":"https:\/\/editura-unibuc.ro\/en\/wp-json\/wp\/v2\/product_tag?post=4457"}],"curies":[{"name":"wp","href":"https:\/\/api.w.org\/{rel}","templated":true}]}}