{"id":4470,"date":"2012-12-06T11:00:20","date_gmt":"2012-12-06T08:00:20","guid":{"rendered":"https:\/\/editura-unibuc.ro\/?p=4470"},"modified":"2017-06-19T12:06:37","modified_gmt":"2017-06-19T09:06:37","slug":"metode-de-preparare-si-caracterizare-a-catalizatorilor","status":"publish","type":"product","link":"https:\/\/editura-unibuc.ro\/en\/metode-de-preparare-si-caracterizare-a-catalizatorilor\/","title":{"rendered":"CATALYSTS&#8217; PREPARATION AND CHARACTERIZATION METHODS"},"content":{"rendered":"<p>\u201eMaterialul este bine structurat, prezentarea este clar\u0103, sintetic\u0103 \u0219i riguros \u0219tiin\u021bific\u0103. Apreciez c\u0103 lucrarea, \u00een ansamblu, are calit\u0103\u021bi didactice incontestabile, fiind un manual util studen\u021bilor din anii terminali care \u00ee\u0219i elaboreaz\u0103 lucrarea de licen\u021b\u0103 \u00een domeniul catalizei \u0219i studen\u021bilor de la ciclul de master care aprofundeaz\u0103 domeniul Catalizatorilor \u0219i Proceselor Catalitice\u201d. (Prof. Dr. Emilian Angelescu)<\/p>\n<p>\u201eLucrarea este o \u00eenalt\u0103 \u021binut\u0103 \u0219tiin\u021bific\u0103 constituind, pentru cei interesa\u021bi, un material informativ util privind at\u00e2t aspecte fundamentale c\u00e2t \u0219i aplicative din domeniul prepar\u0103rii \u0219i caracteriz\u0103rii materialelor catalitice\u2026 Este redactat\u0103 clar \u0219i concis, materialul fiind ilustrat cu diagrame relevante pentru \u00een\u021belegerea con\u021binutului\u201d. (Prof. Dr. Grigore Bozga)<\/p>\n","protected":false},"excerpt":{"rendered":"<p>\u201eMaterialul este bine structurat, prezentarea este clar\u0103, sintetic\u0103 \u0219i riguros \u0219tiin\u021bific\u0103. Apreciez c\u0103 lucrarea, \u00een ansamblu, are calit\u0103\u021bi didactice incontestabile, fiind un manual util studen\u021bilor din anii terminali care \u00ee\u0219i elaboreaz\u0103 lucrarea de licen\u021b\u0103 \u00een domeniul catalizei \u0219i studen\u021bilor de la ciclul de master care aprofundeaz\u0103 domeniul Catalizatorilor \u0219i Proceselor Catalitice\u201d. (Prof. Dr. Emilian Angelescu) [&hellip;]<\/p>\n","protected":false},"featured_media":9000,"comment_status":"open","ping_status":"closed","template":"","meta":[],"product_brand":[],"product_cat":[982,983],"product_tag":[907],"class_list":{"0":"post-4470","1":"product","2":"type-product","3":"status-publish","4":"has-post-thumbnail","6":"product_cat-stiinte-exacte","7":"product_cat-chimie","8":"product_tag-chimie","10":"first","11":"outofstock","12":"shipping-taxable","13":"purchasable","14":"product-type-simple"},"_links":{"self":[{"href":"https:\/\/editura-unibuc.ro\/en\/wp-json\/wp\/v2\/product\/4470","targetHints":{"allow":["GET"]}}],"collection":[{"href":"https:\/\/editura-unibuc.ro\/en\/wp-json\/wp\/v2\/product"}],"about":[{"href":"https:\/\/editura-unibuc.ro\/en\/wp-json\/wp\/v2\/types\/product"}],"replies":[{"embeddable":true,"href":"https:\/\/editura-unibuc.ro\/en\/wp-json\/wp\/v2\/comments?post=4470"}],"wp:featuredmedia":[{"embeddable":true,"href":"https:\/\/editura-unibuc.ro\/en\/wp-json\/wp\/v2\/media\/9000"}],"wp:attachment":[{"href":"https:\/\/editura-unibuc.ro\/en\/wp-json\/wp\/v2\/media?parent=4470"}],"wp:term":[{"taxonomy":"product_brand","embeddable":true,"href":"https:\/\/editura-unibuc.ro\/en\/wp-json\/wp\/v2\/product_brand?post=4470"},{"taxonomy":"product_cat","embeddable":true,"href":"https:\/\/editura-unibuc.ro\/en\/wp-json\/wp\/v2\/product_cat?post=4470"},{"taxonomy":"product_tag","embeddable":true,"href":"https:\/\/editura-unibuc.ro\/en\/wp-json\/wp\/v2\/product_tag?post=4470"}],"curies":[{"name":"wp","href":"https:\/\/api.w.org\/{rel}","templated":true}]}}